{"id":115,"date":"2023-10-09T23:39:30","date_gmt":"2023-10-09T21:39:30","guid":{"rendered":"https:\/\/dev1.websketches.net\/ethiopia\/?page_id=115"},"modified":"2023-10-10T13:16:39","modified_gmt":"2023-10-10T11:16:39","slug":"ueber-uns","status":"publish","type":"page","link":"https:\/\/www.brueckezuisrael.org\/ethiopia\/ueber-uns\/","title":{"rendered":"\u00dcber die &#171;Br\u00fccke der Hoffnung&#187;"},"content":{"rendered":"\t\t<div data-elementor-type=\"wp-page\" data-elementor-id=\"115\" class=\"elementor elementor-115\" data-elementor-post-type=\"page\">\n\t\t\t\t\t\t<section class=\"elementor-section elementor-top-section elementor-element elementor-element-1412226 elementor-section-boxed elementor-section-height-default elementor-section-height-default\" data-id=\"1412226\" data-element_type=\"section\" data-e-type=\"section\" data-settings=\"{&quot;background_background&quot;:&quot;classic&quot;}\">\n\t\t\t\t\t\t<div class=\"elementor-container elementor-column-gap-default\">\n\t\t\t\t\t<div class=\"elementor-column elementor-col-100 elementor-top-column elementor-element elementor-element-66396a2\" data-id=\"66396a2\" data-element_type=\"column\" data-e-type=\"column\">\n\t\t\t<div class=\"elementor-widget-wrap elementor-element-populated\">\n\t\t\t\t\t\t<div class=\"elementor-element elementor-element-db031d5 elementor-widget elementor-widget-heading\" data-id=\"db031d5\" data-element_type=\"widget\" data-e-type=\"widget\" data-widget_type=\"heading.default\">\n\t\t\t\t<div class=\"elementor-widget-container\">\n\t\t\t\t\t<h2 class=\"elementor-heading-title elementor-size-default\"><a href=\"https:\/\/www.brueckezuisrael.org\/ethiopia\/ueber-uns\/entstehung\/\">Entstehung<\/a><\/h2>\t\t\t\t<\/div>\n\t\t\t\t<\/div>\n\t\t\t\t<div class=\"elementor-element elementor-element-211ba1c elementor-widget elementor-widget-text-editor\" data-id=\"211ba1c\" data-element_type=\"widget\" data-e-type=\"widget\" data-widget_type=\"text-editor.default\">\n\t\t\t\t<div class=\"elementor-widget-container\">\n\t\t\t\t\t\t\t\t\t<p>Die &#171;Br\u00fccke der Hoffnung&#187; ist aus der Arbeit von Magdalena&nbsp;(\u2020) und Timotheus&nbsp;(\u2020) Augstburger im Rahmen des Hilfswerks &#171;Br\u00fccke zu Israel&#187; entstanden und hie\u00df zun\u00e4chst &#171;Br\u00fccke zu Israel in \u00c4thiopien&#187; &#8230;<\/p>\t\t\t\t\t\t\t\t<\/div>\n\t\t\t\t<\/div>\n\t\t\t\t<div class=\"elementor-element elementor-element-0554688 elementor-invisible elementor-widget elementor-widget-text-editor\" data-id=\"0554688\" data-element_type=\"widget\" data-e-type=\"widget\" data-settings=\"{&quot;_animation&quot;:&quot;fadeIn&quot;,&quot;_animation_delay&quot;:1000}\" data-widget_type=\"text-editor.default\">\n\t\t\t\t<div class=\"elementor-widget-container\">\n\t\t\t\t\t\t\t\t\t<p><a href=\"https:\/\/www.brueckezuisrael.org\/ethiopia\/ueber-uns\/entstehung\/\">&#8230; weiterlesen<\/a><\/p>\t\t\t\t\t\t\t\t<\/div>\n\t\t\t\t<\/div>\n\t\t\t\t\t<\/div>\n\t\t<\/div>\n\t\t\t\t\t<\/div>\n\t\t<\/section>\n\t\t\t\t<section class=\"elementor-section elementor-top-section elementor-element elementor-element-f357474 elementor-section-boxed elementor-section-height-default elementor-section-height-default\" data-id=\"f357474\" data-element_type=\"section\" data-e-type=\"section\">\n\t\t\t\t\t\t<div class=\"elementor-container elementor-column-gap-default\">\n\t\t\t\t\t<div class=\"elementor-column elementor-col-100 elementor-top-column elementor-element elementor-element-d8d7483\" data-id=\"d8d7483\" data-element_type=\"column\" data-e-type=\"column\">\n\t\t\t<div class=\"elementor-widget-wrap elementor-element-populated\">\n\t\t\t\t\t\t<div class=\"elementor-element elementor-element-6cd8148 elementor-widget elementor-widget-heading\" data-id=\"6cd8148\" data-element_type=\"widget\" data-e-type=\"widget\" data-widget_type=\"heading.default\">\n\t\t\t\t<div class=\"elementor-widget-container\">\n\t\t\t\t\t<h2 class=\"elementor-heading-title elementor-size-default\"><a href=\"https:\/\/www.brueckezuisrael.org\/ethiopia\/ueber-uns\/organisation\/\">Organisation<\/a><\/h2>\t\t\t\t<\/div>\n\t\t\t\t<\/div>\n\t\t\t\t<div class=\"elementor-element elementor-element-fd626a9 elementor-widget elementor-widget-text-editor\" data-id=\"fd626a9\" data-element_type=\"widget\" data-e-type=\"widget\" data-widget_type=\"text-editor.default\">\n\t\t\t\t<div class=\"elementor-widget-container\">\n\t\t\t\t\t\t\t\t\t<p>Die Organisation &#171;Br\u00fccke der Hoffnung&#187; wird von einem nationalen Leiter und einer kleinen Administration in Addis Abeba koordiniert. Zus\u00e4tzlich gibt es ein B\u00fcro in der Schweiz, um die Sammlung und den Transfer von Spenden zu erleichtern &#8230;<\/p>\t\t\t\t\t\t\t\t<\/div>\n\t\t\t\t<\/div>\n\t\t\t\t<div class=\"elementor-element elementor-element-98eb661 elementor-invisible elementor-widget elementor-widget-text-editor\" data-id=\"98eb661\" data-element_type=\"widget\" data-e-type=\"widget\" data-settings=\"{&quot;_animation&quot;:&quot;fadeIn&quot;,&quot;_animation_delay&quot;:1000}\" data-widget_type=\"text-editor.default\">\n\t\t\t\t<div class=\"elementor-widget-container\">\n\t\t\t\t\t\t\t\t\t<p><a href=\"https:\/\/www.brueckezuisrael.org\/ethiopia\/ueber-uns\/organisation\/\">&#8230; weiterlesen<\/a><\/p>\t\t\t\t\t\t\t\t<\/div>\n\t\t\t\t<\/div>\n\t\t\t\t\t<\/div>\n\t\t<\/div>\n\t\t\t\t\t<\/div>\n\t\t<\/section>\n\t\t\t\t<section class=\"elementor-section elementor-top-section elementor-element elementor-element-2a18334 elementor-section-boxed elementor-section-height-default elementor-section-height-default\" data-id=\"2a18334\" data-element_type=\"section\" data-e-type=\"section\">\n\t\t\t\t\t\t<div class=\"elementor-container elementor-column-gap-default\">\n\t\t\t\t\t<div class=\"elementor-column elementor-col-100 elementor-top-column elementor-element elementor-element-d95ec67\" data-id=\"d95ec67\" data-element_type=\"column\" data-e-type=\"column\">\n\t\t\t<div class=\"elementor-widget-wrap elementor-element-populated\">\n\t\t\t\t\t\t<div class=\"elementor-element elementor-element-fa9aa41 elementor-widget elementor-widget-heading\" data-id=\"fa9aa41\" data-element_type=\"widget\" data-e-type=\"widget\" data-widget_type=\"heading.default\">\n\t\t\t\t<div class=\"elementor-widget-container\">\n\t\t\t\t\t<h2 class=\"elementor-heading-title elementor-size-default\"><a href=\"https:\/\/www.brueckezuisrael.org\/ethiopia\/ueber-uns\/vision-und-ziele\/\">Vision und Ziele<\/a><\/h2>\t\t\t\t<\/div>\n\t\t\t\t<\/div>\n\t\t\t\t<div class=\"elementor-element elementor-element-9da0457 elementor-widget elementor-widget-text-editor\" data-id=\"9da0457\" data-element_type=\"widget\" data-e-type=\"widget\" data-widget_type=\"text-editor.default\">\n\t\t\t\t<div class=\"elementor-widget-container\">\n\t\t\t\t\t\t\t\t\t<p>Wir m\u00f6chten unserer Verantwortung im Kampf gegen Armut, HIV\/AIDS und Analphabetismus nachkommen, mit dem besonderen Augenmerk auf Kindern, welche die verletzlichsten Mitglieder der Gesellschaft darstellen &#8230;<\/p>\t\t\t\t\t\t\t\t<\/div>\n\t\t\t\t<\/div>\n\t\t\t\t<div class=\"elementor-element elementor-element-cae6715 elementor-invisible elementor-widget elementor-widget-text-editor\" data-id=\"cae6715\" data-element_type=\"widget\" data-e-type=\"widget\" data-settings=\"{&quot;_animation&quot;:&quot;fadeIn&quot;,&quot;_animation_delay&quot;:1000}\" data-widget_type=\"text-editor.default\">\n\t\t\t\t<div class=\"elementor-widget-container\">\n\t\t\t\t\t\t\t\t\t<p><a href=\"https:\/\/www.brueckezuisrael.org\/ethiopia\/ueber-uns\/vision-und-ziele\/\">&#8230; weiterlesen<\/a><\/p>\t\t\t\t\t\t\t\t<\/div>\n\t\t\t\t<\/div>\n\t\t\t\t\t<\/div>\n\t\t<\/div>\n\t\t\t\t\t<\/div>\n\t\t<\/section>\n\t\t\t\t<\/div>\n\t\t","protected":false},"excerpt":{"rendered":"<p>Entstehung Die &#171;Br\u00fccke der Hoffnung&#187; ist aus der Arbeit von Magdalena&nbsp;(\u2020) und Timotheus&nbsp;(\u2020) Augstburger im Rahmen des Hilfswerks &#171;Br\u00fccke zu Israel&#187; entstanden und hie\u00df zun\u00e4chst &#171;Br\u00fccke zu Israel in \u00c4thiopien&#187; &#8230; &#8230; weiterlesen Organisation Die Organisation &#171;Br\u00fccke der Hoffnung&#187; wird von einem nationalen Leiter und einer kleinen Administration in Addis Abeba koordiniert. Zus\u00e4tzlich gibt es [&hellip;]<\/p>\n","protected":false},"author":1,"featured_media":0,"parent":0,"menu_order":0,"comment_status":"closed","ping_status":"closed","template":"","meta":{"footnotes":""},"class_list":["post-115","page","type-page","status-publish","hentry"],"yoast_head":"<!-- This site is optimized with the Yoast SEO plugin v27.6 - https:\/\/yoast.com\/product\/yoast-seo-wordpress\/ -->\n<title>\u00dcber die &quot;Br\u00fccke der Hoffnung&quot; - Br\u00fccke der Hoffnung<\/title>\n<meta name=\"robots\" content=\"index, follow, max-snippet:-1, max-image-preview:large, max-video-preview:-1\" \/>\n<link rel=\"canonical\" href=\"https:\/\/www.brueckezuisrael.org\/ethiopia\/ueber-uns\/\" \/>\n<meta property=\"og:locale\" content=\"de_DE\" \/>\n<meta property=\"og:type\" content=\"article\" \/>\n<meta property=\"og:title\" content=\"\u00dcber die &quot;Br\u00fccke der Hoffnung&quot; - Br\u00fccke der Hoffnung\" \/>\n<meta property=\"og:description\" content=\"Entstehung Die &#171;Br\u00fccke der Hoffnung&#187; ist aus der Arbeit von Magdalena&nbsp;(\u2020) und Timotheus&nbsp;(\u2020) Augstburger im Rahmen des Hilfswerks &#171;Br\u00fccke zu Israel&#187; entstanden und hie\u00df zun\u00e4chst &#171;Br\u00fccke zu Israel in \u00c4thiopien&#187; &#8230; &#8230; weiterlesen Organisation Die Organisation &#171;Br\u00fccke der Hoffnung&#187; wird von einem nationalen Leiter und einer kleinen Administration in Addis Abeba koordiniert. Zus\u00e4tzlich gibt es [&hellip;]\" \/>\n<meta property=\"og:url\" content=\"https:\/\/www.brueckezuisrael.org\/ethiopia\/ueber-uns\/\" \/>\n<meta property=\"og:site_name\" content=\"Br\u00fccke der Hoffnung\" \/>\n<meta property=\"article:modified_time\" content=\"2023-10-10T11:16:39+00:00\" \/>\n<meta property=\"og:image\" content=\"https:\/\/www.brueckezuisrael.org\/ethiopia\/wp-content\/uploads\/sites\/5\/2023\/10\/BoH-favicon.png\" \/>\n\t<meta property=\"og:image:width\" content=\"640\" \/>\n\t<meta property=\"og:image:height\" content=\"640\" \/>\n\t<meta property=\"og:image:type\" content=\"image\/png\" \/>\n<meta name=\"twitter:card\" content=\"summary_large_image\" \/>\n<meta name=\"twitter:label1\" content=\"Gesch\u00e4tzte Lesezeit\" \/>\n\t<meta name=\"twitter:data1\" content=\"1\u00a0Minute\" \/>\n<script type=\"application\/ld+json\" class=\"yoast-schema-graph\">{\"@context\":\"https:\\\/\\\/schema.org\",\"@graph\":[{\"@type\":\"WebPage\",\"@id\":\"https:\\\/\\\/www.brueckezuisrael.org\\\/ethiopia\\\/ueber-uns\\\/\",\"url\":\"https:\\\/\\\/www.brueckezuisrael.org\\\/ethiopia\\\/ueber-uns\\\/\",\"name\":\"\u00dcber die \\\"Br\u00fccke der Hoffnung\\\" - Br\u00fccke der Hoffnung\",\"isPartOf\":{\"@id\":\"https:\\\/\\\/www.brueckezuisrael.org\\\/ethiopia\\\/#website\"},\"datePublished\":\"2023-10-09T21:39:30+00:00\",\"dateModified\":\"2023-10-10T11:16:39+00:00\",\"breadcrumb\":{\"@id\":\"https:\\\/\\\/www.brueckezuisrael.org\\\/ethiopia\\\/ueber-uns\\\/#breadcrumb\"},\"inLanguage\":\"de-CH\",\"potentialAction\":[{\"@type\":\"ReadAction\",\"target\":[\"https:\\\/\\\/www.brueckezuisrael.org\\\/ethiopia\\\/ueber-uns\\\/\"]}]},{\"@type\":\"BreadcrumbList\",\"@id\":\"https:\\\/\\\/www.brueckezuisrael.org\\\/ethiopia\\\/ueber-uns\\\/#breadcrumb\",\"itemListElement\":[{\"@type\":\"ListItem\",\"position\":1,\"name\":\"Home\",\"item\":\"https:\\\/\\\/www.brueckezuisrael.org\\\/ethiopia\\\/\"},{\"@type\":\"ListItem\",\"position\":2,\"name\":\"\u00dcber uns\"}]},{\"@type\":\"WebSite\",\"@id\":\"https:\\\/\\\/www.brueckezuisrael.org\\\/ethiopia\\\/#website\",\"url\":\"https:\\\/\\\/www.brueckezuisrael.org\\\/ethiopia\\\/\",\"name\":\"Br\u00fccke der Hoffnung\",\"description\":\"Br\u00fccke zu Israel in \u00c4thiopien\",\"publisher\":{\"@id\":\"https:\\\/\\\/www.brueckezuisrael.org\\\/ethiopia\\\/#organization\"},\"potentialAction\":[{\"@type\":\"SearchAction\",\"target\":{\"@type\":\"EntryPoint\",\"urlTemplate\":\"https:\\\/\\\/www.brueckezuisrael.org\\\/ethiopia\\\/?s={search_term_string}\"},\"query-input\":{\"@type\":\"PropertyValueSpecification\",\"valueRequired\":true,\"valueName\":\"search_term_string\"}}],\"inLanguage\":\"de-CH\"},{\"@type\":\"Organization\",\"@id\":\"https:\\\/\\\/www.brueckezuisrael.org\\\/ethiopia\\\/#organization\",\"name\":\"Br\u00fccke der Hoffnung\",\"url\":\"https:\\\/\\\/www.brueckezuisrael.org\\\/ethiopia\\\/\",\"logo\":{\"@type\":\"ImageObject\",\"inLanguage\":\"de-CH\",\"@id\":\"https:\\\/\\\/www.brueckezuisrael.org\\\/ethiopia\\\/#\\\/schema\\\/logo\\\/image\\\/\",\"url\":\"https:\\\/\\\/dev1.websketches.net\\\/ethiopia\\\/wp-content\\\/uploads\\\/sites\\\/5\\\/2023\\\/10\\\/BoH-favicon.png\",\"contentUrl\":\"https:\\\/\\\/dev1.websketches.net\\\/ethiopia\\\/wp-content\\\/uploads\\\/sites\\\/5\\\/2023\\\/10\\\/BoH-favicon.png\",\"width\":640,\"height\":640,\"caption\":\"Br\u00fccke der Hoffnung\"},\"image\":{\"@id\":\"https:\\\/\\\/www.brueckezuisrael.org\\\/ethiopia\\\/#\\\/schema\\\/logo\\\/image\\\/\"}}]}<\/script>\n<!-- \/ Yoast SEO plugin. -->","yoast_head_json":{"title":"\u00dcber die \"Br\u00fccke der Hoffnung\" - Br\u00fccke der Hoffnung","robots":{"index":"index","follow":"follow","max-snippet":"max-snippet:-1","max-image-preview":"max-image-preview:large","max-video-preview":"max-video-preview:-1"},"canonical":"https:\/\/www.brueckezuisrael.org\/ethiopia\/ueber-uns\/","og_locale":"de_DE","og_type":"article","og_title":"\u00dcber die \"Br\u00fccke der Hoffnung\" - Br\u00fccke der Hoffnung","og_description":"Entstehung Die &#171;Br\u00fccke der Hoffnung&#187; ist aus der Arbeit von Magdalena&nbsp;(\u2020) und Timotheus&nbsp;(\u2020) Augstburger im Rahmen des Hilfswerks &#171;Br\u00fccke zu Israel&#187; entstanden und hie\u00df zun\u00e4chst &#171;Br\u00fccke zu Israel in \u00c4thiopien&#187; &#8230; &#8230; weiterlesen Organisation Die Organisation &#171;Br\u00fccke der Hoffnung&#187; wird von einem nationalen Leiter und einer kleinen Administration in Addis Abeba koordiniert. Zus\u00e4tzlich gibt es [&hellip;]","og_url":"https:\/\/www.brueckezuisrael.org\/ethiopia\/ueber-uns\/","og_site_name":"Br\u00fccke der Hoffnung","article_modified_time":"2023-10-10T11:16:39+00:00","og_image":[{"width":640,"height":640,"url":"https:\/\/www.brueckezuisrael.org\/ethiopia\/wp-content\/uploads\/sites\/5\/2023\/10\/BoH-favicon.png","type":"image\/png"}],"twitter_card":"summary_large_image","twitter_misc":{"Gesch\u00e4tzte Lesezeit":"1\u00a0Minute"},"schema":{"@context":"https:\/\/schema.org","@graph":[{"@type":"WebPage","@id":"https:\/\/www.brueckezuisrael.org\/ethiopia\/ueber-uns\/","url":"https:\/\/www.brueckezuisrael.org\/ethiopia\/ueber-uns\/","name":"\u00dcber die \"Br\u00fccke der Hoffnung\" - Br\u00fccke der Hoffnung","isPartOf":{"@id":"https:\/\/www.brueckezuisrael.org\/ethiopia\/#website"},"datePublished":"2023-10-09T21:39:30+00:00","dateModified":"2023-10-10T11:16:39+00:00","breadcrumb":{"@id":"https:\/\/www.brueckezuisrael.org\/ethiopia\/ueber-uns\/#breadcrumb"},"inLanguage":"de-CH","potentialAction":[{"@type":"ReadAction","target":["https:\/\/www.brueckezuisrael.org\/ethiopia\/ueber-uns\/"]}]},{"@type":"BreadcrumbList","@id":"https:\/\/www.brueckezuisrael.org\/ethiopia\/ueber-uns\/#breadcrumb","itemListElement":[{"@type":"ListItem","position":1,"name":"Home","item":"https:\/\/www.brueckezuisrael.org\/ethiopia\/"},{"@type":"ListItem","position":2,"name":"\u00dcber uns"}]},{"@type":"WebSite","@id":"https:\/\/www.brueckezuisrael.org\/ethiopia\/#website","url":"https:\/\/www.brueckezuisrael.org\/ethiopia\/","name":"Br\u00fccke der Hoffnung","description":"Br\u00fccke zu Israel in \u00c4thiopien","publisher":{"@id":"https:\/\/www.brueckezuisrael.org\/ethiopia\/#organization"},"potentialAction":[{"@type":"SearchAction","target":{"@type":"EntryPoint","urlTemplate":"https:\/\/www.brueckezuisrael.org\/ethiopia\/?s={search_term_string}"},"query-input":{"@type":"PropertyValueSpecification","valueRequired":true,"valueName":"search_term_string"}}],"inLanguage":"de-CH"},{"@type":"Organization","@id":"https:\/\/www.brueckezuisrael.org\/ethiopia\/#organization","name":"Br\u00fccke der Hoffnung","url":"https:\/\/www.brueckezuisrael.org\/ethiopia\/","logo":{"@type":"ImageObject","inLanguage":"de-CH","@id":"https:\/\/www.brueckezuisrael.org\/ethiopia\/#\/schema\/logo\/image\/","url":"https:\/\/dev1.websketches.net\/ethiopia\/wp-content\/uploads\/sites\/5\/2023\/10\/BoH-favicon.png","contentUrl":"https:\/\/dev1.websketches.net\/ethiopia\/wp-content\/uploads\/sites\/5\/2023\/10\/BoH-favicon.png","width":640,"height":640,"caption":"Br\u00fccke der Hoffnung"},"image":{"@id":"https:\/\/www.brueckezuisrael.org\/ethiopia\/#\/schema\/logo\/image\/"}}]}},"_links":{"self":[{"href":"https:\/\/www.brueckezuisrael.org\/ethiopia\/wp-json\/wp\/v2\/pages\/115","targetHints":{"allow":["GET"]}}],"collection":[{"href":"https:\/\/www.brueckezuisrael.org\/ethiopia\/wp-json\/wp\/v2\/pages"}],"about":[{"href":"https:\/\/www.brueckezuisrael.org\/ethiopia\/wp-json\/wp\/v2\/types\/page"}],"author":[{"embeddable":true,"href":"https:\/\/www.brueckezuisrael.org\/ethiopia\/wp-json\/wp\/v2\/users\/1"}],"replies":[{"embeddable":true,"href":"https:\/\/www.brueckezuisrael.org\/ethiopia\/wp-json\/wp\/v2\/comments?post=115"}],"version-history":[{"count":53,"href":"https:\/\/www.brueckezuisrael.org\/ethiopia\/wp-json\/wp\/v2\/pages\/115\/revisions"}],"predecessor-version":[{"id":457,"href":"https:\/\/www.brueckezuisrael.org\/ethiopia\/wp-json\/wp\/v2\/pages\/115\/revisions\/457"}],"wp:attachment":[{"href":"https:\/\/www.brueckezuisrael.org\/ethiopia\/wp-json\/wp\/v2\/media?parent=115"}],"curies":[{"name":"wp","href":"https:\/\/api.w.org\/{rel}","templated":true}]}}