{"id":128,"date":"2023-10-09T23:41:42","date_gmt":"2023-10-09T21:41:42","guid":{"rendered":"https:\/\/dev1.websketches.net\/ethiopia\/?page_id=128"},"modified":"2023-10-11T12:09:39","modified_gmt":"2023-10-11T10:09:39","slug":"spenden","status":"publish","type":"page","link":"https:\/\/www.brueckezuisrael.org\/ethiopia\/kontakt\/spenden\/","title":{"rendered":"Spenden"},"content":{"rendered":"\t\t<div data-elementor-type=\"wp-page\" data-elementor-id=\"128\" class=\"elementor elementor-128\" data-elementor-post-type=\"page\">\n\t\t\t\t\t\t<section class=\"elementor-section elementor-top-section elementor-element elementor-element-871886d elementor-section-boxed elementor-section-height-default elementor-section-height-default\" data-id=\"871886d\" data-element_type=\"section\" data-e-type=\"section\">\n\t\t\t\t\t\t<div class=\"elementor-container elementor-column-gap-default\">\n\t\t\t\t\t<div class=\"elementor-column elementor-col-100 elementor-top-column elementor-element elementor-element-39e779a\" data-id=\"39e779a\" data-element_type=\"column\" data-e-type=\"column\">\n\t\t\t<div class=\"elementor-widget-wrap elementor-element-populated\">\n\t\t\t\t\t\t<div class=\"elementor-element elementor-element-9f8db1e elementor-widget elementor-widget-heading\" data-id=\"9f8db1e\" data-element_type=\"widget\" data-e-type=\"widget\" data-widget_type=\"heading.default\">\n\t\t\t\t<div class=\"elementor-widget-container\">\n\t\t\t\t\t<h2 class=\"elementor-heading-title elementor-size-default\">Unterst\u00fctzen Sie uns<\/h2>\t\t\t\t<\/div>\n\t\t\t\t<\/div>\n\t\t\t\t<div class=\"elementor-element elementor-element-8bdb104 elementor-widget elementor-widget-text-editor\" data-id=\"8bdb104\" data-element_type=\"widget\" data-e-type=\"widget\" data-widget_type=\"text-editor.default\">\n\t\t\t\t<div class=\"elementor-widget-container\">\n\t\t\t\t\t\t\t\t\t<p>Wir sind sehr dankbar \u00fcber jede Form der Unterst\u00fctzung. Sie k\u00f6nnen <a href=\"https:\/\/www.brueckezuisrael.org\/ethiopia\/kontakt\/spenden\/geld-spenden\/\">einmalig oder regelm\u00e4\u00dfig einen Geldbetrag spenden<\/a>, oder auch sehr gern <a href=\"https:\/\/www.brueckezuisrael.org\/ethiopia\/kontakt\/spenden\/patenschaft-uebernehmen\/\">eine Patenschaft f\u00fcr ein Waisenkind \u00fcbernehmen<\/a>.<\/p><p>Von Sachspenden bitten wir aufgrund der hohen Versandkosten nach \u00c4thiopien abzusehen. Sie k\u00f6nnen eine zweckgebundene Spende geben und wir kaufen die Gegenst\u00e4nde vor Ort.<\/p><p>Nochmals &#8211; vielen Dank!<\/p>\t\t\t\t\t\t\t\t<\/div>\n\t\t\t\t<\/div>\n\t\t\t\t\t<\/div>\n\t\t<\/div>\n\t\t\t\t\t<\/div>\n\t\t<\/section>\n\t\t\t\t<\/div>\n\t\t","protected":false},"excerpt":{"rendered":"<p>Unterst\u00fctzen Sie uns Wir sind sehr dankbar \u00fcber jede Form der Unterst\u00fctzung. Sie k\u00f6nnen einmalig oder regelm\u00e4\u00dfig einen Geldbetrag spenden, oder auch sehr gern eine Patenschaft f\u00fcr ein Waisenkind \u00fcbernehmen. Von Sachspenden bitten wir aufgrund der hohen Versandkosten nach \u00c4thiopien abzusehen. Sie k\u00f6nnen eine zweckgebundene Spende geben und wir kaufen die Gegenst\u00e4nde vor Ort. Nochmals [&hellip;]<\/p>\n","protected":false},"author":1,"featured_media":0,"parent":126,"menu_order":0,"comment_status":"closed","ping_status":"closed","template":"","meta":{"footnotes":""},"class_list":["post-128","page","type-page","status-publish","hentry"],"yoast_head":"<!-- This site is optimized with the Yoast SEO plugin v27.6 - https:\/\/yoast.com\/product\/yoast-seo-wordpress\/ -->\n<title>Spenden - Br\u00fccke der Hoffnung<\/title>\n<meta name=\"robots\" content=\"index, follow, max-snippet:-1, max-image-preview:large, max-video-preview:-1\" \/>\n<link rel=\"canonical\" href=\"https:\/\/www.brueckezuisrael.org\/ethiopia\/kontakt\/spenden\/\" \/>\n<meta property=\"og:locale\" content=\"de_DE\" \/>\n<meta property=\"og:type\" content=\"article\" \/>\n<meta property=\"og:title\" content=\"Spenden - Br\u00fccke der Hoffnung\" \/>\n<meta property=\"og:description\" content=\"Unterst\u00fctzen Sie uns Wir sind sehr dankbar \u00fcber jede Form der Unterst\u00fctzung. Sie k\u00f6nnen einmalig oder regelm\u00e4\u00dfig einen Geldbetrag spenden, oder auch sehr gern eine Patenschaft f\u00fcr ein Waisenkind \u00fcbernehmen. Von Sachspenden bitten wir aufgrund der hohen Versandkosten nach \u00c4thiopien abzusehen. Sie k\u00f6nnen eine zweckgebundene Spende geben und wir kaufen die Gegenst\u00e4nde vor Ort. Nochmals [&hellip;]\" \/>\n<meta property=\"og:url\" content=\"https:\/\/www.brueckezuisrael.org\/ethiopia\/kontakt\/spenden\/\" \/>\n<meta property=\"og:site_name\" content=\"Br\u00fccke der Hoffnung\" \/>\n<meta property=\"article:modified_time\" content=\"2023-10-11T10:09:39+00:00\" \/>\n<meta property=\"og:image\" content=\"https:\/\/www.brueckezuisrael.org\/ethiopia\/wp-content\/uploads\/sites\/5\/2023\/10\/BoH-favicon.png\" \/>\n\t<meta property=\"og:image:width\" content=\"640\" \/>\n\t<meta property=\"og:image:height\" content=\"640\" \/>\n\t<meta property=\"og:image:type\" content=\"image\/png\" \/>\n<meta name=\"twitter:card\" content=\"summary_large_image\" \/>\n<meta name=\"twitter:label1\" content=\"Gesch\u00e4tzte Lesezeit\" \/>\n\t<meta name=\"twitter:data1\" content=\"1\u00a0Minute\" \/>\n<script type=\"application\/ld+json\" class=\"yoast-schema-graph\">{\"@context\":\"https:\\\/\\\/schema.org\",\"@graph\":[{\"@type\":\"WebPage\",\"@id\":\"https:\\\/\\\/www.brueckezuisrael.org\\\/ethiopia\\\/kontakt\\\/spenden\\\/\",\"url\":\"https:\\\/\\\/www.brueckezuisrael.org\\\/ethiopia\\\/kontakt\\\/spenden\\\/\",\"name\":\"Spenden - Br\u00fccke der Hoffnung\",\"isPartOf\":{\"@id\":\"https:\\\/\\\/www.brueckezuisrael.org\\\/ethiopia\\\/#website\"},\"datePublished\":\"2023-10-09T21:41:42+00:00\",\"dateModified\":\"2023-10-11T10:09:39+00:00\",\"breadcrumb\":{\"@id\":\"https:\\\/\\\/www.brueckezuisrael.org\\\/ethiopia\\\/kontakt\\\/spenden\\\/#breadcrumb\"},\"inLanguage\":\"de-CH\",\"potentialAction\":[{\"@type\":\"ReadAction\",\"target\":[\"https:\\\/\\\/www.brueckezuisrael.org\\\/ethiopia\\\/kontakt\\\/spenden\\\/\"]}]},{\"@type\":\"BreadcrumbList\",\"@id\":\"https:\\\/\\\/www.brueckezuisrael.org\\\/ethiopia\\\/kontakt\\\/spenden\\\/#breadcrumb\",\"itemListElement\":[{\"@type\":\"ListItem\",\"position\":1,\"name\":\"Home\",\"item\":\"https:\\\/\\\/www.brueckezuisrael.org\\\/ethiopia\\\/\"},{\"@type\":\"ListItem\",\"position\":2,\"name\":\"Kontakt\",\"item\":\"https:\\\/\\\/www.brueckezuisrael.org\\\/ethiopia\\\/kontakt\\\/\"},{\"@type\":\"ListItem\",\"position\":3,\"name\":\"Spenden\"}]},{\"@type\":\"WebSite\",\"@id\":\"https:\\\/\\\/www.brueckezuisrael.org\\\/ethiopia\\\/#website\",\"url\":\"https:\\\/\\\/www.brueckezuisrael.org\\\/ethiopia\\\/\",\"name\":\"Br\u00fccke der Hoffnung\",\"description\":\"Br\u00fccke zu Israel in \u00c4thiopien\",\"publisher\":{\"@id\":\"https:\\\/\\\/www.brueckezuisrael.org\\\/ethiopia\\\/#organization\"},\"potentialAction\":[{\"@type\":\"SearchAction\",\"target\":{\"@type\":\"EntryPoint\",\"urlTemplate\":\"https:\\\/\\\/www.brueckezuisrael.org\\\/ethiopia\\\/?s={search_term_string}\"},\"query-input\":{\"@type\":\"PropertyValueSpecification\",\"valueRequired\":true,\"valueName\":\"search_term_string\"}}],\"inLanguage\":\"de-CH\"},{\"@type\":\"Organization\",\"@id\":\"https:\\\/\\\/www.brueckezuisrael.org\\\/ethiopia\\\/#organization\",\"name\":\"Br\u00fccke der Hoffnung\",\"url\":\"https:\\\/\\\/www.brueckezuisrael.org\\\/ethiopia\\\/\",\"logo\":{\"@type\":\"ImageObject\",\"inLanguage\":\"de-CH\",\"@id\":\"https:\\\/\\\/www.brueckezuisrael.org\\\/ethiopia\\\/#\\\/schema\\\/logo\\\/image\\\/\",\"url\":\"https:\\\/\\\/dev1.websketches.net\\\/ethiopia\\\/wp-content\\\/uploads\\\/sites\\\/5\\\/2023\\\/10\\\/BoH-favicon.png\",\"contentUrl\":\"https:\\\/\\\/dev1.websketches.net\\\/ethiopia\\\/wp-content\\\/uploads\\\/sites\\\/5\\\/2023\\\/10\\\/BoH-favicon.png\",\"width\":640,\"height\":640,\"caption\":\"Br\u00fccke der Hoffnung\"},\"image\":{\"@id\":\"https:\\\/\\\/www.brueckezuisrael.org\\\/ethiopia\\\/#\\\/schema\\\/logo\\\/image\\\/\"}}]}<\/script>\n<!-- \/ Yoast SEO plugin. -->","yoast_head_json":{"title":"Spenden - Br\u00fccke der Hoffnung","robots":{"index":"index","follow":"follow","max-snippet":"max-snippet:-1","max-image-preview":"max-image-preview:large","max-video-preview":"max-video-preview:-1"},"canonical":"https:\/\/www.brueckezuisrael.org\/ethiopia\/kontakt\/spenden\/","og_locale":"de_DE","og_type":"article","og_title":"Spenden - Br\u00fccke der Hoffnung","og_description":"Unterst\u00fctzen Sie uns Wir sind sehr dankbar \u00fcber jede Form der Unterst\u00fctzung. Sie k\u00f6nnen einmalig oder regelm\u00e4\u00dfig einen Geldbetrag spenden, oder auch sehr gern eine Patenschaft f\u00fcr ein Waisenkind \u00fcbernehmen. Von Sachspenden bitten wir aufgrund der hohen Versandkosten nach \u00c4thiopien abzusehen. Sie k\u00f6nnen eine zweckgebundene Spende geben und wir kaufen die Gegenst\u00e4nde vor Ort. Nochmals [&hellip;]","og_url":"https:\/\/www.brueckezuisrael.org\/ethiopia\/kontakt\/spenden\/","og_site_name":"Br\u00fccke der Hoffnung","article_modified_time":"2023-10-11T10:09:39+00:00","og_image":[{"width":640,"height":640,"url":"https:\/\/www.brueckezuisrael.org\/ethiopia\/wp-content\/uploads\/sites\/5\/2023\/10\/BoH-favicon.png","type":"image\/png"}],"twitter_card":"summary_large_image","twitter_misc":{"Gesch\u00e4tzte Lesezeit":"1\u00a0Minute"},"schema":{"@context":"https:\/\/schema.org","@graph":[{"@type":"WebPage","@id":"https:\/\/www.brueckezuisrael.org\/ethiopia\/kontakt\/spenden\/","url":"https:\/\/www.brueckezuisrael.org\/ethiopia\/kontakt\/spenden\/","name":"Spenden - Br\u00fccke der Hoffnung","isPartOf":{"@id":"https:\/\/www.brueckezuisrael.org\/ethiopia\/#website"},"datePublished":"2023-10-09T21:41:42+00:00","dateModified":"2023-10-11T10:09:39+00:00","breadcrumb":{"@id":"https:\/\/www.brueckezuisrael.org\/ethiopia\/kontakt\/spenden\/#breadcrumb"},"inLanguage":"de-CH","potentialAction":[{"@type":"ReadAction","target":["https:\/\/www.brueckezuisrael.org\/ethiopia\/kontakt\/spenden\/"]}]},{"@type":"BreadcrumbList","@id":"https:\/\/www.brueckezuisrael.org\/ethiopia\/kontakt\/spenden\/#breadcrumb","itemListElement":[{"@type":"ListItem","position":1,"name":"Home","item":"https:\/\/www.brueckezuisrael.org\/ethiopia\/"},{"@type":"ListItem","position":2,"name":"Kontakt","item":"https:\/\/www.brueckezuisrael.org\/ethiopia\/kontakt\/"},{"@type":"ListItem","position":3,"name":"Spenden"}]},{"@type":"WebSite","@id":"https:\/\/www.brueckezuisrael.org\/ethiopia\/#website","url":"https:\/\/www.brueckezuisrael.org\/ethiopia\/","name":"Br\u00fccke der Hoffnung","description":"Br\u00fccke zu Israel in \u00c4thiopien","publisher":{"@id":"https:\/\/www.brueckezuisrael.org\/ethiopia\/#organization"},"potentialAction":[{"@type":"SearchAction","target":{"@type":"EntryPoint","urlTemplate":"https:\/\/www.brueckezuisrael.org\/ethiopia\/?s={search_term_string}"},"query-input":{"@type":"PropertyValueSpecification","valueRequired":true,"valueName":"search_term_string"}}],"inLanguage":"de-CH"},{"@type":"Organization","@id":"https:\/\/www.brueckezuisrael.org\/ethiopia\/#organization","name":"Br\u00fccke der Hoffnung","url":"https:\/\/www.brueckezuisrael.org\/ethiopia\/","logo":{"@type":"ImageObject","inLanguage":"de-CH","@id":"https:\/\/www.brueckezuisrael.org\/ethiopia\/#\/schema\/logo\/image\/","url":"https:\/\/dev1.websketches.net\/ethiopia\/wp-content\/uploads\/sites\/5\/2023\/10\/BoH-favicon.png","contentUrl":"https:\/\/dev1.websketches.net\/ethiopia\/wp-content\/uploads\/sites\/5\/2023\/10\/BoH-favicon.png","width":640,"height":640,"caption":"Br\u00fccke der Hoffnung"},"image":{"@id":"https:\/\/www.brueckezuisrael.org\/ethiopia\/#\/schema\/logo\/image\/"}}]}},"_links":{"self":[{"href":"https:\/\/www.brueckezuisrael.org\/ethiopia\/wp-json\/wp\/v2\/pages\/128","targetHints":{"allow":["GET"]}}],"collection":[{"href":"https:\/\/www.brueckezuisrael.org\/ethiopia\/wp-json\/wp\/v2\/pages"}],"about":[{"href":"https:\/\/www.brueckezuisrael.org\/ethiopia\/wp-json\/wp\/v2\/types\/page"}],"author":[{"embeddable":true,"href":"https:\/\/www.brueckezuisrael.org\/ethiopia\/wp-json\/wp\/v2\/users\/1"}],"replies":[{"embeddable":true,"href":"https:\/\/www.brueckezuisrael.org\/ethiopia\/wp-json\/wp\/v2\/comments?post=128"}],"version-history":[{"count":13,"href":"https:\/\/www.brueckezuisrael.org\/ethiopia\/wp-json\/wp\/v2\/pages\/128\/revisions"}],"predecessor-version":[{"id":621,"href":"https:\/\/www.brueckezuisrael.org\/ethiopia\/wp-json\/wp\/v2\/pages\/128\/revisions\/621"}],"up":[{"embeddable":true,"href":"https:\/\/www.brueckezuisrael.org\/ethiopia\/wp-json\/wp\/v2\/pages\/126"}],"wp:attachment":[{"href":"https:\/\/www.brueckezuisrael.org\/ethiopia\/wp-json\/wp\/v2\/media?parent=128"}],"curies":[{"name":"wp","href":"https:\/\/api.w.org\/{rel}","templated":true}]}}