{"id":132,"date":"2023-10-09T23:42:14","date_gmt":"2023-10-09T21:42:14","guid":{"rendered":"https:\/\/dev1.websketches.net\/ethiopia\/?page_id=132"},"modified":"2026-01-16T09:54:17","modified_gmt":"2026-01-16T08:54:17","slug":"impressum","status":"publish","type":"page","link":"https:\/\/www.brueckezuisrael.org\/ethiopia\/kontakt\/impressum\/","title":{"rendered":"Impressum"},"content":{"rendered":"\t\t<div data-elementor-type=\"wp-page\" data-elementor-id=\"132\" class=\"elementor elementor-132\" data-elementor-post-type=\"page\">\n\t\t\t\t\t\t<section class=\"elementor-section elementor-top-section elementor-element elementor-element-6798c6c elementor-section-boxed elementor-section-height-default elementor-section-height-default\" data-id=\"6798c6c\" data-element_type=\"section\" data-e-type=\"section\">\n\t\t\t\t\t\t<div class=\"elementor-container elementor-column-gap-default\">\n\t\t\t\t\t<div class=\"elementor-column elementor-col-100 elementor-top-column elementor-element elementor-element-f1bec8c\" data-id=\"f1bec8c\" data-element_type=\"column\" data-e-type=\"column\">\n\t\t\t<div class=\"elementor-widget-wrap elementor-element-populated\">\n\t\t\t\t\t\t<div class=\"elementor-element elementor-element-fb49a8a elementor-widget elementor-widget-text-editor\" data-id=\"fb49a8a\" data-element_type=\"widget\" data-e-type=\"widget\" data-widget_type=\"text-editor.default\">\n\t\t\t\t<div class=\"elementor-widget-container\">\n\t\t\t\t\t\t\t\t\t<p><strong>Verantwortlich f\u00fcr den Inhalt der Seiten<\/strong><\/p><p>Br\u00fccke zu Israel<br \/>Stadlerstra\u00dfe 55<br \/>Postfach 30<br \/>8406 Winterthur<\/p><p>\u00a0<\/p><p><strong>Vorstand<br \/><\/strong>Tsion Alemayehu<\/p><p><strong>Handelsreg. Nr.<\/strong> CHE-102.829576<\/p><p><strong>Website<br \/><\/strong>Konzept, Layout und Umsetzung: <a href=\"https:\/\/www.bumblebee-media.de\" target=\"_blank\" rel=\"noopener\">Bumblebee Media, Chemnitz<\/a><\/p><p><strong>Copyright<\/strong><br \/>Das Copyright f\u00fcr s\u00e4mtliche Inhalte dieser Website liegt bei Br\u00fccke zu Israel, Winterthur, Schweiz<\/p><p><strong>Bildnachweis<\/strong><br \/>Alle Bilder: \u00a9 Br\u00fccke zu Israel<\/p>\t\t\t\t\t\t\t\t<\/div>\n\t\t\t\t<\/div>\n\t\t\t\t\t<\/div>\n\t\t<\/div>\n\t\t\t\t\t<\/div>\n\t\t<\/section>\n\t\t\t\t<\/div>\n\t\t","protected":false},"excerpt":{"rendered":"<p>Verantwortlich f\u00fcr den Inhalt der Seiten Br\u00fccke zu IsraelStadlerstra\u00dfe 55Postfach 308406 Winterthur \u00a0 VorstandTsion Alemayehu Handelsreg. Nr. CHE-102.829576 WebsiteKonzept, Layout und Umsetzung: Bumblebee Media, Chemnitz CopyrightDas Copyright f\u00fcr s\u00e4mtliche Inhalte dieser Website liegt bei Br\u00fccke zu Israel, Winterthur, Schweiz BildnachweisAlle Bilder: \u00a9 Br\u00fccke zu Israel<\/p>\n","protected":false},"author":1,"featured_media":0,"parent":126,"menu_order":2,"comment_status":"closed","ping_status":"closed","template":"","meta":{"footnotes":""},"class_list":["post-132","page","type-page","status-publish","hentry"],"yoast_head":"<!-- This site is optimized with the Yoast SEO plugin v27.6 - https:\/\/yoast.com\/product\/yoast-seo-wordpress\/ -->\n<title>Impressum - Br\u00fccke der Hoffnung<\/title>\n<meta name=\"robots\" content=\"index, follow, max-snippet:-1, max-image-preview:large, max-video-preview:-1\" \/>\n<link rel=\"canonical\" href=\"https:\/\/www.brueckezuisrael.org\/ethiopia\/kontakt\/impressum\/\" \/>\n<meta property=\"og:locale\" content=\"de_DE\" \/>\n<meta property=\"og:type\" content=\"article\" \/>\n<meta property=\"og:title\" content=\"Impressum - Br\u00fccke der Hoffnung\" \/>\n<meta property=\"og:description\" content=\"Verantwortlich f\u00fcr den Inhalt der Seiten Br\u00fccke zu IsraelStadlerstra\u00dfe 55Postfach 308406 Winterthur \u00a0 VorstandTsion Alemayehu Handelsreg. Nr. CHE-102.829576 WebsiteKonzept, Layout und Umsetzung: Bumblebee Media, Chemnitz CopyrightDas Copyright f\u00fcr s\u00e4mtliche Inhalte dieser Website liegt bei Br\u00fccke zu Israel, Winterthur, Schweiz BildnachweisAlle Bilder: \u00a9 Br\u00fccke zu Israel\" \/>\n<meta property=\"og:url\" content=\"https:\/\/www.brueckezuisrael.org\/ethiopia\/kontakt\/impressum\/\" \/>\n<meta property=\"og:site_name\" content=\"Br\u00fccke der Hoffnung\" \/>\n<meta property=\"article:modified_time\" content=\"2026-01-16T08:54:17+00:00\" \/>\n<meta property=\"og:image\" content=\"https:\/\/www.brueckezuisrael.org\/ethiopia\/wp-content\/uploads\/sites\/5\/2023\/10\/BoH-favicon.png\" \/>\n\t<meta property=\"og:image:width\" content=\"640\" \/>\n\t<meta property=\"og:image:height\" content=\"640\" \/>\n\t<meta property=\"og:image:type\" content=\"image\/png\" \/>\n<meta name=\"twitter:card\" content=\"summary_large_image\" \/>\n<meta name=\"twitter:label1\" content=\"Gesch\u00e4tzte Lesezeit\" \/>\n\t<meta name=\"twitter:data1\" content=\"1\u00a0Minute\" \/>\n<script type=\"application\/ld+json\" class=\"yoast-schema-graph\">{\"@context\":\"https:\\\/\\\/schema.org\",\"@graph\":[{\"@type\":\"WebPage\",\"@id\":\"https:\\\/\\\/www.brueckezuisrael.org\\\/ethiopia\\\/kontakt\\\/impressum\\\/\",\"url\":\"https:\\\/\\\/www.brueckezuisrael.org\\\/ethiopia\\\/kontakt\\\/impressum\\\/\",\"name\":\"Impressum - Br\u00fccke der Hoffnung\",\"isPartOf\":{\"@id\":\"https:\\\/\\\/www.brueckezuisrael.org\\\/ethiopia\\\/#website\"},\"datePublished\":\"2023-10-09T21:42:14+00:00\",\"dateModified\":\"2026-01-16T08:54:17+00:00\",\"breadcrumb\":{\"@id\":\"https:\\\/\\\/www.brueckezuisrael.org\\\/ethiopia\\\/kontakt\\\/impressum\\\/#breadcrumb\"},\"inLanguage\":\"de-CH\",\"potentialAction\":[{\"@type\":\"ReadAction\",\"target\":[\"https:\\\/\\\/www.brueckezuisrael.org\\\/ethiopia\\\/kontakt\\\/impressum\\\/\"]}]},{\"@type\":\"BreadcrumbList\",\"@id\":\"https:\\\/\\\/www.brueckezuisrael.org\\\/ethiopia\\\/kontakt\\\/impressum\\\/#breadcrumb\",\"itemListElement\":[{\"@type\":\"ListItem\",\"position\":1,\"name\":\"Home\",\"item\":\"https:\\\/\\\/www.brueckezuisrael.org\\\/ethiopia\\\/\"},{\"@type\":\"ListItem\",\"position\":2,\"name\":\"Kontakt\",\"item\":\"https:\\\/\\\/www.brueckezuisrael.org\\\/ethiopia\\\/kontakt\\\/\"},{\"@type\":\"ListItem\",\"position\":3,\"name\":\"Impressum\"}]},{\"@type\":\"WebSite\",\"@id\":\"https:\\\/\\\/www.brueckezuisrael.org\\\/ethiopia\\\/#website\",\"url\":\"https:\\\/\\\/www.brueckezuisrael.org\\\/ethiopia\\\/\",\"name\":\"Br\u00fccke der Hoffnung\",\"description\":\"Br\u00fccke zu Israel in \u00c4thiopien\",\"publisher\":{\"@id\":\"https:\\\/\\\/www.brueckezuisrael.org\\\/ethiopia\\\/#organization\"},\"potentialAction\":[{\"@type\":\"SearchAction\",\"target\":{\"@type\":\"EntryPoint\",\"urlTemplate\":\"https:\\\/\\\/www.brueckezuisrael.org\\\/ethiopia\\\/?s={search_term_string}\"},\"query-input\":{\"@type\":\"PropertyValueSpecification\",\"valueRequired\":true,\"valueName\":\"search_term_string\"}}],\"inLanguage\":\"de-CH\"},{\"@type\":\"Organization\",\"@id\":\"https:\\\/\\\/www.brueckezuisrael.org\\\/ethiopia\\\/#organization\",\"name\":\"Br\u00fccke der Hoffnung\",\"url\":\"https:\\\/\\\/www.brueckezuisrael.org\\\/ethiopia\\\/\",\"logo\":{\"@type\":\"ImageObject\",\"inLanguage\":\"de-CH\",\"@id\":\"https:\\\/\\\/www.brueckezuisrael.org\\\/ethiopia\\\/#\\\/schema\\\/logo\\\/image\\\/\",\"url\":\"https:\\\/\\\/dev1.websketches.net\\\/ethiopia\\\/wp-content\\\/uploads\\\/sites\\\/5\\\/2023\\\/10\\\/BoH-favicon.png\",\"contentUrl\":\"https:\\\/\\\/dev1.websketches.net\\\/ethiopia\\\/wp-content\\\/uploads\\\/sites\\\/5\\\/2023\\\/10\\\/BoH-favicon.png\",\"width\":640,\"height\":640,\"caption\":\"Br\u00fccke der Hoffnung\"},\"image\":{\"@id\":\"https:\\\/\\\/www.brueckezuisrael.org\\\/ethiopia\\\/#\\\/schema\\\/logo\\\/image\\\/\"}}]}<\/script>\n<!-- \/ Yoast SEO plugin. -->","yoast_head_json":{"title":"Impressum - Br\u00fccke der Hoffnung","robots":{"index":"index","follow":"follow","max-snippet":"max-snippet:-1","max-image-preview":"max-image-preview:large","max-video-preview":"max-video-preview:-1"},"canonical":"https:\/\/www.brueckezuisrael.org\/ethiopia\/kontakt\/impressum\/","og_locale":"de_DE","og_type":"article","og_title":"Impressum - Br\u00fccke der Hoffnung","og_description":"Verantwortlich f\u00fcr den Inhalt der Seiten Br\u00fccke zu IsraelStadlerstra\u00dfe 55Postfach 308406 Winterthur \u00a0 VorstandTsion Alemayehu Handelsreg. Nr. CHE-102.829576 WebsiteKonzept, Layout und Umsetzung: Bumblebee Media, Chemnitz CopyrightDas Copyright f\u00fcr s\u00e4mtliche Inhalte dieser Website liegt bei Br\u00fccke zu Israel, Winterthur, Schweiz BildnachweisAlle Bilder: \u00a9 Br\u00fccke zu Israel","og_url":"https:\/\/www.brueckezuisrael.org\/ethiopia\/kontakt\/impressum\/","og_site_name":"Br\u00fccke der Hoffnung","article_modified_time":"2026-01-16T08:54:17+00:00","og_image":[{"width":640,"height":640,"url":"https:\/\/www.brueckezuisrael.org\/ethiopia\/wp-content\/uploads\/sites\/5\/2023\/10\/BoH-favicon.png","type":"image\/png"}],"twitter_card":"summary_large_image","twitter_misc":{"Gesch\u00e4tzte Lesezeit":"1\u00a0Minute"},"schema":{"@context":"https:\/\/schema.org","@graph":[{"@type":"WebPage","@id":"https:\/\/www.brueckezuisrael.org\/ethiopia\/kontakt\/impressum\/","url":"https:\/\/www.brueckezuisrael.org\/ethiopia\/kontakt\/impressum\/","name":"Impressum - Br\u00fccke der Hoffnung","isPartOf":{"@id":"https:\/\/www.brueckezuisrael.org\/ethiopia\/#website"},"datePublished":"2023-10-09T21:42:14+00:00","dateModified":"2026-01-16T08:54:17+00:00","breadcrumb":{"@id":"https:\/\/www.brueckezuisrael.org\/ethiopia\/kontakt\/impressum\/#breadcrumb"},"inLanguage":"de-CH","potentialAction":[{"@type":"ReadAction","target":["https:\/\/www.brueckezuisrael.org\/ethiopia\/kontakt\/impressum\/"]}]},{"@type":"BreadcrumbList","@id":"https:\/\/www.brueckezuisrael.org\/ethiopia\/kontakt\/impressum\/#breadcrumb","itemListElement":[{"@type":"ListItem","position":1,"name":"Home","item":"https:\/\/www.brueckezuisrael.org\/ethiopia\/"},{"@type":"ListItem","position":2,"name":"Kontakt","item":"https:\/\/www.brueckezuisrael.org\/ethiopia\/kontakt\/"},{"@type":"ListItem","position":3,"name":"Impressum"}]},{"@type":"WebSite","@id":"https:\/\/www.brueckezuisrael.org\/ethiopia\/#website","url":"https:\/\/www.brueckezuisrael.org\/ethiopia\/","name":"Br\u00fccke der Hoffnung","description":"Br\u00fccke zu Israel in \u00c4thiopien","publisher":{"@id":"https:\/\/www.brueckezuisrael.org\/ethiopia\/#organization"},"potentialAction":[{"@type":"SearchAction","target":{"@type":"EntryPoint","urlTemplate":"https:\/\/www.brueckezuisrael.org\/ethiopia\/?s={search_term_string}"},"query-input":{"@type":"PropertyValueSpecification","valueRequired":true,"valueName":"search_term_string"}}],"inLanguage":"de-CH"},{"@type":"Organization","@id":"https:\/\/www.brueckezuisrael.org\/ethiopia\/#organization","name":"Br\u00fccke der Hoffnung","url":"https:\/\/www.brueckezuisrael.org\/ethiopia\/","logo":{"@type":"ImageObject","inLanguage":"de-CH","@id":"https:\/\/www.brueckezuisrael.org\/ethiopia\/#\/schema\/logo\/image\/","url":"https:\/\/dev1.websketches.net\/ethiopia\/wp-content\/uploads\/sites\/5\/2023\/10\/BoH-favicon.png","contentUrl":"https:\/\/dev1.websketches.net\/ethiopia\/wp-content\/uploads\/sites\/5\/2023\/10\/BoH-favicon.png","width":640,"height":640,"caption":"Br\u00fccke der Hoffnung"},"image":{"@id":"https:\/\/www.brueckezuisrael.org\/ethiopia\/#\/schema\/logo\/image\/"}}]}},"_links":{"self":[{"href":"https:\/\/www.brueckezuisrael.org\/ethiopia\/wp-json\/wp\/v2\/pages\/132","targetHints":{"allow":["GET"]}}],"collection":[{"href":"https:\/\/www.brueckezuisrael.org\/ethiopia\/wp-json\/wp\/v2\/pages"}],"about":[{"href":"https:\/\/www.brueckezuisrael.org\/ethiopia\/wp-json\/wp\/v2\/types\/page"}],"author":[{"embeddable":true,"href":"https:\/\/www.brueckezuisrael.org\/ethiopia\/wp-json\/wp\/v2\/users\/1"}],"replies":[{"embeddable":true,"href":"https:\/\/www.brueckezuisrael.org\/ethiopia\/wp-json\/wp\/v2\/comments?post=132"}],"version-history":[{"count":16,"href":"https:\/\/www.brueckezuisrael.org\/ethiopia\/wp-json\/wp\/v2\/pages\/132\/revisions"}],"predecessor-version":[{"id":834,"href":"https:\/\/www.brueckezuisrael.org\/ethiopia\/wp-json\/wp\/v2\/pages\/132\/revisions\/834"}],"up":[{"embeddable":true,"href":"https:\/\/www.brueckezuisrael.org\/ethiopia\/wp-json\/wp\/v2\/pages\/126"}],"wp:attachment":[{"href":"https:\/\/www.brueckezuisrael.org\/ethiopia\/wp-json\/wp\/v2\/media?parent=132"}],"curies":[{"name":"wp","href":"https:\/\/api.w.org\/{rel}","templated":true}]}}