{"id":165,"date":"2023-10-09T23:58:50","date_gmt":"2023-10-09T21:58:50","guid":{"rendered":"https:\/\/dev1.websketches.net\/ethiopia\/?page_id=165"},"modified":"2023-10-11T12:20:00","modified_gmt":"2023-10-11T10:20:00","slug":"patenschaft-uebernehmen","status":"publish","type":"page","link":"https:\/\/www.brueckezuisrael.org\/ethiopia\/kontakt\/spenden\/patenschaft-uebernehmen\/","title":{"rendered":"Patenschaft \u00fcbernehmen"},"content":{"rendered":"\t\t<div data-elementor-type=\"wp-page\" data-elementor-id=\"165\" class=\"elementor elementor-165\" data-elementor-post-type=\"page\">\n\t\t\t\t\t\t<section class=\"elementor-section elementor-top-section elementor-element elementor-element-b97492a elementor-section-boxed elementor-section-height-default elementor-section-height-default\" data-id=\"b97492a\" data-element_type=\"section\" data-e-type=\"section\">\n\t\t\t\t\t\t<div class=\"elementor-container elementor-column-gap-default\">\n\t\t\t\t\t<div class=\"elementor-column elementor-col-100 elementor-top-column elementor-element elementor-element-1434803\" data-id=\"1434803\" data-element_type=\"column\" data-e-type=\"column\">\n\t\t\t<div class=\"elementor-widget-wrap elementor-element-populated\">\n\t\t\t\t\t\t<section class=\"elementor-section elementor-inner-section elementor-element elementor-element-99dc2c1 elementor-section-content-top elementor-section-boxed elementor-section-height-default elementor-section-height-default\" data-id=\"99dc2c1\" data-element_type=\"section\" data-e-type=\"section\">\n\t\t\t\t\t\t<div class=\"elementor-container elementor-column-gap-default\">\n\t\t\t\t\t<div class=\"elementor-column elementor-col-33 elementor-inner-column elementor-element elementor-element-e93263e\" data-id=\"e93263e\" data-element_type=\"column\" data-e-type=\"column\">\n\t\t\t<div class=\"elementor-widget-wrap elementor-element-populated\">\n\t\t\t\t\t\t<div class=\"elementor-element elementor-element-b25e370 elementor-widget elementor-widget-image\" data-id=\"b25e370\" data-element_type=\"widget\" data-e-type=\"widget\" data-widget_type=\"image.default\">\n\t\t\t\t<div class=\"elementor-widget-container\">\n\t\t\t\t\t\t\t\t\t\t\t\t\t\t\t<img fetchpriority=\"high\" decoding=\"async\" width=\"800\" height=\"560\" src=\"https:\/\/www.brueckezuisrael.org\/ethiopia\/wp-content\/uploads\/sites\/5\/2023\/10\/09_kinder-1.jpg\" class=\"attachment-large size-large wp-image-635\" alt=\"\" srcset=\"https:\/\/www.brueckezuisrael.org\/ethiopia\/wp-content\/uploads\/sites\/5\/2023\/10\/09_kinder-1.jpg 800w, https:\/\/www.brueckezuisrael.org\/ethiopia\/wp-content\/uploads\/sites\/5\/2023\/10\/09_kinder-1-300x210.jpg 300w, https:\/\/www.brueckezuisrael.org\/ethiopia\/wp-content\/uploads\/sites\/5\/2023\/10\/09_kinder-1-768x538.jpg 768w\" sizes=\"(max-width: 800px) 100vw, 800px\" \/>\t\t\t\t\t\t\t\t\t\t\t\t\t\t\t<\/div>\n\t\t\t\t<\/div>\n\t\t\t\t\t<\/div>\n\t\t<\/div>\n\t\t\t\t<div class=\"elementor-column elementor-col-66 elementor-inner-column elementor-element elementor-element-7ed2e5a\" data-id=\"7ed2e5a\" data-element_type=\"column\" data-e-type=\"column\">\n\t\t\t<div class=\"elementor-widget-wrap elementor-element-populated\">\n\t\t\t\t\t\t<div class=\"elementor-element elementor-element-178eca7 elementor-widget elementor-widget-text-editor\" data-id=\"178eca7\" data-element_type=\"widget\" data-e-type=\"widget\" data-widget_type=\"text-editor.default\">\n\t\t\t\t<div class=\"elementor-widget-container\">\n\t\t\t\t\t\t\t\t\t<p>Mit einer Patenschaft schenken Sie einem Waisenkind ein sicheres Zuhause sowie die M\u00f6glichkeit auf Bildung und eine Perspektive f\u00fcr die Zukunft. Treten Sie mit uns\u00a0<a href=\"https:\/\/www.brueckezuisrael.org\/ethiopia\/kontakt\/kontaktformular\/\">in Kontakt<\/a>, wenn Sie Interesse haben!<\/p><p>Ein Kind ben\u00f6tigt etwa 50 Schweizer Franken im Monat. Wir senden Ihnen ein aktuelles Bild des Kindes und den Namen einer Kontaktperson. So k\u00f6nnen Sie mit dem Kind in Verbindung sein.<\/p><p>Vielen Dank f\u00fcr Ihre Hilfe!<\/p>\t\t\t\t\t\t\t\t<\/div>\n\t\t\t\t<\/div>\n\t\t\t\t\t<\/div>\n\t\t<\/div>\n\t\t\t\t\t<\/div>\n\t\t<\/section>\n\t\t\t\t\t<\/div>\n\t\t<\/div>\n\t\t\t\t\t<\/div>\n\t\t<\/section>\n\t\t\t\t<\/div>\n\t\t","protected":false},"excerpt":{"rendered":"<p>Mit einer Patenschaft schenken Sie einem Waisenkind ein sicheres Zuhause sowie die M\u00f6glichkeit auf Bildung und eine Perspektive f\u00fcr die Zukunft. Treten Sie mit uns\u00a0in Kontakt, wenn Sie Interesse haben! Ein Kind ben\u00f6tigt etwa 50 Schweizer Franken im Monat. Wir senden Ihnen ein aktuelles Bild des Kindes und den Namen einer Kontaktperson. So k\u00f6nnen Sie [&hellip;]<\/p>\n","protected":false},"author":1,"featured_media":0,"parent":128,"menu_order":1,"comment_status":"closed","ping_status":"closed","template":"","meta":{"footnotes":""},"class_list":["post-165","page","type-page","status-publish","hentry"],"yoast_head":"<!-- This site is optimized with the Yoast SEO plugin v27.5 - https:\/\/yoast.com\/product\/yoast-seo-wordpress\/ -->\n<title>Patenschaft \u00fcbernehmen - Br\u00fccke der Hoffnung<\/title>\n<meta name=\"robots\" content=\"index, follow, max-snippet:-1, max-image-preview:large, max-video-preview:-1\" \/>\n<link rel=\"canonical\" href=\"https:\/\/www.brueckezuisrael.org\/ethiopia\/kontakt\/spenden\/patenschaft-uebernehmen\/\" \/>\n<meta property=\"og:locale\" content=\"de_DE\" \/>\n<meta property=\"og:type\" content=\"article\" \/>\n<meta property=\"og:title\" content=\"Patenschaft \u00fcbernehmen - Br\u00fccke der Hoffnung\" \/>\n<meta property=\"og:description\" content=\"Mit einer Patenschaft schenken Sie einem Waisenkind ein sicheres Zuhause sowie die M\u00f6glichkeit auf Bildung und eine Perspektive f\u00fcr die Zukunft. Treten Sie mit uns\u00a0in Kontakt, wenn Sie Interesse haben! Ein Kind ben\u00f6tigt etwa 50 Schweizer Franken im Monat. Wir senden Ihnen ein aktuelles Bild des Kindes und den Namen einer Kontaktperson. So k\u00f6nnen Sie [&hellip;]\" \/>\n<meta property=\"og:url\" content=\"https:\/\/www.brueckezuisrael.org\/ethiopia\/kontakt\/spenden\/patenschaft-uebernehmen\/\" \/>\n<meta property=\"og:site_name\" content=\"Br\u00fccke der Hoffnung\" \/>\n<meta property=\"article:modified_time\" content=\"2023-10-11T10:20:00+00:00\" \/>\n<meta property=\"og:image\" content=\"https:\/\/dev1.websketches.net\/ethiopia\/wp-content\/uploads\/sites\/5\/2023\/10\/09_kinder-1.jpg\" \/>\n<meta name=\"twitter:card\" content=\"summary_large_image\" \/>\n<meta name=\"twitter:label1\" content=\"Gesch\u00e4tzte Lesezeit\" \/>\n\t<meta name=\"twitter:data1\" content=\"1\u00a0Minute\" \/>\n<script type=\"application\/ld+json\" class=\"yoast-schema-graph\">{\"@context\":\"https:\\\/\\\/schema.org\",\"@graph\":[{\"@type\":\"WebPage\",\"@id\":\"https:\\\/\\\/www.brueckezuisrael.org\\\/ethiopia\\\/kontakt\\\/spenden\\\/patenschaft-uebernehmen\\\/\",\"url\":\"https:\\\/\\\/www.brueckezuisrael.org\\\/ethiopia\\\/kontakt\\\/spenden\\\/patenschaft-uebernehmen\\\/\",\"name\":\"Patenschaft \u00fcbernehmen - Br\u00fccke der Hoffnung\",\"isPartOf\":{\"@id\":\"https:\\\/\\\/www.brueckezuisrael.org\\\/ethiopia\\\/#website\"},\"primaryImageOfPage\":{\"@id\":\"https:\\\/\\\/www.brueckezuisrael.org\\\/ethiopia\\\/kontakt\\\/spenden\\\/patenschaft-uebernehmen\\\/#primaryimage\"},\"image\":{\"@id\":\"https:\\\/\\\/www.brueckezuisrael.org\\\/ethiopia\\\/kontakt\\\/spenden\\\/patenschaft-uebernehmen\\\/#primaryimage\"},\"thumbnailUrl\":\"https:\\\/\\\/dev1.websketches.net\\\/ethiopia\\\/wp-content\\\/uploads\\\/sites\\\/5\\\/2023\\\/10\\\/09_kinder-1.jpg\",\"datePublished\":\"2023-10-09T21:58:50+00:00\",\"dateModified\":\"2023-10-11T10:20:00+00:00\",\"breadcrumb\":{\"@id\":\"https:\\\/\\\/www.brueckezuisrael.org\\\/ethiopia\\\/kontakt\\\/spenden\\\/patenschaft-uebernehmen\\\/#breadcrumb\"},\"inLanguage\":\"de-CH\",\"potentialAction\":[{\"@type\":\"ReadAction\",\"target\":[\"https:\\\/\\\/www.brueckezuisrael.org\\\/ethiopia\\\/kontakt\\\/spenden\\\/patenschaft-uebernehmen\\\/\"]}]},{\"@type\":\"ImageObject\",\"inLanguage\":\"de-CH\",\"@id\":\"https:\\\/\\\/www.brueckezuisrael.org\\\/ethiopia\\\/kontakt\\\/spenden\\\/patenschaft-uebernehmen\\\/#primaryimage\",\"url\":\"https:\\\/\\\/dev1.websketches.net\\\/ethiopia\\\/wp-content\\\/uploads\\\/sites\\\/5\\\/2023\\\/10\\\/09_kinder-1.jpg\",\"contentUrl\":\"https:\\\/\\\/dev1.websketches.net\\\/ethiopia\\\/wp-content\\\/uploads\\\/sites\\\/5\\\/2023\\\/10\\\/09_kinder-1.jpg\"},{\"@type\":\"BreadcrumbList\",\"@id\":\"https:\\\/\\\/www.brueckezuisrael.org\\\/ethiopia\\\/kontakt\\\/spenden\\\/patenschaft-uebernehmen\\\/#breadcrumb\",\"itemListElement\":[{\"@type\":\"ListItem\",\"position\":1,\"name\":\"Home\",\"item\":\"https:\\\/\\\/www.brueckezuisrael.org\\\/ethiopia\\\/\"},{\"@type\":\"ListItem\",\"position\":2,\"name\":\"Kontakt\",\"item\":\"https:\\\/\\\/www.brueckezuisrael.org\\\/ethiopia\\\/kontakt\\\/\"},{\"@type\":\"ListItem\",\"position\":3,\"name\":\"Spenden\",\"item\":\"https:\\\/\\\/www.brueckezuisrael.org\\\/ethiopia\\\/kontakt\\\/spenden\\\/\"},{\"@type\":\"ListItem\",\"position\":4,\"name\":\"Patenschaft \u00fcbernehmen\"}]},{\"@type\":\"WebSite\",\"@id\":\"https:\\\/\\\/www.brueckezuisrael.org\\\/ethiopia\\\/#website\",\"url\":\"https:\\\/\\\/www.brueckezuisrael.org\\\/ethiopia\\\/\",\"name\":\"Br\u00fccke der Hoffnung\",\"description\":\"Br\u00fccke zu Israel in \u00c4thiopien\",\"publisher\":{\"@id\":\"https:\\\/\\\/www.brueckezuisrael.org\\\/ethiopia\\\/#organization\"},\"potentialAction\":[{\"@type\":\"SearchAction\",\"target\":{\"@type\":\"EntryPoint\",\"urlTemplate\":\"https:\\\/\\\/www.brueckezuisrael.org\\\/ethiopia\\\/?s={search_term_string}\"},\"query-input\":{\"@type\":\"PropertyValueSpecification\",\"valueRequired\":true,\"valueName\":\"search_term_string\"}}],\"inLanguage\":\"de-CH\"},{\"@type\":\"Organization\",\"@id\":\"https:\\\/\\\/www.brueckezuisrael.org\\\/ethiopia\\\/#organization\",\"name\":\"Br\u00fccke der Hoffnung\",\"url\":\"https:\\\/\\\/www.brueckezuisrael.org\\\/ethiopia\\\/\",\"logo\":{\"@type\":\"ImageObject\",\"inLanguage\":\"de-CH\",\"@id\":\"https:\\\/\\\/www.brueckezuisrael.org\\\/ethiopia\\\/#\\\/schema\\\/logo\\\/image\\\/\",\"url\":\"https:\\\/\\\/dev1.websketches.net\\\/ethiopia\\\/wp-content\\\/uploads\\\/sites\\\/5\\\/2023\\\/10\\\/BoH-favicon.png\",\"contentUrl\":\"https:\\\/\\\/dev1.websketches.net\\\/ethiopia\\\/wp-content\\\/uploads\\\/sites\\\/5\\\/2023\\\/10\\\/BoH-favicon.png\",\"width\":640,\"height\":640,\"caption\":\"Br\u00fccke der Hoffnung\"},\"image\":{\"@id\":\"https:\\\/\\\/www.brueckezuisrael.org\\\/ethiopia\\\/#\\\/schema\\\/logo\\\/image\\\/\"}}]}<\/script>\n<!-- \/ Yoast SEO plugin. -->","yoast_head_json":{"title":"Patenschaft \u00fcbernehmen - Br\u00fccke der Hoffnung","robots":{"index":"index","follow":"follow","max-snippet":"max-snippet:-1","max-image-preview":"max-image-preview:large","max-video-preview":"max-video-preview:-1"},"canonical":"https:\/\/www.brueckezuisrael.org\/ethiopia\/kontakt\/spenden\/patenschaft-uebernehmen\/","og_locale":"de_DE","og_type":"article","og_title":"Patenschaft \u00fcbernehmen - Br\u00fccke der Hoffnung","og_description":"Mit einer Patenschaft schenken Sie einem Waisenkind ein sicheres Zuhause sowie die M\u00f6glichkeit auf Bildung und eine Perspektive f\u00fcr die Zukunft. Treten Sie mit uns\u00a0in Kontakt, wenn Sie Interesse haben! Ein Kind ben\u00f6tigt etwa 50 Schweizer Franken im Monat. Wir senden Ihnen ein aktuelles Bild des Kindes und den Namen einer Kontaktperson. So k\u00f6nnen Sie [&hellip;]","og_url":"https:\/\/www.brueckezuisrael.org\/ethiopia\/kontakt\/spenden\/patenschaft-uebernehmen\/","og_site_name":"Br\u00fccke der Hoffnung","article_modified_time":"2023-10-11T10:20:00+00:00","og_image":[{"url":"https:\/\/dev1.websketches.net\/ethiopia\/wp-content\/uploads\/sites\/5\/2023\/10\/09_kinder-1.jpg","type":"","width":"","height":""}],"twitter_card":"summary_large_image","twitter_misc":{"Gesch\u00e4tzte Lesezeit":"1\u00a0Minute"},"schema":{"@context":"https:\/\/schema.org","@graph":[{"@type":"WebPage","@id":"https:\/\/www.brueckezuisrael.org\/ethiopia\/kontakt\/spenden\/patenschaft-uebernehmen\/","url":"https:\/\/www.brueckezuisrael.org\/ethiopia\/kontakt\/spenden\/patenschaft-uebernehmen\/","name":"Patenschaft \u00fcbernehmen - Br\u00fccke der Hoffnung","isPartOf":{"@id":"https:\/\/www.brueckezuisrael.org\/ethiopia\/#website"},"primaryImageOfPage":{"@id":"https:\/\/www.brueckezuisrael.org\/ethiopia\/kontakt\/spenden\/patenschaft-uebernehmen\/#primaryimage"},"image":{"@id":"https:\/\/www.brueckezuisrael.org\/ethiopia\/kontakt\/spenden\/patenschaft-uebernehmen\/#primaryimage"},"thumbnailUrl":"https:\/\/dev1.websketches.net\/ethiopia\/wp-content\/uploads\/sites\/5\/2023\/10\/09_kinder-1.jpg","datePublished":"2023-10-09T21:58:50+00:00","dateModified":"2023-10-11T10:20:00+00:00","breadcrumb":{"@id":"https:\/\/www.brueckezuisrael.org\/ethiopia\/kontakt\/spenden\/patenschaft-uebernehmen\/#breadcrumb"},"inLanguage":"de-CH","potentialAction":[{"@type":"ReadAction","target":["https:\/\/www.brueckezuisrael.org\/ethiopia\/kontakt\/spenden\/patenschaft-uebernehmen\/"]}]},{"@type":"ImageObject","inLanguage":"de-CH","@id":"https:\/\/www.brueckezuisrael.org\/ethiopia\/kontakt\/spenden\/patenschaft-uebernehmen\/#primaryimage","url":"https:\/\/dev1.websketches.net\/ethiopia\/wp-content\/uploads\/sites\/5\/2023\/10\/09_kinder-1.jpg","contentUrl":"https:\/\/dev1.websketches.net\/ethiopia\/wp-content\/uploads\/sites\/5\/2023\/10\/09_kinder-1.jpg"},{"@type":"BreadcrumbList","@id":"https:\/\/www.brueckezuisrael.org\/ethiopia\/kontakt\/spenden\/patenschaft-uebernehmen\/#breadcrumb","itemListElement":[{"@type":"ListItem","position":1,"name":"Home","item":"https:\/\/www.brueckezuisrael.org\/ethiopia\/"},{"@type":"ListItem","position":2,"name":"Kontakt","item":"https:\/\/www.brueckezuisrael.org\/ethiopia\/kontakt\/"},{"@type":"ListItem","position":3,"name":"Spenden","item":"https:\/\/www.brueckezuisrael.org\/ethiopia\/kontakt\/spenden\/"},{"@type":"ListItem","position":4,"name":"Patenschaft \u00fcbernehmen"}]},{"@type":"WebSite","@id":"https:\/\/www.brueckezuisrael.org\/ethiopia\/#website","url":"https:\/\/www.brueckezuisrael.org\/ethiopia\/","name":"Br\u00fccke der Hoffnung","description":"Br\u00fccke zu Israel in \u00c4thiopien","publisher":{"@id":"https:\/\/www.brueckezuisrael.org\/ethiopia\/#organization"},"potentialAction":[{"@type":"SearchAction","target":{"@type":"EntryPoint","urlTemplate":"https:\/\/www.brueckezuisrael.org\/ethiopia\/?s={search_term_string}"},"query-input":{"@type":"PropertyValueSpecification","valueRequired":true,"valueName":"search_term_string"}}],"inLanguage":"de-CH"},{"@type":"Organization","@id":"https:\/\/www.brueckezuisrael.org\/ethiopia\/#organization","name":"Br\u00fccke der Hoffnung","url":"https:\/\/www.brueckezuisrael.org\/ethiopia\/","logo":{"@type":"ImageObject","inLanguage":"de-CH","@id":"https:\/\/www.brueckezuisrael.org\/ethiopia\/#\/schema\/logo\/image\/","url":"https:\/\/dev1.websketches.net\/ethiopia\/wp-content\/uploads\/sites\/5\/2023\/10\/BoH-favicon.png","contentUrl":"https:\/\/dev1.websketches.net\/ethiopia\/wp-content\/uploads\/sites\/5\/2023\/10\/BoH-favicon.png","width":640,"height":640,"caption":"Br\u00fccke der Hoffnung"},"image":{"@id":"https:\/\/www.brueckezuisrael.org\/ethiopia\/#\/schema\/logo\/image\/"}}]}},"_links":{"self":[{"href":"https:\/\/www.brueckezuisrael.org\/ethiopia\/wp-json\/wp\/v2\/pages\/165","targetHints":{"allow":["GET"]}}],"collection":[{"href":"https:\/\/www.brueckezuisrael.org\/ethiopia\/wp-json\/wp\/v2\/pages"}],"about":[{"href":"https:\/\/www.brueckezuisrael.org\/ethiopia\/wp-json\/wp\/v2\/types\/page"}],"author":[{"embeddable":true,"href":"https:\/\/www.brueckezuisrael.org\/ethiopia\/wp-json\/wp\/v2\/users\/1"}],"replies":[{"embeddable":true,"href":"https:\/\/www.brueckezuisrael.org\/ethiopia\/wp-json\/wp\/v2\/comments?post=165"}],"version-history":[{"count":13,"href":"https:\/\/www.brueckezuisrael.org\/ethiopia\/wp-json\/wp\/v2\/pages\/165\/revisions"}],"predecessor-version":[{"id":647,"href":"https:\/\/www.brueckezuisrael.org\/ethiopia\/wp-json\/wp\/v2\/pages\/165\/revisions\/647"}],"up":[{"embeddable":true,"href":"https:\/\/www.brueckezuisrael.org\/ethiopia\/wp-json\/wp\/v2\/pages\/128"}],"wp:attachment":[{"href":"https:\/\/www.brueckezuisrael.org\/ethiopia\/wp-json\/wp\/v2\/media?parent=165"}],"curies":[{"name":"wp","href":"https:\/\/api.w.org\/{rel}","templated":true}]}}