{"id":2,"date":"2023-02-26T14:58:21","date_gmt":"2023-02-26T13:58:21","guid":{"rendered":"https:\/\/dev1.websketches.net\/ethiopia\/?page_id=2"},"modified":"2023-10-10T00:08:31","modified_gmt":"2023-10-09T22:08:31","slug":"beispiel-seite","status":"publish","type":"page","link":"https:\/\/www.brueckezuisrael.org\/ethiopia\/","title":{"rendered":"Herzlich Willkommen"},"content":{"rendered":"\t\t<div data-elementor-type=\"wp-page\" data-elementor-id=\"2\" class=\"elementor elementor-2\" data-elementor-post-type=\"page\">\n\t\t\t\t\t\t<section class=\"elementor-section elementor-top-section elementor-element elementor-element-5e963cf1 elementor-section-boxed elementor-section-height-default elementor-section-height-default\" data-id=\"5e963cf1\" data-element_type=\"section\" data-e-type=\"section\">\n\t\t\t\t\t\t<div class=\"elementor-container elementor-column-gap-default\">\n\t\t\t\t\t<div class=\"elementor-column elementor-col-100 elementor-top-column elementor-element elementor-element-6ee7d226\" data-id=\"6ee7d226\" data-element_type=\"column\" data-e-type=\"column\">\n\t\t\t<div class=\"elementor-widget-wrap elementor-element-populated\">\n\t\t\t\t\t\t<div class=\"elementor-element elementor-element-65d312e9 elementor-widget elementor-widget-text-editor\" data-id=\"65d312e9\" data-element_type=\"widget\" data-e-type=\"widget\" data-widget_type=\"text-editor.default\">\n\t\t\t\t<div class=\"elementor-widget-container\">\n\t\t\t\t\t\t\t\t\t<p>auf den Webseiten der &#171;Br\u00fccke der Hoffnung&#187;!<\/p><p>Unsere Welt ist das Zuhause von unz\u00e4hligen unschuldigen Kindern, deren Existenz durch nat\u00fcrliche und durch Menschen hervorgerufene Katastrophen, wie Krieg, D\u00fcrre, Hungersnot, famili\u00e4re Trag\u00f6dien oder korrupte Regierungen im Tiefsten ersch\u00fcttert wurde. Viele dieser Kinder leben auf der Stra\u00dfe &#8211; ohne Nahrung, ohne ein warmes Bett, ohne die Hoffnung auf eine bessere Zukunft. Viele sterben schon im Kindesalter, ohne je die Chance gehabt zu haben, ein eigenes Leben zu f\u00fchren. Diese Kinder brauchen Versorgung &#8211; nicht nur mit Essen und einem Ort zum Leben &#8211; sondern vor allem auch viel Liebe, Zuwendung, Unterst\u00fctzung und Schutz, so dass sie zu verantwortlichen B\u00fcrgern heranwachsen k\u00f6nnen.<\/p><p><a href=\"https:\/\/www.brueckezuisrael.org\/ethiopia\/ueber-uns\/\">&#171;Br\u00fccke der Hoffnung&#187;<\/a> m\u00f6chte einen Beitrag leisten, das vielschichtige Leid bed\u00fcrftiger Kinder in \u00c4thiopien zu lindern. Wir sind eine christliche Hilfsorganisation und sorgen momentan f\u00fcr 71 Jungen und 79 M\u00e4dchen <a href=\"https:\/\/www.brueckezuisrael.org\/ethiopia\/waisendorf\/\">in einem eigenen Waisendorf<\/a> in Gondar, sowie unterst\u00fctzen etliche Familien in Not. Wir hoffen, ihre so schwer belastete Existenz zu einem lebenswerten Leben ver\u00e4ndern zu k\u00f6nnen. Hier k\u00f6nnen Sie <a href=\"https:\/\/www.brueckezuisrael.org\/ethiopia\/waisendorf\/bilder\/\">einen Einblick in das Dorf<\/a> haben.<\/p><p>&#171;Br\u00fccke der Hoffnung&#187; ist Teil der &#171;Br\u00fccke zu Israel&#187; und wurde von Magdalena und Timotheus Augstburger ins Leben gerufen.<\/p>\t\t\t\t\t\t\t\t<\/div>\n\t\t\t\t<\/div>\n\t\t\t\t<div class=\"elementor-element elementor-element-e180104 elementor-widget elementor-widget-image\" data-id=\"e180104\" data-element_type=\"widget\" data-e-type=\"widget\" data-widget_type=\"image.default\">\n\t\t\t\t<div class=\"elementor-widget-container\">\n\t\t\t\t\t\t\t\t\t\t\t\t<figure class=\"wp-caption\">\n\t\t\t\t\t\t\t\t\t\t<img fetchpriority=\"high\" decoding=\"async\" width=\"248\" height=\"344\" src=\"https:\/\/www.brueckezuisrael.org\/ethiopia\/wp-content\/uploads\/sites\/5\/2023\/10\/EhepaarAugstburger_kl.jpg\" class=\"attachment-full size-full wp-image-47\" alt=\"\" srcset=\"https:\/\/www.brueckezuisrael.org\/ethiopia\/wp-content\/uploads\/sites\/5\/2023\/10\/EhepaarAugstburger_kl.jpg 248w, https:\/\/www.brueckezuisrael.org\/ethiopia\/wp-content\/uploads\/sites\/5\/2023\/10\/EhepaarAugstburger_kl-216x300.jpg 216w\" sizes=\"(max-width: 248px) 100vw, 248px\" \/>\t\t\t\t\t\t\t\t\t\t\t<figcaption class=\"widget-image-caption wp-caption-text\">Magdalena (\u2020) und Timotheus (\u2020) Augstburger<\/figcaption>\n\t\t\t\t\t\t\t\t\t\t<\/figure>\n\t\t\t\t\t\t\t\t\t<\/div>\n\t\t\t\t<\/div>\n\t\t\t\t<div class=\"elementor-element elementor-element-e6e82bd elementor-widget elementor-widget-text-editor\" data-id=\"e6e82bd\" data-element_type=\"widget\" data-e-type=\"widget\" data-widget_type=\"text-editor.default\">\n\t\t\t\t<div class=\"elementor-widget-container\">\n\t\t\t\t\t\t\t\t\t<p>Um Aktuelles aus unserem Waisendorf zu erfahren, k\u00f6nnen Sie <a href=\"https:\/\/www.brueckezuisrael.org\/ethiopia\/broschuere\/\">hier unsere Brosch\u00fcre<\/a> aus \u00c4thiopien lesen.<\/p>\n<p>Sie k\u00f6nnen uns durch verschiedene M\u00f6glichkeiten unterst\u00fctzen:<\/p>\t\t\t\t\t\t\t\t<\/div>\n\t\t\t\t<\/div>\n\t\t\t\t<div class=\"elementor-element elementor-element-0a7de29 elementor-widget elementor-widget-text-editor\" data-id=\"0a7de29\" data-element_type=\"widget\" data-e-type=\"widget\" data-widget_type=\"text-editor.default\">\n\t\t\t\t<div class=\"elementor-widget-container\">\n\t\t\t\t\t\t\t\t\t<p>&#8211; Sie k\u00f6nnen <a href=\"https:\/\/www.brueckezuisrael.org\/ethiopia\/kontakt\/spenden\/patenschaft-uebernehmen\/\">eine Patenschaft \u00fcbernehmen &#8211; f\u00fcr ein Kind oder auch mehrere<\/a><\/p><p>&#8211; Sie k\u00f6nnen <a href=\"https:\/\/www.brueckezuisrael.org\/ethiopia\/kontakt\/spenden\/geld-spenden\/\">ein Projekt (mit)finanzieren oder eine allgemeine Geldspende geben<\/a><\/p>\t\t\t\t\t\t\t\t<\/div>\n\t\t\t\t<\/div>\n\t\t\t\t<div class=\"elementor-element elementor-element-85af91c elementor-widget elementor-widget-text-editor\" data-id=\"85af91c\" data-element_type=\"widget\" data-e-type=\"widget\" data-widget_type=\"text-editor.default\">\n\t\t\t\t<div class=\"elementor-widget-container\">\n\t\t\t\t\t\t\t\t\t<p><span style=\"font-weight: 600;\">Vielen Dank!<\/span><\/p>\t\t\t\t\t\t\t\t<\/div>\n\t\t\t\t<\/div>\n\t\t\t\t<div class=\"elementor-element elementor-element-addcfdd elementor-widget elementor-widget-heading\" data-id=\"addcfdd\" data-element_type=\"widget\" data-e-type=\"widget\" data-widget_type=\"heading.default\">\n\t\t\t\t<div class=\"elementor-widget-container\">\n\t\t\t\t\t<h2 class=\"elementor-heading-title elementor-size-default\">Der Zahlungsverkehr wird in der ganzen Schweiz angepasst.<\/h2>\t\t\t\t<\/div>\n\t\t\t\t<\/div>\n\t\t\t\t<div class=\"elementor-element elementor-element-007a4cd elementor-widget elementor-widget-text-editor\" data-id=\"007a4cd\" data-element_type=\"widget\" data-e-type=\"widget\" data-widget_type=\"text-editor.default\">\n\t\t\t\t<div class=\"elementor-widget-container\">\n\t\t\t\t\t\t\t\t\t<p>Deshalb wird ab September 2022 der orange Einzahlungsschein nicht mehr g\u00fcltig sein. Der neue QR- ES ersetzt den ES.<br \/>Wir bitten alle, die bei der Post oder Bank einen Dauerauftrag haben, dies zu veranlassen mit dem abgebildeten neuen ES:<\/p>\t\t\t\t\t\t\t\t<\/div>\n\t\t\t\t<\/div>\n\t\t\t\t<div class=\"elementor-element elementor-element-f29cf47 elementor-widget elementor-widget-image\" data-id=\"f29cf47\" data-element_type=\"widget\" data-e-type=\"widget\" data-widget_type=\"image.default\">\n\t\t\t\t<div class=\"elementor-widget-container\">\n\t\t\t\t\t\t\t\t\t\t\t\t\t\t\t\t<a href=\"https:\/\/www.brueckezuisrael.org\/ethiopia\/wp-content\/uploads\/sites\/5\/2023\/10\/es-ethiopia-jpg.jpg\" data-elementor-open-lightbox=\"no\">\n\t\t\t\t\t\t\t<img decoding=\"async\" width=\"1700\" height=\"830\" src=\"https:\/\/www.brueckezuisrael.org\/ethiopia\/wp-content\/uploads\/sites\/5\/2023\/10\/es-ethiopia-jpg.jpg\" class=\"attachment-full size-full wp-image-55\" alt=\"\" srcset=\"https:\/\/www.brueckezuisrael.org\/ethiopia\/wp-content\/uploads\/sites\/5\/2023\/10\/es-ethiopia-jpg.jpg 1700w, https:\/\/www.brueckezuisrael.org\/ethiopia\/wp-content\/uploads\/sites\/5\/2023\/10\/es-ethiopia-jpg-300x146.jpg 300w, https:\/\/www.brueckezuisrael.org\/ethiopia\/wp-content\/uploads\/sites\/5\/2023\/10\/es-ethiopia-jpg-1024x500.jpg 1024w, https:\/\/www.brueckezuisrael.org\/ethiopia\/wp-content\/uploads\/sites\/5\/2023\/10\/es-ethiopia-jpg-768x375.jpg 768w, https:\/\/www.brueckezuisrael.org\/ethiopia\/wp-content\/uploads\/sites\/5\/2023\/10\/es-ethiopia-jpg-1536x750.jpg 1536w\" sizes=\"(max-width: 1700px) 100vw, 1700px\" \/>\t\t\t\t\t\t\t\t<\/a>\n\t\t\t\t\t\t\t\t\t\t\t\t\t\t\t<\/div>\n\t\t\t\t<\/div>\n\t\t\t\t\t<\/div>\n\t\t<\/div>\n\t\t\t\t\t<\/div>\n\t\t<\/section>\n\t\t\t\t<\/div>\n\t\t","protected":false},"excerpt":{"rendered":"<p>auf den Webseiten der &#171;Br\u00fccke der Hoffnung&#187;! Unsere Welt ist das Zuhause von unz\u00e4hligen unschuldigen Kindern, deren Existenz durch nat\u00fcrliche und durch Menschen hervorgerufene Katastrophen, wie Krieg, D\u00fcrre, Hungersnot, famili\u00e4re Trag\u00f6dien oder korrupte Regierungen im Tiefsten ersch\u00fcttert wurde. Viele dieser Kinder leben auf der Stra\u00dfe &#8211; ohne Nahrung, ohne ein warmes Bett, ohne die Hoffnung [&hellip;]<\/p>\n","protected":false},"author":1,"featured_media":0,"parent":0,"menu_order":0,"comment_status":"closed","ping_status":"open","template":"","meta":{"footnotes":""},"class_list":["post-2","page","type-page","status-publish","hentry"],"yoast_head":"<!-- This site is optimized with the Yoast SEO plugin v27.6 - https:\/\/yoast.com\/product\/yoast-seo-wordpress\/ -->\n<title>Herzlich Willkommen - Br\u00fccke der Hoffnung<\/title>\n<meta name=\"robots\" content=\"index, follow, max-snippet:-1, max-image-preview:large, max-video-preview:-1\" \/>\n<link rel=\"canonical\" href=\"https:\/\/www.brueckezuisrael.org\/ethiopia\/\" \/>\n<meta property=\"og:locale\" content=\"de_DE\" \/>\n<meta property=\"og:type\" content=\"article\" \/>\n<meta property=\"og:title\" content=\"Herzlich Willkommen - Br\u00fccke der Hoffnung\" \/>\n<meta property=\"og:description\" content=\"auf den Webseiten der &#171;Br\u00fccke der Hoffnung&#187;! Unsere Welt ist das Zuhause von unz\u00e4hligen unschuldigen Kindern, deren Existenz durch nat\u00fcrliche und durch Menschen hervorgerufene Katastrophen, wie Krieg, D\u00fcrre, Hungersnot, famili\u00e4re Trag\u00f6dien oder korrupte Regierungen im Tiefsten ersch\u00fcttert wurde. Viele dieser Kinder leben auf der Stra\u00dfe &#8211; ohne Nahrung, ohne ein warmes Bett, ohne die Hoffnung [&hellip;]\" \/>\n<meta property=\"og:url\" content=\"https:\/\/www.brueckezuisrael.org\/ethiopia\/\" \/>\n<meta property=\"og:site_name\" content=\"Br\u00fccke der Hoffnung\" \/>\n<meta property=\"article:modified_time\" content=\"2023-10-09T22:08:31+00:00\" \/>\n<meta property=\"og:image\" content=\"https:\/\/dev1.websketches.net\/ethiopia\/wp-content\/uploads\/sites\/5\/2023\/10\/EhepaarAugstburger_kl.jpg\" \/>\n<meta name=\"twitter:card\" content=\"summary_large_image\" \/>\n<meta name=\"twitter:label1\" content=\"Gesch\u00e4tzte Lesezeit\" \/>\n\t<meta name=\"twitter:data1\" content=\"3\u00a0Minuten\" \/>\n<script type=\"application\/ld+json\" class=\"yoast-schema-graph\">{\"@context\":\"https:\\\/\\\/schema.org\",\"@graph\":[{\"@type\":\"WebPage\",\"@id\":\"https:\\\/\\\/www.brueckezuisrael.org\\\/ethiopia\\\/\",\"url\":\"https:\\\/\\\/www.brueckezuisrael.org\\\/ethiopia\\\/\",\"name\":\"Herzlich Willkommen - Br\u00fccke der Hoffnung\",\"isPartOf\":{\"@id\":\"https:\\\/\\\/www.brueckezuisrael.org\\\/ethiopia\\\/#website\"},\"primaryImageOfPage\":{\"@id\":\"https:\\\/\\\/www.brueckezuisrael.org\\\/ethiopia\\\/#primaryimage\"},\"image\":{\"@id\":\"https:\\\/\\\/www.brueckezuisrael.org\\\/ethiopia\\\/#primaryimage\"},\"thumbnailUrl\":\"https:\\\/\\\/dev1.websketches.net\\\/ethiopia\\\/wp-content\\\/uploads\\\/sites\\\/5\\\/2023\\\/10\\\/EhepaarAugstburger_kl.jpg\",\"datePublished\":\"2023-02-26T13:58:21+00:00\",\"dateModified\":\"2023-10-09T22:08:31+00:00\",\"breadcrumb\":{\"@id\":\"https:\\\/\\\/www.brueckezuisrael.org\\\/ethiopia\\\/#breadcrumb\"},\"inLanguage\":\"de-CH\",\"potentialAction\":[{\"@type\":\"ReadAction\",\"target\":[\"https:\\\/\\\/www.brueckezuisrael.org\\\/ethiopia\\\/\"]}]},{\"@type\":\"ImageObject\",\"inLanguage\":\"de-CH\",\"@id\":\"https:\\\/\\\/www.brueckezuisrael.org\\\/ethiopia\\\/#primaryimage\",\"url\":\"https:\\\/\\\/dev1.websketches.net\\\/ethiopia\\\/wp-content\\\/uploads\\\/sites\\\/5\\\/2023\\\/10\\\/EhepaarAugstburger_kl.jpg\",\"contentUrl\":\"https:\\\/\\\/dev1.websketches.net\\\/ethiopia\\\/wp-content\\\/uploads\\\/sites\\\/5\\\/2023\\\/10\\\/EhepaarAugstburger_kl.jpg\"},{\"@type\":\"BreadcrumbList\",\"@id\":\"https:\\\/\\\/www.brueckezuisrael.org\\\/ethiopia\\\/#breadcrumb\",\"itemListElement\":[{\"@type\":\"ListItem\",\"position\":1,\"name\":\"Home\",\"item\":\"https:\\\/\\\/www.brueckezuisrael.org\\\/ethiopia\\\/\"},{\"@type\":\"ListItem\",\"position\":2,\"name\":\"Herzlich Willkommen\"}]},{\"@type\":\"WebSite\",\"@id\":\"https:\\\/\\\/www.brueckezuisrael.org\\\/ethiopia\\\/#website\",\"url\":\"https:\\\/\\\/www.brueckezuisrael.org\\\/ethiopia\\\/\",\"name\":\"Br\u00fccke der Hoffnung\",\"description\":\"Br\u00fccke zu Israel in \u00c4thiopien\",\"publisher\":{\"@id\":\"https:\\\/\\\/www.brueckezuisrael.org\\\/ethiopia\\\/#organization\"},\"potentialAction\":[{\"@type\":\"SearchAction\",\"target\":{\"@type\":\"EntryPoint\",\"urlTemplate\":\"https:\\\/\\\/www.brueckezuisrael.org\\\/ethiopia\\\/?s={search_term_string}\"},\"query-input\":{\"@type\":\"PropertyValueSpecification\",\"valueRequired\":true,\"valueName\":\"search_term_string\"}}],\"inLanguage\":\"de-CH\"},{\"@type\":\"Organization\",\"@id\":\"https:\\\/\\\/www.brueckezuisrael.org\\\/ethiopia\\\/#organization\",\"name\":\"Br\u00fccke der Hoffnung\",\"url\":\"https:\\\/\\\/www.brueckezuisrael.org\\\/ethiopia\\\/\",\"logo\":{\"@type\":\"ImageObject\",\"inLanguage\":\"de-CH\",\"@id\":\"https:\\\/\\\/www.brueckezuisrael.org\\\/ethiopia\\\/#\\\/schema\\\/logo\\\/image\\\/\",\"url\":\"https:\\\/\\\/dev1.websketches.net\\\/ethiopia\\\/wp-content\\\/uploads\\\/sites\\\/5\\\/2023\\\/10\\\/BoH-favicon.png\",\"contentUrl\":\"https:\\\/\\\/dev1.websketches.net\\\/ethiopia\\\/wp-content\\\/uploads\\\/sites\\\/5\\\/2023\\\/10\\\/BoH-favicon.png\",\"width\":640,\"height\":640,\"caption\":\"Br\u00fccke der Hoffnung\"},\"image\":{\"@id\":\"https:\\\/\\\/www.brueckezuisrael.org\\\/ethiopia\\\/#\\\/schema\\\/logo\\\/image\\\/\"}}]}<\/script>\n<!-- \/ Yoast SEO plugin. -->","yoast_head_json":{"title":"Herzlich Willkommen - Br\u00fccke der Hoffnung","robots":{"index":"index","follow":"follow","max-snippet":"max-snippet:-1","max-image-preview":"max-image-preview:large","max-video-preview":"max-video-preview:-1"},"canonical":"https:\/\/www.brueckezuisrael.org\/ethiopia\/","og_locale":"de_DE","og_type":"article","og_title":"Herzlich Willkommen - Br\u00fccke der Hoffnung","og_description":"auf den Webseiten der &#171;Br\u00fccke der Hoffnung&#187;! Unsere Welt ist das Zuhause von unz\u00e4hligen unschuldigen Kindern, deren Existenz durch nat\u00fcrliche und durch Menschen hervorgerufene Katastrophen, wie Krieg, D\u00fcrre, Hungersnot, famili\u00e4re Trag\u00f6dien oder korrupte Regierungen im Tiefsten ersch\u00fcttert wurde. Viele dieser Kinder leben auf der Stra\u00dfe &#8211; ohne Nahrung, ohne ein warmes Bett, ohne die Hoffnung [&hellip;]","og_url":"https:\/\/www.brueckezuisrael.org\/ethiopia\/","og_site_name":"Br\u00fccke der Hoffnung","article_modified_time":"2023-10-09T22:08:31+00:00","og_image":[{"url":"https:\/\/dev1.websketches.net\/ethiopia\/wp-content\/uploads\/sites\/5\/2023\/10\/EhepaarAugstburger_kl.jpg","type":"","width":"","height":""}],"twitter_card":"summary_large_image","twitter_misc":{"Gesch\u00e4tzte Lesezeit":"3\u00a0Minuten"},"schema":{"@context":"https:\/\/schema.org","@graph":[{"@type":"WebPage","@id":"https:\/\/www.brueckezuisrael.org\/ethiopia\/","url":"https:\/\/www.brueckezuisrael.org\/ethiopia\/","name":"Herzlich Willkommen - Br\u00fccke der Hoffnung","isPartOf":{"@id":"https:\/\/www.brueckezuisrael.org\/ethiopia\/#website"},"primaryImageOfPage":{"@id":"https:\/\/www.brueckezuisrael.org\/ethiopia\/#primaryimage"},"image":{"@id":"https:\/\/www.brueckezuisrael.org\/ethiopia\/#primaryimage"},"thumbnailUrl":"https:\/\/dev1.websketches.net\/ethiopia\/wp-content\/uploads\/sites\/5\/2023\/10\/EhepaarAugstburger_kl.jpg","datePublished":"2023-02-26T13:58:21+00:00","dateModified":"2023-10-09T22:08:31+00:00","breadcrumb":{"@id":"https:\/\/www.brueckezuisrael.org\/ethiopia\/#breadcrumb"},"inLanguage":"de-CH","potentialAction":[{"@type":"ReadAction","target":["https:\/\/www.brueckezuisrael.org\/ethiopia\/"]}]},{"@type":"ImageObject","inLanguage":"de-CH","@id":"https:\/\/www.brueckezuisrael.org\/ethiopia\/#primaryimage","url":"https:\/\/dev1.websketches.net\/ethiopia\/wp-content\/uploads\/sites\/5\/2023\/10\/EhepaarAugstburger_kl.jpg","contentUrl":"https:\/\/dev1.websketches.net\/ethiopia\/wp-content\/uploads\/sites\/5\/2023\/10\/EhepaarAugstburger_kl.jpg"},{"@type":"BreadcrumbList","@id":"https:\/\/www.brueckezuisrael.org\/ethiopia\/#breadcrumb","itemListElement":[{"@type":"ListItem","position":1,"name":"Home","item":"https:\/\/www.brueckezuisrael.org\/ethiopia\/"},{"@type":"ListItem","position":2,"name":"Herzlich Willkommen"}]},{"@type":"WebSite","@id":"https:\/\/www.brueckezuisrael.org\/ethiopia\/#website","url":"https:\/\/www.brueckezuisrael.org\/ethiopia\/","name":"Br\u00fccke der Hoffnung","description":"Br\u00fccke zu Israel in \u00c4thiopien","publisher":{"@id":"https:\/\/www.brueckezuisrael.org\/ethiopia\/#organization"},"potentialAction":[{"@type":"SearchAction","target":{"@type":"EntryPoint","urlTemplate":"https:\/\/www.brueckezuisrael.org\/ethiopia\/?s={search_term_string}"},"query-input":{"@type":"PropertyValueSpecification","valueRequired":true,"valueName":"search_term_string"}}],"inLanguage":"de-CH"},{"@type":"Organization","@id":"https:\/\/www.brueckezuisrael.org\/ethiopia\/#organization","name":"Br\u00fccke der Hoffnung","url":"https:\/\/www.brueckezuisrael.org\/ethiopia\/","logo":{"@type":"ImageObject","inLanguage":"de-CH","@id":"https:\/\/www.brueckezuisrael.org\/ethiopia\/#\/schema\/logo\/image\/","url":"https:\/\/dev1.websketches.net\/ethiopia\/wp-content\/uploads\/sites\/5\/2023\/10\/BoH-favicon.png","contentUrl":"https:\/\/dev1.websketches.net\/ethiopia\/wp-content\/uploads\/sites\/5\/2023\/10\/BoH-favicon.png","width":640,"height":640,"caption":"Br\u00fccke der Hoffnung"},"image":{"@id":"https:\/\/www.brueckezuisrael.org\/ethiopia\/#\/schema\/logo\/image\/"}}]}},"_links":{"self":[{"href":"https:\/\/www.brueckezuisrael.org\/ethiopia\/wp-json\/wp\/v2\/pages\/2","targetHints":{"allow":["GET"]}}],"collection":[{"href":"https:\/\/www.brueckezuisrael.org\/ethiopia\/wp-json\/wp\/v2\/pages"}],"about":[{"href":"https:\/\/www.brueckezuisrael.org\/ethiopia\/wp-json\/wp\/v2\/types\/page"}],"author":[{"embeddable":true,"href":"https:\/\/www.brueckezuisrael.org\/ethiopia\/wp-json\/wp\/v2\/users\/1"}],"replies":[{"embeddable":true,"href":"https:\/\/www.brueckezuisrael.org\/ethiopia\/wp-json\/wp\/v2\/comments?post=2"}],"version-history":[{"count":52,"href":"https:\/\/www.brueckezuisrael.org\/ethiopia\/wp-json\/wp\/v2\/pages\/2\/revisions"}],"predecessor-version":[{"id":191,"href":"https:\/\/www.brueckezuisrael.org\/ethiopia\/wp-json\/wp\/v2\/pages\/2\/revisions\/191"}],"wp:attachment":[{"href":"https:\/\/www.brueckezuisrael.org\/ethiopia\/wp-json\/wp\/v2\/media?parent=2"}],"curies":[{"name":"wp","href":"https:\/\/api.w.org\/{rel}","templated":true}]}}