{"id":14,"date":"2023-02-26T15:17:53","date_gmt":"2023-02-26T14:17:53","guid":{"rendered":"https:\/\/dev1.websketches.net\/israel\/?page_id=14"},"modified":"2023-10-09T12:23:49","modified_gmt":"2023-10-09T10:23:49","slug":"kontakt","status":"publish","type":"page","link":"https:\/\/www.brueckezuisrael.org\/israel\/kontakt\/","title":{"rendered":"Kontakt"},"content":{"rendered":"\t\t<div data-elementor-type=\"wp-page\" data-elementor-id=\"14\" class=\"elementor elementor-14\" data-elementor-post-type=\"page\">\n\t\t\t\t\t\t<section class=\"elementor-section elementor-top-section elementor-element elementor-element-5cf8e7c elementor-section-boxed elementor-section-height-default elementor-section-height-default\" data-id=\"5cf8e7c\" data-element_type=\"section\" data-e-type=\"section\">\n\t\t\t\t\t\t<div class=\"elementor-container elementor-column-gap-default\">\n\t\t\t\t\t<div class=\"elementor-column elementor-col-100 elementor-top-column elementor-element elementor-element-091e533\" data-id=\"091e533\" data-element_type=\"column\" data-e-type=\"column\">\n\t\t\t<div class=\"elementor-widget-wrap elementor-element-populated\">\n\t\t\t\t\t\t<section class=\"elementor-section elementor-inner-section elementor-element elementor-element-19654f4 elementor-section-boxed elementor-section-height-default elementor-section-height-default\" data-id=\"19654f4\" data-element_type=\"section\" data-e-type=\"section\">\n\t\t\t\t\t\t<div class=\"elementor-container elementor-column-gap-default\">\n\t\t\t\t\t<div class=\"elementor-column elementor-col-50 elementor-inner-column elementor-element elementor-element-2a936f0\" data-id=\"2a936f0\" data-element_type=\"column\" data-e-type=\"column\">\n\t\t\t<div class=\"elementor-widget-wrap elementor-element-populated\">\n\t\t\t\t\t\t<div class=\"elementor-element elementor-element-dde0228 elementor-view-framed elementor-position-inline-start elementor-shape-circle elementor-mobile-position-block-start elementor-widget elementor-widget-icon-box\" data-id=\"dde0228\" data-element_type=\"widget\" data-e-type=\"widget\" data-widget_type=\"icon-box.default\">\n\t\t\t\t<div class=\"elementor-widget-container\">\n\t\t\t\t\t\t\t<div class=\"elementor-icon-box-wrapper\">\n\n\t\t\t\t\t\t<div class=\"elementor-icon-box-icon\">\n\t\t\t\t<a href=\"https:\/\/www.brueckezuisrael.org\/israel\/kontakt\/ueber-das-hilfswerk\/\" class=\"elementor-icon\" tabindex=\"-1\" aria-label=\"Informationen\">\n\t\t\t\t<i aria-hidden=\"true\" class=\"fas fa-info\"><\/i>\t\t\t\t<\/a>\n\t\t\t<\/div>\n\t\t\t\n\t\t\t\t\t\t<div class=\"elementor-icon-box-content\">\n\n\t\t\t\t\t\t\t\t\t<h3 class=\"elementor-icon-box-title\">\n\t\t\t\t\t\t<a href=\"https:\/\/www.brueckezuisrael.org\/israel\/kontakt\/ueber-das-hilfswerk\/\" >\n\t\t\t\t\t\t\tInformationen\t\t\t\t\t\t<\/a>\n\t\t\t\t\t<\/h3>\n\t\t\t\t\n\t\t\t\t\t\t\t\t\t<p class=\"elementor-icon-box-description\">\n\t\t\t\t\t\tHier finden Sie Informationen \u00fcber unser Werk.\t\t\t\t\t<\/p>\n\t\t\t\t\n\t\t\t<\/div>\n\t\t\t\n\t\t<\/div>\n\t\t\t\t\t\t<\/div>\n\t\t\t\t<\/div>\n\t\t\t\t\t<\/div>\n\t\t<\/div>\n\t\t\t\t<div class=\"elementor-column elementor-col-50 elementor-inner-column elementor-element elementor-element-fdf2937\" data-id=\"fdf2937\" data-element_type=\"column\" data-e-type=\"column\">\n\t\t\t<div class=\"elementor-widget-wrap elementor-element-populated\">\n\t\t\t\t\t\t<div class=\"elementor-element elementor-element-e8225e7 elementor-view-framed elementor-position-inline-start elementor-shape-circle elementor-mobile-position-block-start elementor-widget elementor-widget-icon-box\" data-id=\"e8225e7\" data-element_type=\"widget\" data-e-type=\"widget\" data-widget_type=\"icon-box.default\">\n\t\t\t\t<div class=\"elementor-widget-container\">\n\t\t\t\t\t\t\t<div class=\"elementor-icon-box-wrapper\">\n\n\t\t\t\t\t\t<div class=\"elementor-icon-box-icon\">\n\t\t\t\t<a href=\"https:\/\/www.brueckezuisrael.org\/israel\/kontakt\/kontaktformular\/\" class=\"elementor-icon\" tabindex=\"-1\" aria-label=\"Kontaktformular\">\n\t\t\t\t<i aria-hidden=\"true\" class=\"fas fa-pencil-alt\"><\/i>\t\t\t\t<\/a>\n\t\t\t<\/div>\n\t\t\t\n\t\t\t\t\t\t<div class=\"elementor-icon-box-content\">\n\n\t\t\t\t\t\t\t\t\t<h3 class=\"elementor-icon-box-title\">\n\t\t\t\t\t\t<a href=\"https:\/\/www.brueckezuisrael.org\/israel\/kontakt\/kontaktformular\/\" >\n\t\t\t\t\t\t\tKontaktformular\t\t\t\t\t\t<\/a>\n\t\t\t\t\t<\/h3>\n\t\t\t\t\n\t\t\t\t\t\t\t\t\t<p class=\"elementor-icon-box-description\">\n\t\t\t\t\t\tHier k\u00f6nnen Sie mit uns in Kontakt treten.\t\t\t\t\t<\/p>\n\t\t\t\t\n\t\t\t<\/div>\n\t\t\t\n\t\t<\/div>\n\t\t\t\t\t\t<\/div>\n\t\t\t\t<\/div>\n\t\t\t\t\t<\/div>\n\t\t<\/div>\n\t\t\t\t\t<\/div>\n\t\t<\/section>\n\t\t\t\t\t<\/div>\n\t\t<\/div>\n\t\t\t\t\t<\/div>\n\t\t<\/section>\n\t\t\t\t<section class=\"elementor-section elementor-top-section elementor-element elementor-element-8cb7080 elementor-section-boxed elementor-section-height-default elementor-section-height-default\" data-id=\"8cb7080\" data-element_type=\"section\" data-e-type=\"section\">\n\t\t\t\t\t\t<div class=\"elementor-container elementor-column-gap-default\">\n\t\t\t\t\t<div class=\"elementor-column elementor-col-100 elementor-top-column elementor-element elementor-element-f7609de\" data-id=\"f7609de\" data-element_type=\"column\" data-e-type=\"column\">\n\t\t\t<div class=\"elementor-widget-wrap elementor-element-populated\">\n\t\t\t\t\t\t<section class=\"elementor-section elementor-inner-section elementor-element elementor-element-ca9b516 elementor-section-boxed elementor-section-height-default elementor-section-height-default\" data-id=\"ca9b516\" data-element_type=\"section\" data-e-type=\"section\">\n\t\t\t\t\t\t<div class=\"elementor-container elementor-column-gap-default\">\n\t\t\t\t\t<div class=\"elementor-column elementor-col-50 elementor-inner-column elementor-element elementor-element-a1abf53\" data-id=\"a1abf53\" data-element_type=\"column\" data-e-type=\"column\">\n\t\t\t<div class=\"elementor-widget-wrap elementor-element-populated\">\n\t\t\t\t\t\t<div class=\"elementor-element elementor-element-9c958be elementor-view-framed elementor-position-inline-start elementor-shape-circle elementor-mobile-position-block-start elementor-widget elementor-widget-icon-box\" data-id=\"9c958be\" data-element_type=\"widget\" data-e-type=\"widget\" data-widget_type=\"icon-box.default\">\n\t\t\t\t<div class=\"elementor-widget-container\">\n\t\t\t\t\t\t\t<div class=\"elementor-icon-box-wrapper\">\n\n\t\t\t\t\t\t<div class=\"elementor-icon-box-icon\">\n\t\t\t\t<a href=\"https:\/\/www.brueckezuisrael.org\/israel\/kontakt\/spenden\/\" class=\"elementor-icon\" tabindex=\"-1\" aria-label=\"Spenden\">\n\t\t\t\t<i aria-hidden=\"true\" class=\"fas fa-hand-holding-heart\"><\/i>\t\t\t\t<\/a>\n\t\t\t<\/div>\n\t\t\t\n\t\t\t\t\t\t<div class=\"elementor-icon-box-content\">\n\n\t\t\t\t\t\t\t\t\t<h3 class=\"elementor-icon-box-title\">\n\t\t\t\t\t\t<a href=\"https:\/\/www.brueckezuisrael.org\/israel\/kontakt\/spenden\/\" >\n\t\t\t\t\t\t\tSpenden\t\t\t\t\t\t<\/a>\n\t\t\t\t\t<\/h3>\n\t\t\t\t\n\t\t\t\t\t\t\t\t\t<p class=\"elementor-icon-box-description\">\n\t\t\t\t\t\tSo k\u00f6nnen Sie unser Werk unterst\u00fctzen.\t\t\t\t\t<\/p>\n\t\t\t\t\n\t\t\t<\/div>\n\t\t\t\n\t\t<\/div>\n\t\t\t\t\t\t<\/div>\n\t\t\t\t<\/div>\n\t\t\t\t\t<\/div>\n\t\t<\/div>\n\t\t\t\t<div class=\"elementor-column elementor-col-50 elementor-inner-column elementor-element elementor-element-f702379\" data-id=\"f702379\" data-element_type=\"column\" data-e-type=\"column\">\n\t\t\t<div class=\"elementor-widget-wrap elementor-element-populated\">\n\t\t\t\t\t\t<div class=\"elementor-element elementor-element-8dfa61c elementor-view-framed elementor-position-inline-start elementor-shape-circle elementor-mobile-position-block-start elementor-widget elementor-widget-icon-box\" data-id=\"8dfa61c\" data-element_type=\"widget\" data-e-type=\"widget\" data-widget_type=\"icon-box.default\">\n\t\t\t\t<div class=\"elementor-widget-container\">\n\t\t\t\t\t\t\t<div class=\"elementor-icon-box-wrapper\">\n\n\t\t\t\t\t\t<div class=\"elementor-icon-box-icon\">\n\t\t\t\t<a href=\"https:\/\/www.brueckezuisrael.org\/israel\/kontakt\/impressum\/\" class=\"elementor-icon\" tabindex=\"-1\" aria-label=\"Impressum\">\n\t\t\t\t<i aria-hidden=\"true\" class=\"far fa-address-card\"><\/i>\t\t\t\t<\/a>\n\t\t\t<\/div>\n\t\t\t\n\t\t\t\t\t\t<div class=\"elementor-icon-box-content\">\n\n\t\t\t\t\t\t\t\t\t<h3 class=\"elementor-icon-box-title\">\n\t\t\t\t\t\t<a href=\"https:\/\/www.brueckezuisrael.org\/israel\/kontakt\/impressum\/\" >\n\t\t\t\t\t\t\tImpressum\t\t\t\t\t\t<\/a>\n\t\t\t\t\t<\/h3>\n\t\t\t\t\n\t\t\t\t\t\t\t\t\t<p class=\"elementor-icon-box-description\">\n\t\t\t\t\t\tHier finden Sie unsere Kontaktdaten.\t\t\t\t\t<\/p>\n\t\t\t\t\n\t\t\t<\/div>\n\t\t\t\n\t\t<\/div>\n\t\t\t\t\t\t<\/div>\n\t\t\t\t<\/div>\n\t\t\t\t\t<\/div>\n\t\t<\/div>\n\t\t\t\t\t<\/div>\n\t\t<\/section>\n\t\t\t\t\t<\/div>\n\t\t<\/div>\n\t\t\t\t\t<\/div>\n\t\t<\/section>\n\t\t\t\t<\/div>\n\t\t","protected":false},"excerpt":{"rendered":"<p>Informationen Hier finden Sie Informationen \u00fcber unser Werk. Kontaktformular Hier k\u00f6nnen Sie mit uns in Kontakt treten. Spenden So k\u00f6nnen Sie unser Werk unterst\u00fctzen. Impressum Hier finden Sie unsere Kontaktdaten.<\/p>\n","protected":false},"author":1,"featured_media":0,"parent":0,"menu_order":0,"comment_status":"closed","ping_status":"closed","template":"","meta":{"footnotes":""},"class_list":["post-14","page","type-page","status-publish","hentry"],"yoast_head":"<!-- This site is optimized with the Yoast SEO plugin v27.5 - https:\/\/yoast.com\/product\/yoast-seo-wordpress\/ -->\n<title>Kontakt &#8211; Br\u00fccke zu Israel<\/title>\n<meta name=\"robots\" content=\"index, follow, max-snippet:-1, max-image-preview:large, max-video-preview:-1\" \/>\n<link rel=\"canonical\" href=\"https:\/\/www.brueckezuisrael.org\/israel\/kontakt\/\" \/>\n<meta property=\"og:locale\" content=\"de_DE\" \/>\n<meta property=\"og:type\" content=\"article\" \/>\n<meta property=\"og:title\" content=\"Kontakt &#8211; Br\u00fccke zu Israel\" \/>\n<meta property=\"og:description\" content=\"Informationen Hier finden Sie Informationen \u00fcber unser Werk. Kontaktformular Hier k\u00f6nnen Sie mit uns in Kontakt treten. Spenden So k\u00f6nnen Sie unser Werk unterst\u00fctzen. Impressum Hier finden Sie unsere Kontaktdaten.\" \/>\n<meta property=\"og:url\" content=\"https:\/\/www.brueckezuisrael.org\/israel\/kontakt\/\" \/>\n<meta property=\"og:site_name\" content=\"Br\u00fccke zu Israel\" \/>\n<meta property=\"article:modified_time\" content=\"2023-10-09T10:23:49+00:00\" \/>\n<meta property=\"og:image\" content=\"https:\/\/www.brueckezuisrael.org\/israel\/wp-content\/uploads\/sites\/4\/2023\/02\/bruecke_israel-favicon.png\" \/>\n\t<meta property=\"og:image:width\" content=\"512\" \/>\n\t<meta property=\"og:image:height\" content=\"512\" \/>\n\t<meta property=\"og:image:type\" content=\"image\/png\" \/>\n<meta name=\"twitter:card\" content=\"summary_large_image\" \/>\n<meta name=\"twitter:label1\" content=\"Gesch\u00e4tzte Lesezeit\" \/>\n\t<meta name=\"twitter:data1\" content=\"1\u00a0Minute\" \/>\n<script type=\"application\/ld+json\" class=\"yoast-schema-graph\">{\"@context\":\"https:\\\/\\\/schema.org\",\"@graph\":[{\"@type\":\"WebPage\",\"@id\":\"https:\\\/\\\/www.brueckezuisrael.org\\\/israel\\\/kontakt\\\/\",\"url\":\"https:\\\/\\\/www.brueckezuisrael.org\\\/israel\\\/kontakt\\\/\",\"name\":\"Kontakt &#8211; Br\u00fccke zu Israel\",\"isPartOf\":{\"@id\":\"https:\\\/\\\/www.brueckezuisrael.org\\\/israel\\\/#website\"},\"datePublished\":\"2023-02-26T14:17:53+00:00\",\"dateModified\":\"2023-10-09T10:23:49+00:00\",\"breadcrumb\":{\"@id\":\"https:\\\/\\\/www.brueckezuisrael.org\\\/israel\\\/kontakt\\\/#breadcrumb\"},\"inLanguage\":\"de\",\"potentialAction\":[{\"@type\":\"ReadAction\",\"target\":[\"https:\\\/\\\/www.brueckezuisrael.org\\\/israel\\\/kontakt\\\/\"]}]},{\"@type\":\"BreadcrumbList\",\"@id\":\"https:\\\/\\\/www.brueckezuisrael.org\\\/israel\\\/kontakt\\\/#breadcrumb\",\"itemListElement\":[{\"@type\":\"ListItem\",\"position\":1,\"name\":\"Home\",\"item\":\"https:\\\/\\\/www.brueckezuisrael.org\\\/israel\\\/\"},{\"@type\":\"ListItem\",\"position\":2,\"name\":\"Kontakt\"}]},{\"@type\":\"WebSite\",\"@id\":\"https:\\\/\\\/www.brueckezuisrael.org\\\/israel\\\/#website\",\"url\":\"https:\\\/\\\/www.brueckezuisrael.org\\\/israel\\\/\",\"name\":\"Br\u00fccke zu Israel\",\"description\":\"Motivieren von Menschen zu einer Israel-freundlichen Gesinnung und Unterst\u00fctzung von hilfsbed\u00fcrftigen Menschen in Israel\",\"publisher\":{\"@id\":\"https:\\\/\\\/www.brueckezuisrael.org\\\/israel\\\/#organization\"},\"potentialAction\":[{\"@type\":\"SearchAction\",\"target\":{\"@type\":\"EntryPoint\",\"urlTemplate\":\"https:\\\/\\\/www.brueckezuisrael.org\\\/israel\\\/?s={search_term_string}\"},\"query-input\":{\"@type\":\"PropertyValueSpecification\",\"valueRequired\":true,\"valueName\":\"search_term_string\"}}],\"inLanguage\":\"de\"},{\"@type\":\"Organization\",\"@id\":\"https:\\\/\\\/www.brueckezuisrael.org\\\/israel\\\/#organization\",\"name\":\"Hilfswerk Br\u00fccke zu Israel\",\"alternateName\":\"Br\u00fccke zu Israel\",\"url\":\"https:\\\/\\\/www.brueckezuisrael.org\\\/israel\\\/\",\"logo\":{\"@type\":\"ImageObject\",\"inLanguage\":\"de\",\"@id\":\"https:\\\/\\\/www.brueckezuisrael.org\\\/israel\\\/#\\\/schema\\\/logo\\\/image\\\/\",\"url\":\"https:\\\/\\\/dev1.websketches.net\\\/israel\\\/wp-content\\\/uploads\\\/sites\\\/4\\\/2023\\\/02\\\/bruecke_israel-favicon.png\",\"contentUrl\":\"https:\\\/\\\/dev1.websketches.net\\\/israel\\\/wp-content\\\/uploads\\\/sites\\\/4\\\/2023\\\/02\\\/bruecke_israel-favicon.png\",\"width\":512,\"height\":512,\"caption\":\"Hilfswerk Br\u00fccke zu Israel\"},\"image\":{\"@id\":\"https:\\\/\\\/www.brueckezuisrael.org\\\/israel\\\/#\\\/schema\\\/logo\\\/image\\\/\"}}]}<\/script>\n<!-- \/ Yoast SEO plugin. -->","yoast_head_json":{"title":"Kontakt &#8211; Br\u00fccke zu Israel","robots":{"index":"index","follow":"follow","max-snippet":"max-snippet:-1","max-image-preview":"max-image-preview:large","max-video-preview":"max-video-preview:-1"},"canonical":"https:\/\/www.brueckezuisrael.org\/israel\/kontakt\/","og_locale":"de_DE","og_type":"article","og_title":"Kontakt &#8211; Br\u00fccke zu Israel","og_description":"Informationen Hier finden Sie Informationen \u00fcber unser Werk. Kontaktformular Hier k\u00f6nnen Sie mit uns in Kontakt treten. Spenden So k\u00f6nnen Sie unser Werk unterst\u00fctzen. Impressum Hier finden Sie unsere Kontaktdaten.","og_url":"https:\/\/www.brueckezuisrael.org\/israel\/kontakt\/","og_site_name":"Br\u00fccke zu Israel","article_modified_time":"2023-10-09T10:23:49+00:00","og_image":[{"width":512,"height":512,"url":"https:\/\/www.brueckezuisrael.org\/israel\/wp-content\/uploads\/sites\/4\/2023\/02\/bruecke_israel-favicon.png","type":"image\/png"}],"twitter_card":"summary_large_image","twitter_misc":{"Gesch\u00e4tzte Lesezeit":"1\u00a0Minute"},"schema":{"@context":"https:\/\/schema.org","@graph":[{"@type":"WebPage","@id":"https:\/\/www.brueckezuisrael.org\/israel\/kontakt\/","url":"https:\/\/www.brueckezuisrael.org\/israel\/kontakt\/","name":"Kontakt &#8211; Br\u00fccke zu Israel","isPartOf":{"@id":"https:\/\/www.brueckezuisrael.org\/israel\/#website"},"datePublished":"2023-02-26T14:17:53+00:00","dateModified":"2023-10-09T10:23:49+00:00","breadcrumb":{"@id":"https:\/\/www.brueckezuisrael.org\/israel\/kontakt\/#breadcrumb"},"inLanguage":"de","potentialAction":[{"@type":"ReadAction","target":["https:\/\/www.brueckezuisrael.org\/israel\/kontakt\/"]}]},{"@type":"BreadcrumbList","@id":"https:\/\/www.brueckezuisrael.org\/israel\/kontakt\/#breadcrumb","itemListElement":[{"@type":"ListItem","position":1,"name":"Home","item":"https:\/\/www.brueckezuisrael.org\/israel\/"},{"@type":"ListItem","position":2,"name":"Kontakt"}]},{"@type":"WebSite","@id":"https:\/\/www.brueckezuisrael.org\/israel\/#website","url":"https:\/\/www.brueckezuisrael.org\/israel\/","name":"Br\u00fccke zu Israel","description":"Motivieren von Menschen zu einer Israel-freundlichen Gesinnung und Unterst\u00fctzung von hilfsbed\u00fcrftigen Menschen in Israel","publisher":{"@id":"https:\/\/www.brueckezuisrael.org\/israel\/#organization"},"potentialAction":[{"@type":"SearchAction","target":{"@type":"EntryPoint","urlTemplate":"https:\/\/www.brueckezuisrael.org\/israel\/?s={search_term_string}"},"query-input":{"@type":"PropertyValueSpecification","valueRequired":true,"valueName":"search_term_string"}}],"inLanguage":"de"},{"@type":"Organization","@id":"https:\/\/www.brueckezuisrael.org\/israel\/#organization","name":"Hilfswerk Br\u00fccke zu Israel","alternateName":"Br\u00fccke zu Israel","url":"https:\/\/www.brueckezuisrael.org\/israel\/","logo":{"@type":"ImageObject","inLanguage":"de","@id":"https:\/\/www.brueckezuisrael.org\/israel\/#\/schema\/logo\/image\/","url":"https:\/\/dev1.websketches.net\/israel\/wp-content\/uploads\/sites\/4\/2023\/02\/bruecke_israel-favicon.png","contentUrl":"https:\/\/dev1.websketches.net\/israel\/wp-content\/uploads\/sites\/4\/2023\/02\/bruecke_israel-favicon.png","width":512,"height":512,"caption":"Hilfswerk Br\u00fccke zu Israel"},"image":{"@id":"https:\/\/www.brueckezuisrael.org\/israel\/#\/schema\/logo\/image\/"}}]}},"_links":{"self":[{"href":"https:\/\/www.brueckezuisrael.org\/israel\/wp-json\/wp\/v2\/pages\/14","targetHints":{"allow":["GET"]}}],"collection":[{"href":"https:\/\/www.brueckezuisrael.org\/israel\/wp-json\/wp\/v2\/pages"}],"about":[{"href":"https:\/\/www.brueckezuisrael.org\/israel\/wp-json\/wp\/v2\/types\/page"}],"author":[{"embeddable":true,"href":"https:\/\/www.brueckezuisrael.org\/israel\/wp-json\/wp\/v2\/users\/1"}],"replies":[{"embeddable":true,"href":"https:\/\/www.brueckezuisrael.org\/israel\/wp-json\/wp\/v2\/comments?post=14"}],"version-history":[{"count":31,"href":"https:\/\/www.brueckezuisrael.org\/israel\/wp-json\/wp\/v2\/pages\/14\/revisions"}],"predecessor-version":[{"id":942,"href":"https:\/\/www.brueckezuisrael.org\/israel\/wp-json\/wp\/v2\/pages\/14\/revisions\/942"}],"wp:attachment":[{"href":"https:\/\/www.brueckezuisrael.org\/israel\/wp-json\/wp\/v2\/media?parent=14"}],"curies":[{"name":"wp","href":"https:\/\/api.w.org\/{rel}","templated":true}]}}