{"id":701,"date":"2023-10-06T17:01:38","date_gmt":"2023-10-06T15:01:38","guid":{"rendered":"https:\/\/dev1.websketches.net\/israel\/?page_id=701"},"modified":"2023-10-06T18:02:13","modified_gmt":"2023-10-06T16:02:13","slug":"ueber-das-hilfswerk","status":"publish","type":"page","link":"https:\/\/www.brueckezuisrael.org\/israel\/kontakt\/ueber-das-hilfswerk\/","title":{"rendered":"\u00dcber das Hilfswerk"},"content":{"rendered":"\t\t<div data-elementor-type=\"wp-page\" data-elementor-id=\"701\" class=\"elementor elementor-701\" data-elementor-post-type=\"page\">\n\t\t\t\t\t\t<section class=\"elementor-section elementor-top-section elementor-element elementor-element-13afcce elementor-section-boxed elementor-section-height-default elementor-section-height-default\" data-id=\"13afcce\" data-element_type=\"section\" data-e-type=\"section\">\n\t\t\t\t\t\t<div class=\"elementor-container elementor-column-gap-default\">\n\t\t\t\t\t<div class=\"elementor-column elementor-col-100 elementor-top-column elementor-element elementor-element-b4a218a\" data-id=\"b4a218a\" data-element_type=\"column\" data-e-type=\"column\">\n\t\t\t<div class=\"elementor-widget-wrap elementor-element-populated\">\n\t\t\t\t\t\t<div class=\"elementor-element elementor-element-6309df6 elementor-widget elementor-widget-text-editor\" data-id=\"6309df6\" data-element_type=\"widget\" data-e-type=\"widget\" data-widget_type=\"text-editor.default\">\n\t\t\t\t<div class=\"elementor-widget-container\">\n\t\t\t\t\t\t\t\t\t<p><span style=\"font-family: -apple-system, BlinkMacSystemFont, 'Segoe UI', Roboto, 'Helvetica Neue', Arial, sans-serif, 'Apple Color Emoji', 'Segoe UI Emoji', 'Segoe UI Symbol'; letter-spacing: 0.16px;\">Das Hilfswerk Br\u00fccke zu Israel e.V. wurde im April 1984 von dem Schweizer Ehepaar Magdalena<\/span><span style=\"font-family: -apple-system, BlinkMacSystemFont, 'Segoe UI', Roboto, 'Helvetica Neue', Arial, sans-serif, 'Apple Color Emoji', 'Segoe UI Emoji', 'Segoe UI Symbol'; letter-spacing: 0.16px; color: var( --e-global-color-text ); font-size: var( --e-global-typography-text-font-size ); font-weight: var( --e-global-typography-text-font-weight );\">\u00a0<\/span><span style=\"font-family: -apple-system, BlinkMacSystemFont, 'Segoe UI', Roboto, 'Helvetica Neue', Arial, sans-serif, 'Apple Color Emoji', 'Segoe UI Emoji', 'Segoe UI Symbol'; letter-spacing: 0.16px; color: var( --e-global-color-text ); font-size: var( --e-global-typography-text-font-size ); font-weight: var( --e-global-typography-text-font-weight );\">(\u2020)<\/span><span style=\"font-family: -apple-system, BlinkMacSystemFont, 'Segoe UI', Roboto, 'Helvetica Neue', Arial, sans-serif, 'Apple Color Emoji', 'Segoe UI Emoji', 'Segoe UI Symbol'; letter-spacing: 0.16px; color: var( --e-global-color-text ); font-size: var( --e-global-typography-text-font-size ); font-weight: var( --e-global-typography-text-font-weight );\">\u00a0und Timotheus<\/span><span style=\"font-family: -apple-system, BlinkMacSystemFont, 'Segoe UI', Roboto, 'Helvetica Neue', Arial, sans-serif, 'Apple Color Emoji', 'Segoe UI Emoji', 'Segoe UI Symbol'; letter-spacing: 0.16px; color: var( --e-global-color-text ); font-size: var( --e-global-typography-text-font-size ); font-weight: var( --e-global-typography-text-font-weight );\">\u00a0<\/span><span style=\"font-family: -apple-system, BlinkMacSystemFont, 'Segoe UI', Roboto, 'Helvetica Neue', Arial, sans-serif, 'Apple Color Emoji', 'Segoe UI Emoji', 'Segoe UI Symbol'; letter-spacing: 0.16px; color: var( --e-global-color-text ); font-size: var( --e-global-typography-text-font-size ); font-weight: var( --e-global-typography-text-font-weight );\">(\u2020)<\/span><span style=\"color: var( --e-global-color-text ); font-family: -apple-system, BlinkMacSystemFont, 'Segoe UI', Roboto, 'Helvetica Neue', Arial, sans-serif, 'Apple Color Emoji', 'Segoe UI Emoji', 'Segoe UI Symbol'; font-size: var( --e-global-typography-text-font-size ); font-weight: var( --e-global-typography-text-font-weight ); letter-spacing: 0.16px;\">\u00a0Augstburger ins Leben gerufen.<\/span><\/p>\t\t\t\t\t\t\t\t<\/div>\n\t\t\t\t<\/div>\n\t\t\t\t<div class=\"elementor-element elementor-element-f8b5972 elementor-widget elementor-widget-text-editor\" data-id=\"f8b5972\" data-element_type=\"widget\" data-e-type=\"widget\" data-widget_type=\"text-editor.default\">\n\t\t\t\t<div class=\"elementor-widget-container\">\n\t\t\t\t\t\t\t\t\t<p><b>&#8222;Tr\u00f6stet, tr\u00f6stet mein Volk, spricht euer Gott.&#8220;<br>(Jesaja 40,1)<\/b><\/p>\t\t\t\t\t\t\t\t<\/div>\n\t\t\t\t<\/div>\n\t\t\t\t<div class=\"elementor-element elementor-element-39273c6 elementor-widget elementor-widget-text-editor\" data-id=\"39273c6\" data-element_type=\"widget\" data-e-type=\"widget\" data-widget_type=\"text-editor.default\">\n\t\t\t\t<div class=\"elementor-widget-container\">\n\t\t\t\t\t\t\t\t\t<p><b>&#8222;Ich will segnen, die dich segnen.&#8220;<br \/>(1. Mose 12,3)<\/b><\/p>\t\t\t\t\t\t\t\t<\/div>\n\t\t\t\t<\/div>\n\t\t\t\t<div class=\"elementor-element elementor-element-cadc75b elementor-widget elementor-widget-text-editor\" data-id=\"cadc75b\" data-element_type=\"widget\" data-e-type=\"widget\" data-widget_type=\"text-editor.default\">\n\t\t\t\t<div class=\"elementor-widget-container\">\n\t\t\t\t\t\t\t\t\t<p>Beide sp\u00fcrten unabh\u00e4ngig voneinander in ihrem Leben einen starken Ruf, Israel zu dienen und so begannen sie, Hebr\u00e4isch zu lernen und regelm\u00e4\u00dfig nach Israel zu reisen. Mit den Jahren entstanden gute Beziehungen und bald fingen sie an, erste Reisen in das Land selbst zu organisieren. Ihnen war wichtig, den Menschen die Sch\u00f6nheit des Landes nahezubringen und sie zu einer Israel-freundlichen Gesinnung zu motivieren. Auf ihren Reisen begegneten sie aber auch immer wieder Menschen, die sich in Not befanden und es wuchs mit der Zeit der Wunsch, diese finanziell zu unterst\u00fctzen. Aus der Unterst\u00fctzung von einzelnen hilfsbed\u00fcrftigen Menschen in Israel wurde die Unterst\u00fctzung von ganzen Hilfsorganisationen, die bis heute anh\u00e4lt.<\/p><p>Neben der Hilfe direkt vor Ort konnten sie auch Projekte zur R\u00fcckf\u00fchrung von Juden in das Land Israel unterst\u00fctzen, wie zum Beispiel die bekannte &#8222;Operation Exodus&#8220; &#8211; dreimal konnten sie auf einem der Schiffe von Odessa nach Haifa mitfahren, die sie mitfinanziert hatten.<\/p>\t\t\t\t\t\t\t\t<\/div>\n\t\t\t\t<\/div>\n\t\t\t\t<div class=\"elementor-element elementor-element-7c5be67 elementor-widget elementor-widget-image\" data-id=\"7c5be67\" data-element_type=\"widget\" data-e-type=\"widget\" data-widget_type=\"image.default\">\n\t\t\t\t<div class=\"elementor-widget-container\">\n\t\t\t\t\t\t\t\t\t\t\t\t\t\t\t<img fetchpriority=\"high\" decoding=\"async\" width=\"620\" height=\"386\" src=\"https:\/\/www.brueckezuisrael.org\/israel\/wp-content\/uploads\/sites\/4\/2023\/10\/EhepaarAugstburger.jpg\" class=\"attachment-full size-full wp-image-750\" alt=\"\" srcset=\"https:\/\/www.brueckezuisrael.org\/israel\/wp-content\/uploads\/sites\/4\/2023\/10\/EhepaarAugstburger.jpg 620w, https:\/\/www.brueckezuisrael.org\/israel\/wp-content\/uploads\/sites\/4\/2023\/10\/EhepaarAugstburger-300x187.jpg 300w, https:\/\/www.brueckezuisrael.org\/israel\/wp-content\/uploads\/sites\/4\/2023\/10\/elementor\/thumbs\/EhepaarAugstburger-qdgxatqyxw6fy6fp5vwlz7dw8sffihdnimh4su4556.jpg 310w\" sizes=\"(max-width: 620px) 100vw, 620px\" \/>\t\t\t\t\t\t\t\t\t\t\t\t\t\t\t<\/div>\n\t\t\t\t<\/div>\n\t\t\t\t<div class=\"elementor-element elementor-element-852ad61 elementor-widget elementor-widget-text-editor\" data-id=\"852ad61\" data-element_type=\"widget\" data-e-type=\"widget\" data-widget_type=\"text-editor.default\">\n\t\t\t\t<div class=\"elementor-widget-container\">\n\t\t\t\t\t\t\t\t\t<p>Magdalena\u00a0(\u2020) und Timotheus (\u2020) Augstburger<\/p>\t\t\t\t\t\t\t\t<\/div>\n\t\t\t\t<\/div>\n\t\t\t\t<div class=\"elementor-element elementor-element-4269b8b elementor-widget elementor-widget-text-editor\" data-id=\"4269b8b\" data-element_type=\"widget\" data-e-type=\"widget\" data-widget_type=\"text-editor.default\">\n\t\t\t\t<div class=\"elementor-widget-container\">\n\t\t\t\t\t\t\t\t\t<p>&#8222;Br\u00fccke zu Israel e.V.&#8220; ist eine Non-Profit-Organisation, welche keine wirtschaftlichen Gewinnziele verfolgt.&nbsp;<br><span style=\"color: var( --e-global-color-text );\">Wir achten darauf, unsere Verwaltungskosten so gering wie m\u00f6glich zu halten, damit der Gro\u00dfteil der Spenden an die Hilfsorganisationen und Bed\u00fcrftigen vor Ort flie\u00dfen kann.&nbsp;<br><\/span><span style=\"color: var( --e-global-color-text );\">Wir verteilen die Spenden nach bestem Wissen und Gewissen und nach aktuellem Bedarf.<\/span><\/p>\t\t\t\t\t\t\t\t<\/div>\n\t\t\t\t<\/div>\n\t\t\t\t\t<\/div>\n\t\t<\/div>\n\t\t\t\t\t<\/div>\n\t\t<\/section>\n\t\t\t\t<\/div>\n\t\t","protected":false},"excerpt":{"rendered":"<p>Das Hilfswerk Br\u00fccke zu Israel e.V. wurde im April 1984 von dem Schweizer Ehepaar Magdalena\u00a0(\u2020)\u00a0und Timotheus\u00a0(\u2020)\u00a0Augstburger ins Leben gerufen. &#8222;Tr\u00f6stet, tr\u00f6stet mein Volk, spricht euer Gott.&#8220;(Jesaja 40,1) &#8222;Ich will segnen, die dich segnen.&#8220;(1. Mose 12,3) Beide sp\u00fcrten unabh\u00e4ngig voneinander in ihrem Leben einen starken Ruf, Israel zu dienen und so begannen sie, Hebr\u00e4isch zu lernen [&hellip;]<\/p>\n","protected":false},"author":1,"featured_media":0,"parent":14,"menu_order":0,"comment_status":"closed","ping_status":"closed","template":"","meta":{"footnotes":""},"class_list":["post-701","page","type-page","status-publish","hentry"],"yoast_head":"<!-- This site is optimized with the Yoast SEO plugin v27.5 - https:\/\/yoast.com\/product\/yoast-seo-wordpress\/ -->\n<title>\u00dcber das Hilfswerk &#8211; Br\u00fccke zu Israel<\/title>\n<meta name=\"robots\" content=\"index, follow, max-snippet:-1, max-image-preview:large, max-video-preview:-1\" \/>\n<link rel=\"canonical\" href=\"https:\/\/www.brueckezuisrael.org\/israel\/kontakt\/ueber-das-hilfswerk\/\" \/>\n<meta property=\"og:locale\" content=\"de_DE\" \/>\n<meta property=\"og:type\" content=\"article\" \/>\n<meta property=\"og:title\" content=\"\u00dcber das Hilfswerk &#8211; Br\u00fccke zu Israel\" \/>\n<meta property=\"og:description\" content=\"Das Hilfswerk Br\u00fccke zu Israel e.V. wurde im April 1984 von dem Schweizer Ehepaar Magdalena\u00a0(\u2020)\u00a0und Timotheus\u00a0(\u2020)\u00a0Augstburger ins Leben gerufen. &#8222;Tr\u00f6stet, tr\u00f6stet mein Volk, spricht euer Gott.&#8220;(Jesaja 40,1) &#8222;Ich will segnen, die dich segnen.&#8220;(1. Mose 12,3) Beide sp\u00fcrten unabh\u00e4ngig voneinander in ihrem Leben einen starken Ruf, Israel zu dienen und so begannen sie, Hebr\u00e4isch zu lernen [&hellip;]\" \/>\n<meta property=\"og:url\" content=\"https:\/\/www.brueckezuisrael.org\/israel\/kontakt\/ueber-das-hilfswerk\/\" \/>\n<meta property=\"og:site_name\" content=\"Br\u00fccke zu Israel\" \/>\n<meta property=\"article:modified_time\" content=\"2023-10-06T16:02:13+00:00\" \/>\n<meta property=\"og:image\" content=\"https:\/\/dev1.websketches.net\/israel\/wp-content\/uploads\/sites\/4\/2023\/10\/EhepaarAugstburger.jpg\" \/>\n<meta name=\"twitter:card\" content=\"summary_large_image\" \/>\n<meta name=\"twitter:label1\" content=\"Gesch\u00e4tzte Lesezeit\" \/>\n\t<meta name=\"twitter:data1\" content=\"2\u00a0Minuten\" \/>\n<script type=\"application\/ld+json\" class=\"yoast-schema-graph\">{\"@context\":\"https:\\\/\\\/schema.org\",\"@graph\":[{\"@type\":\"WebPage\",\"@id\":\"https:\\\/\\\/www.brueckezuisrael.org\\\/israel\\\/kontakt\\\/ueber-das-hilfswerk\\\/\",\"url\":\"https:\\\/\\\/www.brueckezuisrael.org\\\/israel\\\/kontakt\\\/ueber-das-hilfswerk\\\/\",\"name\":\"\u00dcber das Hilfswerk &#8211; Br\u00fccke zu Israel\",\"isPartOf\":{\"@id\":\"https:\\\/\\\/www.brueckezuisrael.org\\\/israel\\\/#website\"},\"primaryImageOfPage\":{\"@id\":\"https:\\\/\\\/www.brueckezuisrael.org\\\/israel\\\/kontakt\\\/ueber-das-hilfswerk\\\/#primaryimage\"},\"image\":{\"@id\":\"https:\\\/\\\/www.brueckezuisrael.org\\\/israel\\\/kontakt\\\/ueber-das-hilfswerk\\\/#primaryimage\"},\"thumbnailUrl\":\"https:\\\/\\\/dev1.websketches.net\\\/israel\\\/wp-content\\\/uploads\\\/sites\\\/4\\\/2023\\\/10\\\/EhepaarAugstburger.jpg\",\"datePublished\":\"2023-10-06T15:01:38+00:00\",\"dateModified\":\"2023-10-06T16:02:13+00:00\",\"breadcrumb\":{\"@id\":\"https:\\\/\\\/www.brueckezuisrael.org\\\/israel\\\/kontakt\\\/ueber-das-hilfswerk\\\/#breadcrumb\"},\"inLanguage\":\"de\",\"potentialAction\":[{\"@type\":\"ReadAction\",\"target\":[\"https:\\\/\\\/www.brueckezuisrael.org\\\/israel\\\/kontakt\\\/ueber-das-hilfswerk\\\/\"]}]},{\"@type\":\"ImageObject\",\"inLanguage\":\"de\",\"@id\":\"https:\\\/\\\/www.brueckezuisrael.org\\\/israel\\\/kontakt\\\/ueber-das-hilfswerk\\\/#primaryimage\",\"url\":\"https:\\\/\\\/dev1.websketches.net\\\/israel\\\/wp-content\\\/uploads\\\/sites\\\/4\\\/2023\\\/10\\\/EhepaarAugstburger.jpg\",\"contentUrl\":\"https:\\\/\\\/dev1.websketches.net\\\/israel\\\/wp-content\\\/uploads\\\/sites\\\/4\\\/2023\\\/10\\\/EhepaarAugstburger.jpg\"},{\"@type\":\"BreadcrumbList\",\"@id\":\"https:\\\/\\\/www.brueckezuisrael.org\\\/israel\\\/kontakt\\\/ueber-das-hilfswerk\\\/#breadcrumb\",\"itemListElement\":[{\"@type\":\"ListItem\",\"position\":1,\"name\":\"Home\",\"item\":\"https:\\\/\\\/www.brueckezuisrael.org\\\/israel\\\/\"},{\"@type\":\"ListItem\",\"position\":2,\"name\":\"Kontakt\",\"item\":\"https:\\\/\\\/www.brueckezuisrael.org\\\/israel\\\/kontakt\\\/\"},{\"@type\":\"ListItem\",\"position\":3,\"name\":\"\u00dcber das Hilfswerk\"}]},{\"@type\":\"WebSite\",\"@id\":\"https:\\\/\\\/www.brueckezuisrael.org\\\/israel\\\/#website\",\"url\":\"https:\\\/\\\/www.brueckezuisrael.org\\\/israel\\\/\",\"name\":\"Br\u00fccke zu Israel\",\"description\":\"Motivieren von Menschen zu einer Israel-freundlichen Gesinnung und Unterst\u00fctzung von hilfsbed\u00fcrftigen Menschen in Israel\",\"publisher\":{\"@id\":\"https:\\\/\\\/www.brueckezuisrael.org\\\/israel\\\/#organization\"},\"potentialAction\":[{\"@type\":\"SearchAction\",\"target\":{\"@type\":\"EntryPoint\",\"urlTemplate\":\"https:\\\/\\\/www.brueckezuisrael.org\\\/israel\\\/?s={search_term_string}\"},\"query-input\":{\"@type\":\"PropertyValueSpecification\",\"valueRequired\":true,\"valueName\":\"search_term_string\"}}],\"inLanguage\":\"de\"},{\"@type\":\"Organization\",\"@id\":\"https:\\\/\\\/www.brueckezuisrael.org\\\/israel\\\/#organization\",\"name\":\"Hilfswerk Br\u00fccke zu Israel\",\"alternateName\":\"Br\u00fccke zu Israel\",\"url\":\"https:\\\/\\\/www.brueckezuisrael.org\\\/israel\\\/\",\"logo\":{\"@type\":\"ImageObject\",\"inLanguage\":\"de\",\"@id\":\"https:\\\/\\\/www.brueckezuisrael.org\\\/israel\\\/#\\\/schema\\\/logo\\\/image\\\/\",\"url\":\"https:\\\/\\\/dev1.websketches.net\\\/israel\\\/wp-content\\\/uploads\\\/sites\\\/4\\\/2023\\\/02\\\/bruecke_israel-favicon.png\",\"contentUrl\":\"https:\\\/\\\/dev1.websketches.net\\\/israel\\\/wp-content\\\/uploads\\\/sites\\\/4\\\/2023\\\/02\\\/bruecke_israel-favicon.png\",\"width\":512,\"height\":512,\"caption\":\"Hilfswerk Br\u00fccke zu Israel\"},\"image\":{\"@id\":\"https:\\\/\\\/www.brueckezuisrael.org\\\/israel\\\/#\\\/schema\\\/logo\\\/image\\\/\"}}]}<\/script>\n<!-- \/ Yoast SEO plugin. -->","yoast_head_json":{"title":"\u00dcber das Hilfswerk &#8211; Br\u00fccke zu Israel","robots":{"index":"index","follow":"follow","max-snippet":"max-snippet:-1","max-image-preview":"max-image-preview:large","max-video-preview":"max-video-preview:-1"},"canonical":"https:\/\/www.brueckezuisrael.org\/israel\/kontakt\/ueber-das-hilfswerk\/","og_locale":"de_DE","og_type":"article","og_title":"\u00dcber das Hilfswerk &#8211; Br\u00fccke zu Israel","og_description":"Das Hilfswerk Br\u00fccke zu Israel e.V. wurde im April 1984 von dem Schweizer Ehepaar Magdalena\u00a0(\u2020)\u00a0und Timotheus\u00a0(\u2020)\u00a0Augstburger ins Leben gerufen. &#8222;Tr\u00f6stet, tr\u00f6stet mein Volk, spricht euer Gott.&#8220;(Jesaja 40,1) &#8222;Ich will segnen, die dich segnen.&#8220;(1. Mose 12,3) Beide sp\u00fcrten unabh\u00e4ngig voneinander in ihrem Leben einen starken Ruf, Israel zu dienen und so begannen sie, Hebr\u00e4isch zu lernen [&hellip;]","og_url":"https:\/\/www.brueckezuisrael.org\/israel\/kontakt\/ueber-das-hilfswerk\/","og_site_name":"Br\u00fccke zu Israel","article_modified_time":"2023-10-06T16:02:13+00:00","og_image":[{"url":"https:\/\/dev1.websketches.net\/israel\/wp-content\/uploads\/sites\/4\/2023\/10\/EhepaarAugstburger.jpg","type":"","width":"","height":""}],"twitter_card":"summary_large_image","twitter_misc":{"Gesch\u00e4tzte Lesezeit":"2\u00a0Minuten"},"schema":{"@context":"https:\/\/schema.org","@graph":[{"@type":"WebPage","@id":"https:\/\/www.brueckezuisrael.org\/israel\/kontakt\/ueber-das-hilfswerk\/","url":"https:\/\/www.brueckezuisrael.org\/israel\/kontakt\/ueber-das-hilfswerk\/","name":"\u00dcber das Hilfswerk &#8211; Br\u00fccke zu Israel","isPartOf":{"@id":"https:\/\/www.brueckezuisrael.org\/israel\/#website"},"primaryImageOfPage":{"@id":"https:\/\/www.brueckezuisrael.org\/israel\/kontakt\/ueber-das-hilfswerk\/#primaryimage"},"image":{"@id":"https:\/\/www.brueckezuisrael.org\/israel\/kontakt\/ueber-das-hilfswerk\/#primaryimage"},"thumbnailUrl":"https:\/\/dev1.websketches.net\/israel\/wp-content\/uploads\/sites\/4\/2023\/10\/EhepaarAugstburger.jpg","datePublished":"2023-10-06T15:01:38+00:00","dateModified":"2023-10-06T16:02:13+00:00","breadcrumb":{"@id":"https:\/\/www.brueckezuisrael.org\/israel\/kontakt\/ueber-das-hilfswerk\/#breadcrumb"},"inLanguage":"de","potentialAction":[{"@type":"ReadAction","target":["https:\/\/www.brueckezuisrael.org\/israel\/kontakt\/ueber-das-hilfswerk\/"]}]},{"@type":"ImageObject","inLanguage":"de","@id":"https:\/\/www.brueckezuisrael.org\/israel\/kontakt\/ueber-das-hilfswerk\/#primaryimage","url":"https:\/\/dev1.websketches.net\/israel\/wp-content\/uploads\/sites\/4\/2023\/10\/EhepaarAugstburger.jpg","contentUrl":"https:\/\/dev1.websketches.net\/israel\/wp-content\/uploads\/sites\/4\/2023\/10\/EhepaarAugstburger.jpg"},{"@type":"BreadcrumbList","@id":"https:\/\/www.brueckezuisrael.org\/israel\/kontakt\/ueber-das-hilfswerk\/#breadcrumb","itemListElement":[{"@type":"ListItem","position":1,"name":"Home","item":"https:\/\/www.brueckezuisrael.org\/israel\/"},{"@type":"ListItem","position":2,"name":"Kontakt","item":"https:\/\/www.brueckezuisrael.org\/israel\/kontakt\/"},{"@type":"ListItem","position":3,"name":"\u00dcber das Hilfswerk"}]},{"@type":"WebSite","@id":"https:\/\/www.brueckezuisrael.org\/israel\/#website","url":"https:\/\/www.brueckezuisrael.org\/israel\/","name":"Br\u00fccke zu Israel","description":"Motivieren von Menschen zu einer Israel-freundlichen Gesinnung und Unterst\u00fctzung von hilfsbed\u00fcrftigen Menschen in Israel","publisher":{"@id":"https:\/\/www.brueckezuisrael.org\/israel\/#organization"},"potentialAction":[{"@type":"SearchAction","target":{"@type":"EntryPoint","urlTemplate":"https:\/\/www.brueckezuisrael.org\/israel\/?s={search_term_string}"},"query-input":{"@type":"PropertyValueSpecification","valueRequired":true,"valueName":"search_term_string"}}],"inLanguage":"de"},{"@type":"Organization","@id":"https:\/\/www.brueckezuisrael.org\/israel\/#organization","name":"Hilfswerk Br\u00fccke zu Israel","alternateName":"Br\u00fccke zu Israel","url":"https:\/\/www.brueckezuisrael.org\/israel\/","logo":{"@type":"ImageObject","inLanguage":"de","@id":"https:\/\/www.brueckezuisrael.org\/israel\/#\/schema\/logo\/image\/","url":"https:\/\/dev1.websketches.net\/israel\/wp-content\/uploads\/sites\/4\/2023\/02\/bruecke_israel-favicon.png","contentUrl":"https:\/\/dev1.websketches.net\/israel\/wp-content\/uploads\/sites\/4\/2023\/02\/bruecke_israel-favicon.png","width":512,"height":512,"caption":"Hilfswerk Br\u00fccke zu Israel"},"image":{"@id":"https:\/\/www.brueckezuisrael.org\/israel\/#\/schema\/logo\/image\/"}}]}},"_links":{"self":[{"href":"https:\/\/www.brueckezuisrael.org\/israel\/wp-json\/wp\/v2\/pages\/701","targetHints":{"allow":["GET"]}}],"collection":[{"href":"https:\/\/www.brueckezuisrael.org\/israel\/wp-json\/wp\/v2\/pages"}],"about":[{"href":"https:\/\/www.brueckezuisrael.org\/israel\/wp-json\/wp\/v2\/types\/page"}],"author":[{"embeddable":true,"href":"https:\/\/www.brueckezuisrael.org\/israel\/wp-json\/wp\/v2\/users\/1"}],"replies":[{"embeddable":true,"href":"https:\/\/www.brueckezuisrael.org\/israel\/wp-json\/wp\/v2\/comments?post=701"}],"version-history":[{"count":19,"href":"https:\/\/www.brueckezuisrael.org\/israel\/wp-json\/wp\/v2\/pages\/701\/revisions"}],"predecessor-version":[{"id":769,"href":"https:\/\/www.brueckezuisrael.org\/israel\/wp-json\/wp\/v2\/pages\/701\/revisions\/769"}],"up":[{"embeddable":true,"href":"https:\/\/www.brueckezuisrael.org\/israel\/wp-json\/wp\/v2\/pages\/14"}],"wp:attachment":[{"href":"https:\/\/www.brueckezuisrael.org\/israel\/wp-json\/wp\/v2\/media?parent=701"}],"curies":[{"name":"wp","href":"https:\/\/api.w.org\/{rel}","templated":true}]}}