{"id":704,"date":"2023-10-06T17:02:03","date_gmt":"2023-10-06T15:02:03","guid":{"rendered":"https:\/\/dev1.websketches.net\/israel\/?page_id=704"},"modified":"2025-03-27T08:01:59","modified_gmt":"2025-03-27T07:01:59","slug":"spenden","status":"publish","type":"page","link":"https:\/\/www.brueckezuisrael.org\/israel\/kontakt\/spenden\/","title":{"rendered":"Spenden"},"content":{"rendered":"\t\t<div data-elementor-type=\"wp-page\" data-elementor-id=\"704\" class=\"elementor elementor-704\" data-elementor-post-type=\"page\">\n\t\t\t\t\t\t<section class=\"elementor-section elementor-top-section elementor-element elementor-element-2b0bf5b elementor-section-boxed elementor-section-height-default elementor-section-height-default\" data-id=\"2b0bf5b\" data-element_type=\"section\" data-e-type=\"section\">\n\t\t\t\t\t\t<div class=\"elementor-container elementor-column-gap-default\">\n\t\t\t\t\t<div class=\"elementor-column elementor-col-100 elementor-top-column elementor-element elementor-element-7553452\" data-id=\"7553452\" data-element_type=\"column\" data-e-type=\"column\">\n\t\t\t<div class=\"elementor-widget-wrap elementor-element-populated\">\n\t\t\t\t\t\t<div class=\"elementor-element elementor-element-627a107 elementor-widget elementor-widget-text-editor\" data-id=\"627a107\" data-element_type=\"widget\" data-e-type=\"widget\" data-widget_type=\"text-editor.default\">\n\t\t\t\t<div class=\"elementor-widget-container\">\n\t\t\t\t\t\t\t\t\t<p><strong>Unsere Spendenkonten f\u00fcr die Schweiz:<\/strong><\/p>\n<p><strong>Br\u00fccke zu Israel<\/strong><br>8406 Winterthur<\/p>\n<p>CH-84-3802-9<br>IBAN: CH25 0900 0000 8400 3802 9<br>BIC: POFICHBEXXX<br><em>(Schweizer Franken)<\/em><\/p>\n<p><strong>Verwendungszweck:&nbsp;<\/strong>Israel<\/p>\n<p><strong>Vielen Dank f\u00fcr Ihre Unterst\u00fctzung!<\/strong><\/p>\t\t\t\t\t\t\t\t<\/div>\n\t\t\t\t<\/div>\n\t\t\t\t\t<\/div>\n\t\t<\/div>\n\t\t\t\t\t<\/div>\n\t\t<\/section>\n\t\t\t\t<\/div>\n\t\t","protected":false},"excerpt":{"rendered":"<p>Unsere Spendenkonten f\u00fcr die Schweiz: Br\u00fccke zu Israel8406 Winterthur CH-84-3802-9IBAN: CH25 0900 0000 8400 3802 9BIC: POFICHBEXXX(Schweizer Franken) Verwendungszweck:&nbsp;Israel Vielen Dank f\u00fcr Ihre Unterst\u00fctzung!<\/p>\n","protected":false},"author":1,"featured_media":0,"parent":14,"menu_order":1,"comment_status":"closed","ping_status":"closed","template":"","meta":{"footnotes":""},"class_list":["post-704","page","type-page","status-publish","hentry"],"yoast_head":"<!-- This site is optimized with the Yoast SEO plugin v27.4 - https:\/\/yoast.com\/product\/yoast-seo-wordpress\/ -->\n<title>Spenden &#8211; Br\u00fccke zu Israel<\/title>\n<meta name=\"robots\" content=\"index, follow, max-snippet:-1, max-image-preview:large, max-video-preview:-1\" \/>\n<link rel=\"canonical\" href=\"https:\/\/www.brueckezuisrael.org\/israel\/kontakt\/spenden\/\" \/>\n<meta property=\"og:locale\" content=\"de_DE\" \/>\n<meta property=\"og:type\" content=\"article\" \/>\n<meta property=\"og:title\" content=\"Spenden &#8211; Br\u00fccke zu Israel\" \/>\n<meta property=\"og:description\" content=\"Unsere Spendenkonten f\u00fcr die Schweiz: Br\u00fccke zu Israel8406 Winterthur CH-84-3802-9IBAN: CH25 0900 0000 8400 3802 9BIC: POFICHBEXXX(Schweizer Franken) Verwendungszweck:&nbsp;Israel Vielen Dank f\u00fcr Ihre Unterst\u00fctzung!\" \/>\n<meta property=\"og:url\" content=\"https:\/\/www.brueckezuisrael.org\/israel\/kontakt\/spenden\/\" \/>\n<meta property=\"og:site_name\" content=\"Br\u00fccke zu Israel\" \/>\n<meta property=\"article:modified_time\" content=\"2025-03-27T07:01:59+00:00\" \/>\n<meta property=\"og:image\" content=\"https:\/\/www.brueckezuisrael.org\/israel\/wp-content\/uploads\/sites\/4\/2023\/02\/bruecke_israel-favicon.png\" \/>\n\t<meta property=\"og:image:width\" content=\"512\" \/>\n\t<meta property=\"og:image:height\" content=\"512\" \/>\n\t<meta property=\"og:image:type\" content=\"image\/png\" \/>\n<meta name=\"twitter:card\" content=\"summary_large_image\" \/>\n<meta name=\"twitter:label1\" content=\"Gesch\u00e4tzte Lesezeit\" \/>\n\t<meta name=\"twitter:data1\" content=\"1\u00a0Minute\" \/>\n<script type=\"application\/ld+json\" class=\"yoast-schema-graph\">{\"@context\":\"https:\\\/\\\/schema.org\",\"@graph\":[{\"@type\":\"WebPage\",\"@id\":\"https:\\\/\\\/www.brueckezuisrael.org\\\/israel\\\/kontakt\\\/spenden\\\/\",\"url\":\"https:\\\/\\\/www.brueckezuisrael.org\\\/israel\\\/kontakt\\\/spenden\\\/\",\"name\":\"Spenden &#8211; Br\u00fccke zu Israel\",\"isPartOf\":{\"@id\":\"https:\\\/\\\/www.brueckezuisrael.org\\\/israel\\\/#website\"},\"datePublished\":\"2023-10-06T15:02:03+00:00\",\"dateModified\":\"2025-03-27T07:01:59+00:00\",\"breadcrumb\":{\"@id\":\"https:\\\/\\\/www.brueckezuisrael.org\\\/israel\\\/kontakt\\\/spenden\\\/#breadcrumb\"},\"inLanguage\":\"de\",\"potentialAction\":[{\"@type\":\"ReadAction\",\"target\":[\"https:\\\/\\\/www.brueckezuisrael.org\\\/israel\\\/kontakt\\\/spenden\\\/\"]}]},{\"@type\":\"BreadcrumbList\",\"@id\":\"https:\\\/\\\/www.brueckezuisrael.org\\\/israel\\\/kontakt\\\/spenden\\\/#breadcrumb\",\"itemListElement\":[{\"@type\":\"ListItem\",\"position\":1,\"name\":\"Home\",\"item\":\"https:\\\/\\\/www.brueckezuisrael.org\\\/israel\\\/\"},{\"@type\":\"ListItem\",\"position\":2,\"name\":\"Kontakt\",\"item\":\"https:\\\/\\\/www.brueckezuisrael.org\\\/israel\\\/kontakt\\\/\"},{\"@type\":\"ListItem\",\"position\":3,\"name\":\"Spenden\"}]},{\"@type\":\"WebSite\",\"@id\":\"https:\\\/\\\/www.brueckezuisrael.org\\\/israel\\\/#website\",\"url\":\"https:\\\/\\\/www.brueckezuisrael.org\\\/israel\\\/\",\"name\":\"Br\u00fccke zu Israel\",\"description\":\"Motivieren von Menschen zu einer Israel-freundlichen Gesinnung und Unterst\u00fctzung von hilfsbed\u00fcrftigen Menschen in Israel\",\"publisher\":{\"@id\":\"https:\\\/\\\/www.brueckezuisrael.org\\\/israel\\\/#organization\"},\"potentialAction\":[{\"@type\":\"SearchAction\",\"target\":{\"@type\":\"EntryPoint\",\"urlTemplate\":\"https:\\\/\\\/www.brueckezuisrael.org\\\/israel\\\/?s={search_term_string}\"},\"query-input\":{\"@type\":\"PropertyValueSpecification\",\"valueRequired\":true,\"valueName\":\"search_term_string\"}}],\"inLanguage\":\"de\"},{\"@type\":\"Organization\",\"@id\":\"https:\\\/\\\/www.brueckezuisrael.org\\\/israel\\\/#organization\",\"name\":\"Hilfswerk Br\u00fccke zu Israel\",\"alternateName\":\"Br\u00fccke zu Israel\",\"url\":\"https:\\\/\\\/www.brueckezuisrael.org\\\/israel\\\/\",\"logo\":{\"@type\":\"ImageObject\",\"inLanguage\":\"de\",\"@id\":\"https:\\\/\\\/www.brueckezuisrael.org\\\/israel\\\/#\\\/schema\\\/logo\\\/image\\\/\",\"url\":\"https:\\\/\\\/dev1.websketches.net\\\/israel\\\/wp-content\\\/uploads\\\/sites\\\/4\\\/2023\\\/02\\\/bruecke_israel-favicon.png\",\"contentUrl\":\"https:\\\/\\\/dev1.websketches.net\\\/israel\\\/wp-content\\\/uploads\\\/sites\\\/4\\\/2023\\\/02\\\/bruecke_israel-favicon.png\",\"width\":512,\"height\":512,\"caption\":\"Hilfswerk Br\u00fccke zu Israel\"},\"image\":{\"@id\":\"https:\\\/\\\/www.brueckezuisrael.org\\\/israel\\\/#\\\/schema\\\/logo\\\/image\\\/\"}}]}<\/script>\n<!-- \/ Yoast SEO plugin. -->","yoast_head_json":{"title":"Spenden &#8211; Br\u00fccke zu Israel","robots":{"index":"index","follow":"follow","max-snippet":"max-snippet:-1","max-image-preview":"max-image-preview:large","max-video-preview":"max-video-preview:-1"},"canonical":"https:\/\/www.brueckezuisrael.org\/israel\/kontakt\/spenden\/","og_locale":"de_DE","og_type":"article","og_title":"Spenden &#8211; Br\u00fccke zu Israel","og_description":"Unsere Spendenkonten f\u00fcr die Schweiz: Br\u00fccke zu Israel8406 Winterthur CH-84-3802-9IBAN: CH25 0900 0000 8400 3802 9BIC: POFICHBEXXX(Schweizer Franken) Verwendungszweck:&nbsp;Israel Vielen Dank f\u00fcr Ihre Unterst\u00fctzung!","og_url":"https:\/\/www.brueckezuisrael.org\/israel\/kontakt\/spenden\/","og_site_name":"Br\u00fccke zu Israel","article_modified_time":"2025-03-27T07:01:59+00:00","og_image":[{"width":512,"height":512,"url":"https:\/\/www.brueckezuisrael.org\/israel\/wp-content\/uploads\/sites\/4\/2023\/02\/bruecke_israel-favicon.png","type":"image\/png"}],"twitter_card":"summary_large_image","twitter_misc":{"Gesch\u00e4tzte Lesezeit":"1\u00a0Minute"},"schema":{"@context":"https:\/\/schema.org","@graph":[{"@type":"WebPage","@id":"https:\/\/www.brueckezuisrael.org\/israel\/kontakt\/spenden\/","url":"https:\/\/www.brueckezuisrael.org\/israel\/kontakt\/spenden\/","name":"Spenden &#8211; Br\u00fccke zu Israel","isPartOf":{"@id":"https:\/\/www.brueckezuisrael.org\/israel\/#website"},"datePublished":"2023-10-06T15:02:03+00:00","dateModified":"2025-03-27T07:01:59+00:00","breadcrumb":{"@id":"https:\/\/www.brueckezuisrael.org\/israel\/kontakt\/spenden\/#breadcrumb"},"inLanguage":"de","potentialAction":[{"@type":"ReadAction","target":["https:\/\/www.brueckezuisrael.org\/israel\/kontakt\/spenden\/"]}]},{"@type":"BreadcrumbList","@id":"https:\/\/www.brueckezuisrael.org\/israel\/kontakt\/spenden\/#breadcrumb","itemListElement":[{"@type":"ListItem","position":1,"name":"Home","item":"https:\/\/www.brueckezuisrael.org\/israel\/"},{"@type":"ListItem","position":2,"name":"Kontakt","item":"https:\/\/www.brueckezuisrael.org\/israel\/kontakt\/"},{"@type":"ListItem","position":3,"name":"Spenden"}]},{"@type":"WebSite","@id":"https:\/\/www.brueckezuisrael.org\/israel\/#website","url":"https:\/\/www.brueckezuisrael.org\/israel\/","name":"Br\u00fccke zu Israel","description":"Motivieren von Menschen zu einer Israel-freundlichen Gesinnung und Unterst\u00fctzung von hilfsbed\u00fcrftigen Menschen in Israel","publisher":{"@id":"https:\/\/www.brueckezuisrael.org\/israel\/#organization"},"potentialAction":[{"@type":"SearchAction","target":{"@type":"EntryPoint","urlTemplate":"https:\/\/www.brueckezuisrael.org\/israel\/?s={search_term_string}"},"query-input":{"@type":"PropertyValueSpecification","valueRequired":true,"valueName":"search_term_string"}}],"inLanguage":"de"},{"@type":"Organization","@id":"https:\/\/www.brueckezuisrael.org\/israel\/#organization","name":"Hilfswerk Br\u00fccke zu Israel","alternateName":"Br\u00fccke zu Israel","url":"https:\/\/www.brueckezuisrael.org\/israel\/","logo":{"@type":"ImageObject","inLanguage":"de","@id":"https:\/\/www.brueckezuisrael.org\/israel\/#\/schema\/logo\/image\/","url":"https:\/\/dev1.websketches.net\/israel\/wp-content\/uploads\/sites\/4\/2023\/02\/bruecke_israel-favicon.png","contentUrl":"https:\/\/dev1.websketches.net\/israel\/wp-content\/uploads\/sites\/4\/2023\/02\/bruecke_israel-favicon.png","width":512,"height":512,"caption":"Hilfswerk Br\u00fccke zu Israel"},"image":{"@id":"https:\/\/www.brueckezuisrael.org\/israel\/#\/schema\/logo\/image\/"}}]}},"_links":{"self":[{"href":"https:\/\/www.brueckezuisrael.org\/israel\/wp-json\/wp\/v2\/pages\/704","targetHints":{"allow":["GET"]}}],"collection":[{"href":"https:\/\/www.brueckezuisrael.org\/israel\/wp-json\/wp\/v2\/pages"}],"about":[{"href":"https:\/\/www.brueckezuisrael.org\/israel\/wp-json\/wp\/v2\/types\/page"}],"author":[{"embeddable":true,"href":"https:\/\/www.brueckezuisrael.org\/israel\/wp-json\/wp\/v2\/users\/1"}],"replies":[{"embeddable":true,"href":"https:\/\/www.brueckezuisrael.org\/israel\/wp-json\/wp\/v2\/comments?post=704"}],"version-history":[{"count":13,"href":"https:\/\/www.brueckezuisrael.org\/israel\/wp-json\/wp\/v2\/pages\/704\/revisions"}],"predecessor-version":[{"id":1161,"href":"https:\/\/www.brueckezuisrael.org\/israel\/wp-json\/wp\/v2\/pages\/704\/revisions\/1161"}],"up":[{"embeddable":true,"href":"https:\/\/www.brueckezuisrael.org\/israel\/wp-json\/wp\/v2\/pages\/14"}],"wp:attachment":[{"href":"https:\/\/www.brueckezuisrael.org\/israel\/wp-json\/wp\/v2\/media?parent=704"}],"curies":[{"name":"wp","href":"https:\/\/api.w.org\/{rel}","templated":true}]}}