{"id":706,"date":"2023-10-06T17:02:22","date_gmt":"2023-10-06T15:02:22","guid":{"rendered":"https:\/\/dev1.websketches.net\/israel\/?page_id=706"},"modified":"2024-01-18T14:01:23","modified_gmt":"2024-01-18T13:01:23","slug":"kontaktformular","status":"publish","type":"page","link":"https:\/\/www.brueckezuisrael.org\/israel\/kontakt\/kontaktformular\/","title":{"rendered":"Kontaktformular"},"content":{"rendered":"\t\t<div data-elementor-type=\"wp-page\" data-elementor-id=\"706\" class=\"elementor elementor-706\" data-elementor-post-type=\"page\">\n\t\t\t\t\t\t<section class=\"elementor-section elementor-top-section elementor-element elementor-element-9e712a2 elementor-section-boxed elementor-section-height-default elementor-section-height-default\" data-id=\"9e712a2\" data-element_type=\"section\" data-e-type=\"section\">\n\t\t\t\t\t\t<div class=\"elementor-container elementor-column-gap-default\">\n\t\t\t\t\t<div class=\"elementor-column elementor-col-100 elementor-top-column elementor-element elementor-element-ccb2f94\" data-id=\"ccb2f94\" data-element_type=\"column\" data-e-type=\"column\">\n\t\t\t<div class=\"elementor-widget-wrap elementor-element-populated\">\n\t\t\t\t\t\t<div class=\"elementor-element elementor-element-fe11a1c elementor-widget elementor-widget-text-editor\" data-id=\"fe11a1c\" data-element_type=\"widget\" data-e-type=\"widget\" data-widget_type=\"text-editor.default\">\n\t\t\t\t<div class=\"elementor-widget-container\">\n\t\t\t\t\t\t\t\t\t<p>Haben Sie ein Anliegen oder eine Anfrage? Gern k\u00f6nnen Sie hier direkt mit uns in Kontakt treten.&nbsp;<\/p>\n<p>Wir bem\u00fchen uns, baldm\u00f6glichst auf Ihr Anliegen zu reagieren.<\/p>\t\t\t\t\t\t\t\t<\/div>\n\t\t\t\t<\/div>\n\t\t\t\t<div class=\"elementor-element elementor-element-6a3cd5c elementor-button-align-start elementor-widget elementor-widget-form\" data-id=\"6a3cd5c\" data-element_type=\"widget\" data-e-type=\"widget\" data-settings=\"{&quot;step_next_label&quot;:&quot;Next&quot;,&quot;step_previous_label&quot;:&quot;Previous&quot;,&quot;button_width&quot;:&quot;100&quot;,&quot;step_type&quot;:&quot;number_text&quot;,&quot;step_icon_shape&quot;:&quot;circle&quot;}\" data-widget_type=\"form.default\">\n\t\t\t\t<div class=\"elementor-widget-container\">\n\t\t\t\t\t\t\t<form class=\"elementor-form\" method=\"post\" id=\"contactform\" name=\"Kontaktformular\" aria-label=\"Kontaktformular\">\n\t\t\t<input type=\"hidden\" name=\"post_id\" value=\"706\"\/>\n\t\t\t<input type=\"hidden\" name=\"form_id\" value=\"6a3cd5c\"\/>\n\t\t\t<input type=\"hidden\" name=\"referer_title\" value=\"Kontaktformular &#8211; Br\u00fccke zu Israel\" \/>\n\n\t\t\t\t\t\t\t<input type=\"hidden\" name=\"queried_id\" value=\"706\"\/>\n\t\t\t\n\t\t\t<div class=\"elementor-form-fields-wrapper elementor-labels-above\">\n\t\t\t\t\t\t\t\t<div class=\"elementor-field-type-text elementor-field-group elementor-column elementor-field-group-name elementor-col-60 elementor-field-required elementor-mark-required\">\n\t\t\t\t\t\t\t\t\t\t\t\t<label for=\"form-field-name\" class=\"elementor-field-label\">\n\t\t\t\t\t\t\t\tIhr Name\t\t\t\t\t\t\t<\/label>\n\t\t\t\t\t\t\t\t\t\t\t\t\t\t<input size=\"1\" type=\"text\" name=\"form_fields[name]\" id=\"form-field-name\" class=\"elementor-field elementor-size-xs  elementor-field-textual\" required=\"required\">\n\t\t\t\t\t\t\t\t\t\t\t<\/div>\n\t\t\t\t\t\t\t\t<div class=\"elementor-field-type-email elementor-field-group elementor-column elementor-field-group-email elementor-col-60 elementor-field-required elementor-mark-required\">\n\t\t\t\t\t\t\t\t\t\t\t\t<label for=\"form-field-email\" class=\"elementor-field-label\">\n\t\t\t\t\t\t\t\tIhre E-Mailadresse\t\t\t\t\t\t\t<\/label>\n\t\t\t\t\t\t\t\t\t\t\t\t\t\t<input size=\"1\" type=\"email\" name=\"form_fields[email]\" id=\"form-field-email\" class=\"elementor-field elementor-size-xs  elementor-field-textual\" required=\"required\">\n\t\t\t\t\t\t\t\t\t\t\t<\/div>\n\t\t\t\t\t\t\t\t<div class=\"elementor-field-type-text elementor-field-group elementor-column elementor-field-group-field_4ecd920 elementor-col-60\">\n\t\t\t\t\t\t\t\t\t\t\t\t<label for=\"form-field-field_4ecd920\" class=\"elementor-field-label\">\n\t\t\t\t\t\t\t\tIhre Telefonnummer\t\t\t\t\t\t\t<\/label>\n\t\t\t\t\t\t\t\t\t\t\t\t\t\t<input size=\"1\" type=\"text\" name=\"form_fields[field_4ecd920]\" id=\"form-field-field_4ecd920\" class=\"elementor-field elementor-size-xs  elementor-field-textual\">\n\t\t\t\t\t\t\t\t\t\t\t<\/div>\n\t\t\t\t\t\t\t\t<div class=\"elementor-field-type-text elementor-field-group elementor-column elementor-field-group-field_26ed761 elementor-col-100 elementor-field-required elementor-mark-required\">\n\t\t\t\t\t\t\t\t\t\t\t\t<label for=\"form-field-field_26ed761\" class=\"elementor-field-label\">\n\t\t\t\t\t\t\t\tBetreff\t\t\t\t\t\t\t<\/label>\n\t\t\t\t\t\t\t\t\t\t\t\t\t\t<input size=\"1\" type=\"text\" name=\"form_fields[field_26ed761]\" id=\"form-field-field_26ed761\" class=\"elementor-field elementor-size-xs  elementor-field-textual\" required=\"required\">\n\t\t\t\t\t\t\t\t\t\t\t<\/div>\n\t\t\t\t\t\t\t\t<div class=\"elementor-field-type-textarea elementor-field-group elementor-column elementor-field-group-message elementor-col-100 elementor-field-required elementor-mark-required\">\n\t\t\t\t\t\t\t\t\t\t\t\t<label for=\"form-field-message\" class=\"elementor-field-label\">\n\t\t\t\t\t\t\t\tIhr Anliegen\t\t\t\t\t\t\t<\/label>\n\t\t\t\t\t\t<textarea class=\"elementor-field-textual elementor-field  elementor-size-xs\" name=\"form_fields[message]\" id=\"form-field-message\" rows=\"4\" required=\"required\"><\/textarea>\t\t\t\t<\/div>\n\t\t\t\t\t\t\t\t<div class=\"elementor-field-type-text\">\n\t\t\t\t\t<input size=\"1\" type=\"text\" name=\"form_fields[field_720508d]\" id=\"form-field-field_720508d\" class=\"elementor-field elementor-size-xs \" style=\"display:none !important;\">\t\t\t\t<\/div>\n\t\t\t\t\t\t\t\t<div class=\"elementor-field-type-select elementor-field-group elementor-column elementor-field-group-field_3e9a96d elementor-col-100\">\n\t\t\t\t\t\t\t\t\t\t\t\t<label for=\"form-field-field_3e9a96d\" class=\"elementor-field-label\">\n\t\t\t\t\t\t\t\tBitte um regelm\u00e4\u00dfige Zustellung der Brosch\u00fcre \"Br\u00fccke zu Israel\"\t\t\t\t\t\t\t<\/label>\n\t\t\t\t\t\t\t\t<div class=\"elementor-field elementor-select-wrapper remove-before \">\n\t\t\t<div class=\"select-caret-down-wrapper\">\n\t\t\t\t<i aria-hidden=\"true\" class=\"eicon-caret-down\"><\/i>\t\t\t<\/div>\n\t\t\t<select name=\"form_fields[field_3e9a96d]\" id=\"form-field-field_3e9a96d\" class=\"elementor-field-textual elementor-size-xs\">\n\t\t\t\t\t\t\t\t\t<option value=\"Ja\">Ja<\/option>\n\t\t\t\t\t\t\t\t\t<option value=\"Nein\">Nein<\/option>\n\t\t\t\t\t\t\t<\/select>\n\t\t<\/div>\n\t\t\t\t\t\t<\/div>\n\t\t\t\t\t\t\t\t<div class=\"elementor-field-type-select elementor-field-group elementor-column elementor-field-group-field_78581e3 elementor-col-100\">\n\t\t\t\t\t\t\t\t\t\t\t\t<label for=\"form-field-field_78581e3\" class=\"elementor-field-label\">\n\t\t\t\t\t\t\t\tBitte um regelm\u00e4\u00dfige Zustellung der Brosch\u00fcre \"Hilfe f\u00fcr \u00c4thiopien\"\t\t\t\t\t\t\t<\/label>\n\t\t\t\t\t\t\t\t<div class=\"elementor-field elementor-select-wrapper remove-before \">\n\t\t\t<div class=\"select-caret-down-wrapper\">\n\t\t\t\t<i aria-hidden=\"true\" class=\"eicon-caret-down\"><\/i>\t\t\t<\/div>\n\t\t\t<select name=\"form_fields[field_78581e3]\" id=\"form-field-field_78581e3\" class=\"elementor-field-textual elementor-size-xs\">\n\t\t\t\t\t\t\t\t\t<option value=\"Ja\">Ja<\/option>\n\t\t\t\t\t\t\t\t\t<option value=\"Nein\">Nein<\/option>\n\t\t\t\t\t\t\t<\/select>\n\t\t<\/div>\n\t\t\t\t\t\t<\/div>\n\t\t\t\t\t\t\t\t<div class=\"elementor-field-type-checkbox elementor-field-group elementor-column elementor-field-group-field_4541945 elementor-col-100\">\n\t\t\t\t\t\t\t\t\t\t\t\t<label for=\"form-field-field_4541945\" class=\"elementor-field-label\">\n\t\t\t\t\t\t\t\tMitgliedschaft\t\t\t\t\t\t\t<\/label>\n\t\t\t\t\t\t<div class=\"elementor-field-subgroup  \"><span class=\"elementor-field-option\"><input type=\"checkbox\" value=\"Anmeldung zur Mitgliedschaft\" id=\"form-field-field_4541945-0\" name=\"form_fields[field_4541945]\"> <label for=\"form-field-field_4541945-0\">Anmeldung zur Mitgliedschaft<\/label><\/span><\/div>\t\t\t\t<\/div>\n\t\t\t\t\t\t\t\t<div class=\"elementor-field-group elementor-column elementor-field-type-submit elementor-col-100 e-form__buttons\">\n\t\t\t\t\t<button class=\"elementor-button elementor-size-sm\" type=\"submit\">\n\t\t\t\t\t\t<span class=\"elementor-button-content-wrapper\">\n\t\t\t\t\t\t\t\t\t\t\t\t\t\t\t\t\t\t\t\t\t\t<span class=\"elementor-button-text\">Absenden<\/span>\n\t\t\t\t\t\t\t\t\t\t\t\t\t<\/span>\n\t\t\t\t\t<\/button>\n\t\t\t\t<\/div>\n\t\t\t<\/div>\n\t\t<\/form>\n\t\t\t\t\t\t<\/div>\n\t\t\t\t<\/div>\n\t\t\t\t\t<\/div>\n\t\t<\/div>\n\t\t\t\t\t<\/div>\n\t\t<\/section>\n\t\t\t\t<\/div>\n\t\t","protected":false},"excerpt":{"rendered":"<p>Haben Sie ein Anliegen oder eine Anfrage? Gern k\u00f6nnen Sie hier direkt mit uns in Kontakt treten.&nbsp; Wir bem\u00fchen uns, baldm\u00f6glichst auf Ihr Anliegen zu reagieren.<\/p>\n","protected":false},"author":1,"featured_media":0,"parent":14,"menu_order":2,"comment_status":"closed","ping_status":"closed","template":"","meta":{"footnotes":""},"class_list":["post-706","page","type-page","status-publish","hentry"],"yoast_head":"<!-- This site is optimized with the Yoast SEO plugin v27.6 - https:\/\/yoast.com\/product\/yoast-seo-wordpress\/ -->\n<title>Kontaktformular &#8211; Br\u00fccke zu Israel<\/title>\n<meta name=\"robots\" content=\"index, follow, max-snippet:-1, max-image-preview:large, max-video-preview:-1\" \/>\n<link rel=\"canonical\" href=\"https:\/\/www.brueckezuisrael.org\/israel\/kontakt\/kontaktformular\/\" \/>\n<meta property=\"og:locale\" content=\"de_DE\" \/>\n<meta property=\"og:type\" content=\"article\" \/>\n<meta property=\"og:title\" content=\"Kontaktformular &#8211; Br\u00fccke zu Israel\" \/>\n<meta property=\"og:description\" content=\"Haben Sie ein Anliegen oder eine Anfrage? Gern k\u00f6nnen Sie hier direkt mit uns in Kontakt treten.&nbsp; Wir bem\u00fchen uns, baldm\u00f6glichst auf Ihr Anliegen zu reagieren.\" \/>\n<meta property=\"og:url\" content=\"https:\/\/www.brueckezuisrael.org\/israel\/kontakt\/kontaktformular\/\" \/>\n<meta property=\"og:site_name\" content=\"Br\u00fccke zu Israel\" \/>\n<meta property=\"article:modified_time\" content=\"2024-01-18T13:01:23+00:00\" \/>\n<meta property=\"og:image\" content=\"https:\/\/www.brueckezuisrael.org\/israel\/wp-content\/uploads\/sites\/4\/2023\/02\/bruecke_israel-favicon.png\" \/>\n\t<meta property=\"og:image:width\" content=\"512\" \/>\n\t<meta property=\"og:image:height\" content=\"512\" \/>\n\t<meta property=\"og:image:type\" content=\"image\/png\" \/>\n<meta name=\"twitter:card\" content=\"summary_large_image\" \/>\n<meta name=\"twitter:label1\" content=\"Gesch\u00e4tzte Lesezeit\" \/>\n\t<meta name=\"twitter:data1\" content=\"1\u00a0Minute\" \/>\n<script type=\"application\/ld+json\" class=\"yoast-schema-graph\">{\"@context\":\"https:\\\/\\\/schema.org\",\"@graph\":[{\"@type\":\"WebPage\",\"@id\":\"https:\\\/\\\/www.brueckezuisrael.org\\\/israel\\\/kontakt\\\/kontaktformular\\\/\",\"url\":\"https:\\\/\\\/www.brueckezuisrael.org\\\/israel\\\/kontakt\\\/kontaktformular\\\/\",\"name\":\"Kontaktformular &#8211; Br\u00fccke zu Israel\",\"isPartOf\":{\"@id\":\"https:\\\/\\\/www.brueckezuisrael.org\\\/israel\\\/#website\"},\"datePublished\":\"2023-10-06T15:02:22+00:00\",\"dateModified\":\"2024-01-18T13:01:23+00:00\",\"breadcrumb\":{\"@id\":\"https:\\\/\\\/www.brueckezuisrael.org\\\/israel\\\/kontakt\\\/kontaktformular\\\/#breadcrumb\"},\"inLanguage\":\"de\",\"potentialAction\":[{\"@type\":\"ReadAction\",\"target\":[\"https:\\\/\\\/www.brueckezuisrael.org\\\/israel\\\/kontakt\\\/kontaktformular\\\/\"]}]},{\"@type\":\"BreadcrumbList\",\"@id\":\"https:\\\/\\\/www.brueckezuisrael.org\\\/israel\\\/kontakt\\\/kontaktformular\\\/#breadcrumb\",\"itemListElement\":[{\"@type\":\"ListItem\",\"position\":1,\"name\":\"Home\",\"item\":\"https:\\\/\\\/www.brueckezuisrael.org\\\/israel\\\/\"},{\"@type\":\"ListItem\",\"position\":2,\"name\":\"Kontakt\",\"item\":\"https:\\\/\\\/www.brueckezuisrael.org\\\/israel\\\/kontakt\\\/\"},{\"@type\":\"ListItem\",\"position\":3,\"name\":\"Kontaktformular\"}]},{\"@type\":\"WebSite\",\"@id\":\"https:\\\/\\\/www.brueckezuisrael.org\\\/israel\\\/#website\",\"url\":\"https:\\\/\\\/www.brueckezuisrael.org\\\/israel\\\/\",\"name\":\"Br\u00fccke zu Israel\",\"description\":\"Motivieren von Menschen zu einer Israel-freundlichen Gesinnung und Unterst\u00fctzung von hilfsbed\u00fcrftigen Menschen in Israel\",\"publisher\":{\"@id\":\"https:\\\/\\\/www.brueckezuisrael.org\\\/israel\\\/#organization\"},\"potentialAction\":[{\"@type\":\"SearchAction\",\"target\":{\"@type\":\"EntryPoint\",\"urlTemplate\":\"https:\\\/\\\/www.brueckezuisrael.org\\\/israel\\\/?s={search_term_string}\"},\"query-input\":{\"@type\":\"PropertyValueSpecification\",\"valueRequired\":true,\"valueName\":\"search_term_string\"}}],\"inLanguage\":\"de\"},{\"@type\":\"Organization\",\"@id\":\"https:\\\/\\\/www.brueckezuisrael.org\\\/israel\\\/#organization\",\"name\":\"Hilfswerk Br\u00fccke zu Israel\",\"alternateName\":\"Br\u00fccke zu Israel\",\"url\":\"https:\\\/\\\/www.brueckezuisrael.org\\\/israel\\\/\",\"logo\":{\"@type\":\"ImageObject\",\"inLanguage\":\"de\",\"@id\":\"https:\\\/\\\/www.brueckezuisrael.org\\\/israel\\\/#\\\/schema\\\/logo\\\/image\\\/\",\"url\":\"https:\\\/\\\/dev1.websketches.net\\\/israel\\\/wp-content\\\/uploads\\\/sites\\\/4\\\/2023\\\/02\\\/bruecke_israel-favicon.png\",\"contentUrl\":\"https:\\\/\\\/dev1.websketches.net\\\/israel\\\/wp-content\\\/uploads\\\/sites\\\/4\\\/2023\\\/02\\\/bruecke_israel-favicon.png\",\"width\":512,\"height\":512,\"caption\":\"Hilfswerk Br\u00fccke zu Israel\"},\"image\":{\"@id\":\"https:\\\/\\\/www.brueckezuisrael.org\\\/israel\\\/#\\\/schema\\\/logo\\\/image\\\/\"}}]}<\/script>\n<!-- \/ Yoast SEO plugin. -->","yoast_head_json":{"title":"Kontaktformular &#8211; Br\u00fccke zu Israel","robots":{"index":"index","follow":"follow","max-snippet":"max-snippet:-1","max-image-preview":"max-image-preview:large","max-video-preview":"max-video-preview:-1"},"canonical":"https:\/\/www.brueckezuisrael.org\/israel\/kontakt\/kontaktformular\/","og_locale":"de_DE","og_type":"article","og_title":"Kontaktformular &#8211; Br\u00fccke zu Israel","og_description":"Haben Sie ein Anliegen oder eine Anfrage? Gern k\u00f6nnen Sie hier direkt mit uns in Kontakt treten.&nbsp; Wir bem\u00fchen uns, baldm\u00f6glichst auf Ihr Anliegen zu reagieren.","og_url":"https:\/\/www.brueckezuisrael.org\/israel\/kontakt\/kontaktformular\/","og_site_name":"Br\u00fccke zu Israel","article_modified_time":"2024-01-18T13:01:23+00:00","og_image":[{"width":512,"height":512,"url":"https:\/\/www.brueckezuisrael.org\/israel\/wp-content\/uploads\/sites\/4\/2023\/02\/bruecke_israel-favicon.png","type":"image\/png"}],"twitter_card":"summary_large_image","twitter_misc":{"Gesch\u00e4tzte Lesezeit":"1\u00a0Minute"},"schema":{"@context":"https:\/\/schema.org","@graph":[{"@type":"WebPage","@id":"https:\/\/www.brueckezuisrael.org\/israel\/kontakt\/kontaktformular\/","url":"https:\/\/www.brueckezuisrael.org\/israel\/kontakt\/kontaktformular\/","name":"Kontaktformular &#8211; Br\u00fccke zu Israel","isPartOf":{"@id":"https:\/\/www.brueckezuisrael.org\/israel\/#website"},"datePublished":"2023-10-06T15:02:22+00:00","dateModified":"2024-01-18T13:01:23+00:00","breadcrumb":{"@id":"https:\/\/www.brueckezuisrael.org\/israel\/kontakt\/kontaktformular\/#breadcrumb"},"inLanguage":"de","potentialAction":[{"@type":"ReadAction","target":["https:\/\/www.brueckezuisrael.org\/israel\/kontakt\/kontaktformular\/"]}]},{"@type":"BreadcrumbList","@id":"https:\/\/www.brueckezuisrael.org\/israel\/kontakt\/kontaktformular\/#breadcrumb","itemListElement":[{"@type":"ListItem","position":1,"name":"Home","item":"https:\/\/www.brueckezuisrael.org\/israel\/"},{"@type":"ListItem","position":2,"name":"Kontakt","item":"https:\/\/www.brueckezuisrael.org\/israel\/kontakt\/"},{"@type":"ListItem","position":3,"name":"Kontaktformular"}]},{"@type":"WebSite","@id":"https:\/\/www.brueckezuisrael.org\/israel\/#website","url":"https:\/\/www.brueckezuisrael.org\/israel\/","name":"Br\u00fccke zu Israel","description":"Motivieren von Menschen zu einer Israel-freundlichen Gesinnung und Unterst\u00fctzung von hilfsbed\u00fcrftigen Menschen in Israel","publisher":{"@id":"https:\/\/www.brueckezuisrael.org\/israel\/#organization"},"potentialAction":[{"@type":"SearchAction","target":{"@type":"EntryPoint","urlTemplate":"https:\/\/www.brueckezuisrael.org\/israel\/?s={search_term_string}"},"query-input":{"@type":"PropertyValueSpecification","valueRequired":true,"valueName":"search_term_string"}}],"inLanguage":"de"},{"@type":"Organization","@id":"https:\/\/www.brueckezuisrael.org\/israel\/#organization","name":"Hilfswerk Br\u00fccke zu Israel","alternateName":"Br\u00fccke zu Israel","url":"https:\/\/www.brueckezuisrael.org\/israel\/","logo":{"@type":"ImageObject","inLanguage":"de","@id":"https:\/\/www.brueckezuisrael.org\/israel\/#\/schema\/logo\/image\/","url":"https:\/\/dev1.websketches.net\/israel\/wp-content\/uploads\/sites\/4\/2023\/02\/bruecke_israel-favicon.png","contentUrl":"https:\/\/dev1.websketches.net\/israel\/wp-content\/uploads\/sites\/4\/2023\/02\/bruecke_israel-favicon.png","width":512,"height":512,"caption":"Hilfswerk Br\u00fccke zu Israel"},"image":{"@id":"https:\/\/www.brueckezuisrael.org\/israel\/#\/schema\/logo\/image\/"}}]}},"_links":{"self":[{"href":"https:\/\/www.brueckezuisrael.org\/israel\/wp-json\/wp\/v2\/pages\/706","targetHints":{"allow":["GET"]}}],"collection":[{"href":"https:\/\/www.brueckezuisrael.org\/israel\/wp-json\/wp\/v2\/pages"}],"about":[{"href":"https:\/\/www.brueckezuisrael.org\/israel\/wp-json\/wp\/v2\/types\/page"}],"author":[{"embeddable":true,"href":"https:\/\/www.brueckezuisrael.org\/israel\/wp-json\/wp\/v2\/users\/1"}],"replies":[{"embeddable":true,"href":"https:\/\/www.brueckezuisrael.org\/israel\/wp-json\/wp\/v2\/comments?post=706"}],"version-history":[{"count":76,"href":"https:\/\/www.brueckezuisrael.org\/israel\/wp-json\/wp\/v2\/pages\/706\/revisions"}],"predecessor-version":[{"id":1005,"href":"https:\/\/www.brueckezuisrael.org\/israel\/wp-json\/wp\/v2\/pages\/706\/revisions\/1005"}],"up":[{"embeddable":true,"href":"https:\/\/www.brueckezuisrael.org\/israel\/wp-json\/wp\/v2\/pages\/14"}],"wp:attachment":[{"href":"https:\/\/www.brueckezuisrael.org\/israel\/wp-json\/wp\/v2\/media?parent=706"}],"curies":[{"name":"wp","href":"https:\/\/api.w.org\/{rel}","templated":true}]}}