{"id":86,"date":"2023-02-26T16:19:54","date_gmt":"2023-02-26T15:19:54","guid":{"rendered":"https:\/\/dev1.websketches.net\/israel\/?page_id=86"},"modified":"2026-01-16T09:46:42","modified_gmt":"2026-01-16T08:46:42","slug":"impressum","status":"publish","type":"page","link":"https:\/\/www.brueckezuisrael.org\/israel\/kontakt\/impressum\/","title":{"rendered":"Impressum"},"content":{"rendered":"\t\t<div data-elementor-type=\"wp-page\" data-elementor-id=\"86\" class=\"elementor elementor-86\" data-elementor-post-type=\"page\">\n\t\t\t\t\t\t<section class=\"elementor-section elementor-top-section elementor-element elementor-element-f1f48e9 elementor-section-boxed elementor-section-height-default elementor-section-height-default\" data-id=\"f1f48e9\" data-element_type=\"section\" data-e-type=\"section\">\n\t\t\t\t\t\t<div class=\"elementor-container elementor-column-gap-default\">\n\t\t\t\t\t<div class=\"elementor-column elementor-col-100 elementor-top-column elementor-element elementor-element-c277ad3\" data-id=\"c277ad3\" data-element_type=\"column\" data-e-type=\"column\">\n\t\t\t<div class=\"elementor-widget-wrap elementor-element-populated\">\n\t\t\t\t\t\t<div class=\"elementor-element elementor-element-a0611bd elementor-drop-cap-yes elementor-drop-cap-view-default elementor-widget elementor-widget-text-editor\" data-id=\"a0611bd\" data-element_type=\"widget\" data-e-type=\"widget\" data-settings=\"{&quot;drop_cap&quot;:&quot;yes&quot;}\" data-widget_type=\"text-editor.default\">\n\t\t\t\t<div class=\"elementor-widget-container\">\n\t\t\t\t\t\t\t\t\t<p><strong>Verantwortlich f\u00fcr den Inhalt der Seiten<\/strong><\/p><p>Br\u00fccke zu Israel<br \/>Stadlerstra\u00dfe 55<br \/>Postfach 30<br \/>8406 Winterthur<\/p><p><b>Vorstand<br \/><\/b>Tsion Alemayehu, Raphael Schaffner<\/p><p><b>Handelsreg. Nr.<\/b> CHE-102.829576<\/p><p><b>Website<br \/><\/b><span style=\"color: var( --e-global-color-text ); font-family: var( --e-global-typography-text-font-family ), Sans-serif; font-size: var( --e-global-typography-text-font-size ); font-weight: var( --e-global-typography-text-font-weight );\">Konzept, Layout und Umsetzung:\u00a0<\/span><a style=\"font-family: var( --e-global-typography-text-font-family ), Sans-serif; font-size: var( --e-global-typography-text-font-size ); background-color: #ffffff;\" title=\"Bumblebee Media\" href=\"http:\/\/www.bumblebee-media.de\/\" target=\"_blank\" rel=\"noopener\">Bumblebee Media, Chemnitz<\/a><span style=\"color: var( --e-global-color-text ); font-family: var( --e-global-typography-text-font-family ), Sans-serif; font-size: var( --e-global-typography-text-font-size ); font-weight: var( --e-global-typography-text-font-weight );\">\u00a0<\/span><\/p><p><b>Copyright<br \/><\/b><span style=\"color: var( --e-global-color-text ); font-family: var( --e-global-typography-text-font-family ), Sans-serif; font-size: var( --e-global-typography-text-font-size ); font-weight: var( --e-global-typography-text-font-weight );\">Das Copyright f\u00fcr s\u00e4mtliche Inhalte dieser Website liegt bei Br\u00fccke zu Israel, Winterthur, Schweiz<\/span><\/p><p><b>Bildnachweis<br \/><\/b><span style=\"color: var( --e-global-color-text ); font-family: var( --e-global-typography-text-font-family ), Sans-serif; font-size: var( --e-global-typography-text-font-size ); font-weight: var( --e-global-typography-text-font-weight );\">Bilder auf der Startseite (Slideshow):\u00a0<br \/><\/span><span style=\"color: #4c4c4c; font-family: HelveticaNeue-Light, -apple-system, AppleSDGothicNeo-Regular, 'lucida grande', tahoma, verdana, arial, sans-serif, 'Segoe UI Emoji', 'Segoe UI Symbol', 'Noto Color Emoji', NotoColorEmoji, EmojiSymbols, Symbola, Noto, 'Android Emoji', AndroidEmoji, 'Arial Unicode MS', 'Zapf Dingbats', AppleColorEmoji, 'Apple Color Emoji'; text-align: left; font-size: var( --e-global-typography-text-font-size ); font-weight: var( --e-global-typography-text-font-weight );\">\u00a9<\/span><span style=\"color: var( --e-global-color-text ); font-family: var( --e-global-typography-text-font-family ), Sans-serif; font-size: var( --e-global-typography-text-font-size ); font-weight: var( --e-global-typography-text-font-weight );\">Bumblebee Media, Chemnitz<\/span><\/p><p>Alle anderen Bilder:\u00a0<br \/><span style=\"color: #4c4c4c; font-family: HelveticaNeue-Light, -apple-system, AppleSDGothicNeo-Regular, 'lucida grande', tahoma, verdana, arial, sans-serif, 'Segoe UI Emoji', 'Segoe UI Symbol', 'Noto Color Emoji', NotoColorEmoji, EmojiSymbols, Symbola, Noto, 'Android Emoji', AndroidEmoji, 'Arial Unicode MS', 'Zapf Dingbats', AppleColorEmoji, 'Apple Color Emoji'; text-align: left; font-size: var( --e-global-typography-text-font-size ); font-weight: var( --e-global-typography-text-font-weight );\">\u00a9<\/span><span style=\"color: var( --e-global-color-text ); font-family: var( --e-global-typography-text-font-family ), Sans-serif; font-size: var( --e-global-typography-text-font-size ); font-weight: var( --e-global-typography-text-font-weight );\">Br\u00fccke zu Israel<\/span><\/p>\t\t\t\t\t\t\t\t<\/div>\n\t\t\t\t<\/div>\n\t\t\t\t\t<\/div>\n\t\t<\/div>\n\t\t\t\t\t<\/div>\n\t\t<\/section>\n\t\t\t\t<\/div>\n\t\t","protected":false},"excerpt":{"rendered":"<p>Verantwortlich f\u00fcr den Inhalt der Seiten Br\u00fccke zu IsraelStadlerstra\u00dfe 55Postfach 308406 Winterthur VorstandTsion Alemayehu, Raphael Schaffner Handelsreg. Nr. CHE-102.829576 WebsiteKonzept, Layout und Umsetzung:\u00a0Bumblebee Media, Chemnitz\u00a0 CopyrightDas Copyright f\u00fcr s\u00e4mtliche Inhalte dieser Website liegt bei Br\u00fccke zu Israel, Winterthur, Schweiz BildnachweisBilder auf der Startseite (Slideshow):\u00a0\u00a9Bumblebee Media, Chemnitz Alle anderen Bilder:\u00a0\u00a9Br\u00fccke zu Israel<\/p>\n","protected":false},"author":1,"featured_media":0,"parent":14,"menu_order":3,"comment_status":"closed","ping_status":"closed","template":"","meta":{"footnotes":""},"class_list":["post-86","page","type-page","status-publish","hentry"],"yoast_head":"<!-- This site is optimized with the Yoast SEO plugin v27.6 - https:\/\/yoast.com\/product\/yoast-seo-wordpress\/ -->\n<title>Impressum &#8211; Br\u00fccke zu Israel<\/title>\n<meta name=\"robots\" content=\"index, follow, max-snippet:-1, max-image-preview:large, max-video-preview:-1\" \/>\n<link rel=\"canonical\" href=\"https:\/\/www.brueckezuisrael.org\/israel\/kontakt\/impressum\/\" \/>\n<meta property=\"og:locale\" content=\"de_DE\" \/>\n<meta property=\"og:type\" content=\"article\" \/>\n<meta property=\"og:title\" content=\"Impressum &#8211; Br\u00fccke zu Israel\" \/>\n<meta property=\"og:description\" content=\"Verantwortlich f\u00fcr den Inhalt der Seiten Br\u00fccke zu IsraelStadlerstra\u00dfe 55Postfach 308406 Winterthur VorstandTsion Alemayehu, Raphael Schaffner Handelsreg. Nr. CHE-102.829576 WebsiteKonzept, Layout und Umsetzung:\u00a0Bumblebee Media, Chemnitz\u00a0 CopyrightDas Copyright f\u00fcr s\u00e4mtliche Inhalte dieser Website liegt bei Br\u00fccke zu Israel, Winterthur, Schweiz BildnachweisBilder auf der Startseite (Slideshow):\u00a0\u00a9Bumblebee Media, Chemnitz Alle anderen Bilder:\u00a0\u00a9Br\u00fccke zu Israel\" \/>\n<meta property=\"og:url\" content=\"https:\/\/www.brueckezuisrael.org\/israel\/kontakt\/impressum\/\" \/>\n<meta property=\"og:site_name\" content=\"Br\u00fccke zu Israel\" \/>\n<meta property=\"article:modified_time\" content=\"2026-01-16T08:46:42+00:00\" \/>\n<meta property=\"og:image\" content=\"https:\/\/www.brueckezuisrael.org\/israel\/wp-content\/uploads\/sites\/4\/2023\/02\/bruecke_israel-favicon.png\" \/>\n\t<meta property=\"og:image:width\" content=\"512\" \/>\n\t<meta property=\"og:image:height\" content=\"512\" \/>\n\t<meta property=\"og:image:type\" content=\"image\/png\" \/>\n<meta name=\"twitter:card\" content=\"summary_large_image\" \/>\n<meta name=\"twitter:label1\" content=\"Gesch\u00e4tzte Lesezeit\" \/>\n\t<meta name=\"twitter:data1\" content=\"1\u00a0Minute\" \/>\n<script type=\"application\/ld+json\" class=\"yoast-schema-graph\">{\"@context\":\"https:\\\/\\\/schema.org\",\"@graph\":[{\"@type\":\"WebPage\",\"@id\":\"https:\\\/\\\/www.brueckezuisrael.org\\\/israel\\\/kontakt\\\/impressum\\\/\",\"url\":\"https:\\\/\\\/www.brueckezuisrael.org\\\/israel\\\/kontakt\\\/impressum\\\/\",\"name\":\"Impressum &#8211; Br\u00fccke zu Israel\",\"isPartOf\":{\"@id\":\"https:\\\/\\\/www.brueckezuisrael.org\\\/israel\\\/#website\"},\"datePublished\":\"2023-02-26T15:19:54+00:00\",\"dateModified\":\"2026-01-16T08:46:42+00:00\",\"breadcrumb\":{\"@id\":\"https:\\\/\\\/www.brueckezuisrael.org\\\/israel\\\/kontakt\\\/impressum\\\/#breadcrumb\"},\"inLanguage\":\"de\",\"potentialAction\":[{\"@type\":\"ReadAction\",\"target\":[\"https:\\\/\\\/www.brueckezuisrael.org\\\/israel\\\/kontakt\\\/impressum\\\/\"]}]},{\"@type\":\"BreadcrumbList\",\"@id\":\"https:\\\/\\\/www.brueckezuisrael.org\\\/israel\\\/kontakt\\\/impressum\\\/#breadcrumb\",\"itemListElement\":[{\"@type\":\"ListItem\",\"position\":1,\"name\":\"Home\",\"item\":\"https:\\\/\\\/www.brueckezuisrael.org\\\/israel\\\/\"},{\"@type\":\"ListItem\",\"position\":2,\"name\":\"Kontakt\",\"item\":\"https:\\\/\\\/www.brueckezuisrael.org\\\/israel\\\/kontakt\\\/\"},{\"@type\":\"ListItem\",\"position\":3,\"name\":\"Impressum\"}]},{\"@type\":\"WebSite\",\"@id\":\"https:\\\/\\\/www.brueckezuisrael.org\\\/israel\\\/#website\",\"url\":\"https:\\\/\\\/www.brueckezuisrael.org\\\/israel\\\/\",\"name\":\"Br\u00fccke zu Israel\",\"description\":\"Motivieren von Menschen zu einer Israel-freundlichen Gesinnung und Unterst\u00fctzung von hilfsbed\u00fcrftigen Menschen in Israel\",\"publisher\":{\"@id\":\"https:\\\/\\\/www.brueckezuisrael.org\\\/israel\\\/#organization\"},\"potentialAction\":[{\"@type\":\"SearchAction\",\"target\":{\"@type\":\"EntryPoint\",\"urlTemplate\":\"https:\\\/\\\/www.brueckezuisrael.org\\\/israel\\\/?s={search_term_string}\"},\"query-input\":{\"@type\":\"PropertyValueSpecification\",\"valueRequired\":true,\"valueName\":\"search_term_string\"}}],\"inLanguage\":\"de\"},{\"@type\":\"Organization\",\"@id\":\"https:\\\/\\\/www.brueckezuisrael.org\\\/israel\\\/#organization\",\"name\":\"Hilfswerk Br\u00fccke zu Israel\",\"alternateName\":\"Br\u00fccke zu Israel\",\"url\":\"https:\\\/\\\/www.brueckezuisrael.org\\\/israel\\\/\",\"logo\":{\"@type\":\"ImageObject\",\"inLanguage\":\"de\",\"@id\":\"https:\\\/\\\/www.brueckezuisrael.org\\\/israel\\\/#\\\/schema\\\/logo\\\/image\\\/\",\"url\":\"https:\\\/\\\/dev1.websketches.net\\\/israel\\\/wp-content\\\/uploads\\\/sites\\\/4\\\/2023\\\/02\\\/bruecke_israel-favicon.png\",\"contentUrl\":\"https:\\\/\\\/dev1.websketches.net\\\/israel\\\/wp-content\\\/uploads\\\/sites\\\/4\\\/2023\\\/02\\\/bruecke_israel-favicon.png\",\"width\":512,\"height\":512,\"caption\":\"Hilfswerk Br\u00fccke zu Israel\"},\"image\":{\"@id\":\"https:\\\/\\\/www.brueckezuisrael.org\\\/israel\\\/#\\\/schema\\\/logo\\\/image\\\/\"}}]}<\/script>\n<!-- \/ Yoast SEO plugin. -->","yoast_head_json":{"title":"Impressum &#8211; Br\u00fccke zu Israel","robots":{"index":"index","follow":"follow","max-snippet":"max-snippet:-1","max-image-preview":"max-image-preview:large","max-video-preview":"max-video-preview:-1"},"canonical":"https:\/\/www.brueckezuisrael.org\/israel\/kontakt\/impressum\/","og_locale":"de_DE","og_type":"article","og_title":"Impressum &#8211; Br\u00fccke zu Israel","og_description":"Verantwortlich f\u00fcr den Inhalt der Seiten Br\u00fccke zu IsraelStadlerstra\u00dfe 55Postfach 308406 Winterthur VorstandTsion Alemayehu, Raphael Schaffner Handelsreg. Nr. CHE-102.829576 WebsiteKonzept, Layout und Umsetzung:\u00a0Bumblebee Media, Chemnitz\u00a0 CopyrightDas Copyright f\u00fcr s\u00e4mtliche Inhalte dieser Website liegt bei Br\u00fccke zu Israel, Winterthur, Schweiz BildnachweisBilder auf der Startseite (Slideshow):\u00a0\u00a9Bumblebee Media, Chemnitz Alle anderen Bilder:\u00a0\u00a9Br\u00fccke zu Israel","og_url":"https:\/\/www.brueckezuisrael.org\/israel\/kontakt\/impressum\/","og_site_name":"Br\u00fccke zu Israel","article_modified_time":"2026-01-16T08:46:42+00:00","og_image":[{"width":512,"height":512,"url":"https:\/\/www.brueckezuisrael.org\/israel\/wp-content\/uploads\/sites\/4\/2023\/02\/bruecke_israel-favicon.png","type":"image\/png"}],"twitter_card":"summary_large_image","twitter_misc":{"Gesch\u00e4tzte Lesezeit":"1\u00a0Minute"},"schema":{"@context":"https:\/\/schema.org","@graph":[{"@type":"WebPage","@id":"https:\/\/www.brueckezuisrael.org\/israel\/kontakt\/impressum\/","url":"https:\/\/www.brueckezuisrael.org\/israel\/kontakt\/impressum\/","name":"Impressum &#8211; Br\u00fccke zu Israel","isPartOf":{"@id":"https:\/\/www.brueckezuisrael.org\/israel\/#website"},"datePublished":"2023-02-26T15:19:54+00:00","dateModified":"2026-01-16T08:46:42+00:00","breadcrumb":{"@id":"https:\/\/www.brueckezuisrael.org\/israel\/kontakt\/impressum\/#breadcrumb"},"inLanguage":"de","potentialAction":[{"@type":"ReadAction","target":["https:\/\/www.brueckezuisrael.org\/israel\/kontakt\/impressum\/"]}]},{"@type":"BreadcrumbList","@id":"https:\/\/www.brueckezuisrael.org\/israel\/kontakt\/impressum\/#breadcrumb","itemListElement":[{"@type":"ListItem","position":1,"name":"Home","item":"https:\/\/www.brueckezuisrael.org\/israel\/"},{"@type":"ListItem","position":2,"name":"Kontakt","item":"https:\/\/www.brueckezuisrael.org\/israel\/kontakt\/"},{"@type":"ListItem","position":3,"name":"Impressum"}]},{"@type":"WebSite","@id":"https:\/\/www.brueckezuisrael.org\/israel\/#website","url":"https:\/\/www.brueckezuisrael.org\/israel\/","name":"Br\u00fccke zu Israel","description":"Motivieren von Menschen zu einer Israel-freundlichen Gesinnung und Unterst\u00fctzung von hilfsbed\u00fcrftigen Menschen in Israel","publisher":{"@id":"https:\/\/www.brueckezuisrael.org\/israel\/#organization"},"potentialAction":[{"@type":"SearchAction","target":{"@type":"EntryPoint","urlTemplate":"https:\/\/www.brueckezuisrael.org\/israel\/?s={search_term_string}"},"query-input":{"@type":"PropertyValueSpecification","valueRequired":true,"valueName":"search_term_string"}}],"inLanguage":"de"},{"@type":"Organization","@id":"https:\/\/www.brueckezuisrael.org\/israel\/#organization","name":"Hilfswerk Br\u00fccke zu Israel","alternateName":"Br\u00fccke zu Israel","url":"https:\/\/www.brueckezuisrael.org\/israel\/","logo":{"@type":"ImageObject","inLanguage":"de","@id":"https:\/\/www.brueckezuisrael.org\/israel\/#\/schema\/logo\/image\/","url":"https:\/\/dev1.websketches.net\/israel\/wp-content\/uploads\/sites\/4\/2023\/02\/bruecke_israel-favicon.png","contentUrl":"https:\/\/dev1.websketches.net\/israel\/wp-content\/uploads\/sites\/4\/2023\/02\/bruecke_israel-favicon.png","width":512,"height":512,"caption":"Hilfswerk Br\u00fccke zu Israel"},"image":{"@id":"https:\/\/www.brueckezuisrael.org\/israel\/#\/schema\/logo\/image\/"}}]}},"_links":{"self":[{"href":"https:\/\/www.brueckezuisrael.org\/israel\/wp-json\/wp\/v2\/pages\/86","targetHints":{"allow":["GET"]}}],"collection":[{"href":"https:\/\/www.brueckezuisrael.org\/israel\/wp-json\/wp\/v2\/pages"}],"about":[{"href":"https:\/\/www.brueckezuisrael.org\/israel\/wp-json\/wp\/v2\/types\/page"}],"author":[{"embeddable":true,"href":"https:\/\/www.brueckezuisrael.org\/israel\/wp-json\/wp\/v2\/users\/1"}],"replies":[{"embeddable":true,"href":"https:\/\/www.brueckezuisrael.org\/israel\/wp-json\/wp\/v2\/comments?post=86"}],"version-history":[{"count":29,"href":"https:\/\/www.brueckezuisrael.org\/israel\/wp-json\/wp\/v2\/pages\/86\/revisions"}],"predecessor-version":[{"id":1215,"href":"https:\/\/www.brueckezuisrael.org\/israel\/wp-json\/wp\/v2\/pages\/86\/revisions\/1215"}],"up":[{"embeddable":true,"href":"https:\/\/www.brueckezuisrael.org\/israel\/wp-json\/wp\/v2\/pages\/14"}],"wp:attachment":[{"href":"https:\/\/www.brueckezuisrael.org\/israel\/wp-json\/wp\/v2\/media?parent=86"}],"curies":[{"name":"wp","href":"https:\/\/api.w.org\/{rel}","templated":true}]}}